{"id":1370,"date":"2019-04-04T10:11:04","date_gmt":"2019-04-04T13:11:04","guid":{"rendered":"https:\/\/inscastelli-cha.infd.edu.ar\/sitio\/?page_id=1370"},"modified":"2026-03-30T10:46:41","modified_gmt":"2026-03-30T13:46:41","slug":"profesorado-de-educacion-superior-en-musica","status":"publish","type":"page","link":"https:\/\/inscastelli-cha.infd.edu.ar\/sitio\/profesorado-de-educacion-superior-en-musica\/","title":{"rendered":"Profesorado de Educaci\u00f3n Superior en M\u00fasica"},"content":{"rendered":"<h4 style=\"text-align: center;\"><span style=\"color: #000080;\"><strong><img decoding=\"async\" loading=\"lazy\" class=\"wp-image-1406 alignnone\" src=\"https:\/\/inscastelli-cha.infd.edu.ar\/sitio\/wp-content\/uploads\/2019\/04\/portadaaa-1000x325.jpg\" alt=\"\" width=\"792\" height=\"257\" srcset=\"https:\/\/inscastelli-cha.infd.edu.ar\/sitio\/wp-content\/uploads\/2019\/04\/portadaaa-1000x325.jpg 1000w, https:\/\/inscastelli-cha.infd.edu.ar\/sitio\/wp-content\/uploads\/2019\/04\/portadaaa-768x249.jpg 768w, https:\/\/inscastelli-cha.infd.edu.ar\/sitio\/wp-content\/uploads\/2019\/04\/portadaaa.jpg 1475w\" sizes=\"(max-width: 792px) 100vw, 792px\" \/><\/strong><\/span><\/h4>\n<h5 style=\"text-align: center;\"><a href=\"https:\/\/www.facebook.com\/reel\/1133571154848581\" target=\"_blank\" rel=\"noopener\">\u00bfPor qu\u00e9 estudiar el profesorado de M\u00fasica?<\/a><\/h5>\n<h3 style=\"text-align: center;\"><a href=\"https:\/\/inscastelli-cha.infd.edu.ar\/sitio\/wp-content\/uploads\/2019\/07\/PE-M\u00daSICA-PLAN-DE-ESTUDIOS.pdf\">PLAN DE ESTUDIO<\/a><\/h3>\n<h4 style=\"text-align: center;\"><strong>Cursado del Taller Proped\u00e9utico 2026: inicia 06 de Abril<\/strong><\/h4>\n<p style=\"text-align: center;\">\n<h4 style=\"text-align: center;\"><a href=\"https:\/\/drive.google.com\/file\/d\/1yp823HT5o4Z5QuhbeLj0SRTCGbuQGwaa\/view?usp=sharing\" target=\"_blank\" rel=\"noopener\">CUADERNILO\/CARTILLA PROPED\u00c9UTICO 2026<\/a><\/h4>\n<p style=\"text-align: center;\">\n","protected":false},"excerpt":{"rendered":"<p>\u00bfPor qu\u00e9 estudiar el profesorado de M\u00fasica? PLAN DE ESTUDIO Cursado del Taller Proped\u00e9utico 2026: inicia 06 de Abril CUADERNILO\/CARTILLA PROPED\u00c9UTICO 2026<\/p>\n","protected":false},"author":346,"featured_media":0,"parent":0,"menu_order":0,"comment_status":"closed","ping_status":"closed","template":"","meta":[],"acf":[],"_links":{"self":[{"href":"https:\/\/inscastelli-cha.infd.edu.ar\/sitio\/wp-json\/wp\/v2\/pages\/1370"}],"collection":[{"href":"https:\/\/inscastelli-cha.infd.edu.ar\/sitio\/wp-json\/wp\/v2\/pages"}],"about":[{"href":"https:\/\/inscastelli-cha.infd.edu.ar\/sitio\/wp-json\/wp\/v2\/types\/page"}],"author":[{"embeddable":true,"href":"https:\/\/inscastelli-cha.infd.edu.ar\/sitio\/wp-json\/wp\/v2\/users\/346"}],"replies":[{"embeddable":true,"href":"https:\/\/inscastelli-cha.infd.edu.ar\/sitio\/wp-json\/wp\/v2\/comments?post=1370"}],"version-history":[{"count":28,"href":"https:\/\/inscastelli-cha.infd.edu.ar\/sitio\/wp-json\/wp\/v2\/pages\/1370\/revisions"}],"predecessor-version":[{"id":5239,"href":"https:\/\/inscastelli-cha.infd.edu.ar\/sitio\/wp-json\/wp\/v2\/pages\/1370\/revisions\/5239"}],"wp:attachment":[{"href":"https:\/\/inscastelli-cha.infd.edu.ar\/sitio\/wp-json\/wp\/v2\/media?parent=1370"}],"curies":[{"name":"wp","href":"https:\/\/api.w.org\/{rel}","templated":true}]}}