{"id":1896,"date":"2024-12-17T11:28:30","date_gmt":"2024-12-17T14:28:30","guid":{"rendered":"https:\/\/inscastelli-cha.infd.edu.ar\/sitio\/?page_id=1896"},"modified":"2025-05-10T18:38:00","modified_gmt":"2025-05-10T21:38:00","slug":"tecnicatura-superior-en-diseno-grafico-y-digital","status":"publish","type":"page","link":"https:\/\/inscastelli-cha.infd.edu.ar\/sitio\/tecnicatura-superior-en-diseno-grafico-y-digital\/","title":{"rendered":"Tecnicatura superior en Dise\u00f1o Gr\u00e1fico y Digital"},"content":{"rendered":"<h3 style=\"text-align: center;\">TECNICATURA SUPERIOR EN DISE\u00d1O GR\u00c1FICO Y DIGITAL<\/h3>\n<h3 style=\"text-align: center;\">DURACI\u00d3N 3 A\u00d1OS-TURNO NOCHE<\/h3>\n<p><img decoding=\"async\" loading=\"lazy\" class=\" wp-image-4762 aligncenter\" src=\"https:\/\/inscastelli-cha.infd.edu.ar\/sitio\/wp-content\/uploads\/2024\/12\/DISENO.jpg\" alt=\"\" width=\"259\" height=\"259\" \/><\/p>\n<p>&nbsp;<\/p>\n<p style=\"text-align: center;\"><a href=\"https:\/\/inscastelli-cha.infd.edu.ar\/sitio\/wp-content\/uploads\/2024\/12\/ESTRUCTURA-DISENO.pdf\" target=\"_blank\" rel=\"noopener\">ESTRUCTURA CURRICULAR<\/a><br \/>R\u00c9GIMEN DE CORRELATIVIDADES<\/p>\n<hr \/>\n<p>CURSO PROPED\u00c9UTICO 2025: Inicio 21 Abril\u00a0<br \/><a href=\"https:\/\/drive.google.com\/file\/d\/16SEhvgvMpSMnn03aPGvxao6SvCn-Tglh\/view?usp=sharing\" target=\"_blank\" rel=\"noopener\">CUADERNILLO \u2013 CURSO PROPED\u00c9UTICO<\/a><br \/>\u00a0<\/p>\n<p>REQUISITOS DE APROBACI\u00d3N DEL TALLER PROP\u00c9DEUTICO<\/p>\n<p>El cursante debe poseer el 50% de asistencia con el 100% de los trabajos presentados.<\/p>\n<h6><a href=\"https:\/\/drive.google.com\/file\/d\/1wu6nvjf9N1T8IBSWuriUnynyQM3wpXJU\/view?usp=sharing\" target=\"_blank\" rel=\"noopener\">DISE\u00d1O CURRICULAR\u00a0 DE LA TECNICATURA\u00a0 SUPERIOR EN DISE\u00d1O GR\u00c1FICO Y DIGITAL.<\/a><\/h6>\n<p>&nbsp;<\/p>\n","protected":false},"excerpt":{"rendered":"<p>TECNICATURA SUPERIOR EN DISE\u00d1O GR\u00c1FICO Y DIGITAL DURACI\u00d3N 3 A\u00d1OS-TURNO NOCHE &nbsp; ESTRUCTURA CURRICULARR\u00c9GIMEN DE CORRELATIVIDADES CURSO PROPED\u00c9UTICO 2025: Inicio 21 Abril\u00a0CUADERNILLO \u2013 CURSO PROPED\u00c9UTICO\u00a0 REQUISITOS DE APROBACI\u00d3N DEL TALLER PROP\u00c9DEUTICO El cursante debe poseer el 50% de asistencia con el 100% de los trabajos presentados. DISE\u00d1O CURRICULAR\u00a0 DE LA TECNICATURA\u00a0 SUPERIOR EN DISE\u00d1O GR\u00c1FICO &#8230; <a title=\"Tecnicatura superior en Dise\u00f1o Gr\u00e1fico y Digital\" class=\"read-more\" href=\"https:\/\/inscastelli-cha.infd.edu.ar\/sitio\/tecnicatura-superior-en-diseno-grafico-y-digital\/\" aria-label=\"More on Tecnicatura superior en Dise\u00f1o Gr\u00e1fico y Digital\">[+]<\/a><\/p>\n","protected":false},"author":3582,"featured_media":0,"parent":0,"menu_order":0,"comment_status":"closed","ping_status":"closed","template":"","meta":[],"acf":[],"_links":{"self":[{"href":"https:\/\/inscastelli-cha.infd.edu.ar\/sitio\/wp-json\/wp\/v2\/pages\/1896"}],"collection":[{"href":"https:\/\/inscastelli-cha.infd.edu.ar\/sitio\/wp-json\/wp\/v2\/pages"}],"about":[{"href":"https:\/\/inscastelli-cha.infd.edu.ar\/sitio\/wp-json\/wp\/v2\/types\/page"}],"author":[{"embeddable":true,"href":"https:\/\/inscastelli-cha.infd.edu.ar\/sitio\/wp-json\/wp\/v2\/users\/3582"}],"replies":[{"embeddable":true,"href":"https:\/\/inscastelli-cha.infd.edu.ar\/sitio\/wp-json\/wp\/v2\/comments?post=1896"}],"version-history":[{"count":17,"href":"https:\/\/inscastelli-cha.infd.edu.ar\/sitio\/wp-json\/wp\/v2\/pages\/1896\/revisions"}],"predecessor-version":[{"id":4992,"href":"https:\/\/inscastelli-cha.infd.edu.ar\/sitio\/wp-json\/wp\/v2\/pages\/1896\/revisions\/4992"}],"wp:attachment":[{"href":"https:\/\/inscastelli-cha.infd.edu.ar\/sitio\/wp-json\/wp\/v2\/media?parent=1896"}],"curies":[{"name":"wp","href":"https:\/\/api.w.org\/{rel}","templated":true}]}}