{"id":1923,"date":"2020-02-27T12:39:28","date_gmt":"2020-02-27T15:39:28","guid":{"rendered":"https:\/\/inscastelli-cha.infd.edu.ar\/sitio\/?page_id=1923"},"modified":"2021-11-03T11:08:35","modified_gmt":"2021-11-03T14:08:35","slug":"programa-de-estudio-del-profesorado-de-educacion-superior-en-matematica","status":"publish","type":"page","link":"https:\/\/inscastelli-cha.infd.edu.ar\/sitio\/programa-de-estudio-del-profesorado-de-educacion-superior-en-matematica\/","title":{"rendered":"Programa de Estudio del Profesorado para la Educaci\u00f3n Secundaria en Matem\u00e1tica"},"content":{"rendered":"<h5><\/h5>\n<h5><strong><span style=\"color: #800080;\">Hacer clic en cada materia para descargar los programas<\/span><\/strong><\/h5>\n<h2><span style=\"color: #000080;\">Primer A\u00f1o<\/span><\/h2>\n<p><strong>Campo de la Formaci\u00f3n General\u00a0 \u00a0 \u00a0 \u00a0 \u00a0 \u00a0 \u00a0 \u00a0 \u00a0 \u00a0 \u00a0 \u00a0 \u00a0 \u00a0 \u00a0 \u00a0 \u00a0<\/strong><\/p>\n<ul>\n<li><a href=\"https:\/\/inscastelli-cha.infd.edu.ar\/sitio\/wp-content\/uploads\/2021\/11\/Programa-PEDAGOGIA2021.pdf\">Pedagog\u00eda<\/a><\/li>\n<li><a href=\"https:\/\/inscastelli-cha.infd.edu.ar\/sitio\/wp-content\/uploads\/2021\/11\/PROGR_-ALF-ACAD_MATEMATICAS.pdf\">Alfabetizaci\u00f3n Acad\u00e9mica<\/a><\/li>\n<li><a href=\"https:\/\/inscastelli-cha.infd.edu.ar\/sitio\/wp-content\/uploads\/2021\/11\/Programa-Didactica-General-Prof.-Matematicas.pdf\">Did\u00e1ctica General<\/a><\/li>\n<\/ul>\n<p><strong>Campo de la Formaci\u00f3n Espec\u00edfica<\/strong><\/p>\n<ul>\n<li><a href=\"https:\/\/inscastelli-cha.infd.edu.ar\/sitio\/wp-content\/uploads\/2021\/11\/Algebra-I.pdf\">\u00c1lgebra I<\/a><\/li>\n<li><a href=\"https:\/\/inscastelli-cha.infd.edu.ar\/sitio\/wp-content\/uploads\/2021\/11\/PROGRAMA-DE-Geometria-I.pdf\">Geometr\u00eda I<\/a><\/li>\n<li><a href=\"https:\/\/inscastelli-cha.infd.edu.ar\/sitio\/wp-content\/uploads\/2021\/11\/Programa-de-Historia-de-la-Matematica.pdf\">Historia de la Matem\u00e1tica<\/a><\/li>\n<li><a href=\"https:\/\/inscastelli-cha.infd.edu.ar\/sitio\/wp-content\/uploads\/2021\/11\/sujeto-de-la-Educ.-Secundaria-PROGRAMA-2021-.pdf\">Sujetos de la Educaci\u00f3n Secundaria<\/a><\/li>\n<\/ul>\n<p><strong>Campo de la Formaci\u00f3n en la Pr\u00e1ctica Profesional<\/strong><\/p>\n<ul>\n<li><a href=\"https:\/\/inscastelli-cha.infd.edu.ar\/sitio\/wp-content\/uploads\/2021\/11\/Programa-PRACTICA-DOCENTE-I-MATEMATICAS.pdf\">Pr\u00e1ctica Docente I<\/a><\/li>\n<\/ul>\n<h2><span style=\"color: #000080;\">Segundo A\u00f1o<\/span><\/h2>\n<p><strong>Campo de la Formaci\u00f3n General<\/strong><\/p>\n<ul>\n<li><a href=\"https:\/\/inscastelli-cha.infd.edu.ar\/sitio\/wp-content\/uploads\/2021\/11\/Programa-de-TIC-en-Educacion-2021.pdf\">Tecnolog\u00eda de la Informaci\u00f3n y de la Comunicaci\u00f3n en Educaci\u00f3n<\/a><\/li>\n<li><a href=\"https:\/\/inscastelli-cha.infd.edu.ar\/sitio\/wp-content\/uploads\/2021\/11\/CULTURA-y-LENGUA-ORIGINARIA.-PROGRAMA.pdf\">Cultura y Lengua Originaria<\/a><\/li>\n<\/ul>\n<p><strong>Campo de la Formaci\u00f3n Espec\u00edfica<\/strong><\/p>\n<ul>\n<li><a href=\"https:\/\/inscastelli-cha.infd.edu.ar\/sitio\/wp-content\/uploads\/2021\/11\/Geometria-II.pdf\">Geometr\u00eda II<\/a><\/li>\n<li><a href=\"https:\/\/inscastelli-cha.infd.edu.ar\/sitio\/wp-content\/uploads\/2021\/11\/PROGRAMA-Didactica-de-la-Matematica-I.-2021.pdf\">Did\u00e1ctica de la Matem\u00e1tica I<\/a><\/li>\n<\/ul>\n<p><strong>Campo de la Formaci\u00f3n en la Pr\u00e1ctica Profesional<\/strong><\/p>\n<ul>\n<li><a href=\"https:\/\/inscastelli-cha.infd.edu.ar\/sitio\/wp-content\/uploads\/2021\/11\/programa-PRACTICA-DOCENTE-II.pdf\">Pr\u00e1ctica Docente II<\/a><\/li>\n<\/ul>\n<h2><span style=\"color: #000080;\">Tercer A\u00f1o<\/span><\/h2>\n<p><strong>Campo de la Formaci\u00f3n General<\/strong><\/p>\n<ul>\n<li><a href=\"https:\/\/inscastelli-cha.infd.edu.ar\/sitio\/wp-content\/uploads\/2021\/11\/Programa-de-Sociologia-de-la-Educacion-2021.pdf\">Sociolog\u00eda de la Educaci\u00f3n<\/a><\/li>\n<li><a href=\"https:\/\/inscastelli-cha.infd.edu.ar\/sitio\/wp-content\/uploads\/2021\/11\/Programa-Hist.-y-Politica.-Robertazzi.-2021.pdf\">Historia y Pol\u00edtica de la Educaci\u00f3n Latinoamericana, Argentina y Chaque\u00f1a<\/a><\/li>\n<\/ul>\n<p><strong>Campo de la Formaci\u00f3n Espec\u00edfica<\/strong><\/p>\n<ul>\n<li><a href=\"https:\/\/inscastelli-cha.infd.edu.ar\/sitio\/wp-content\/uploads\/2021\/11\/Programa-ANALISIS-MATEMATICO-II-2021.pdf\">An\u00e1lisis Matem\u00e1tico II<\/a><\/li>\n<li><a href=\"https:\/\/inscastelli-cha.infd.edu.ar\/sitio\/wp-content\/uploads\/2021\/11\/Probabilidad-y-Estadistica.pdf\">Probabilidades y Estad\u00edsticas<\/a><\/li>\n<li><a href=\"https:\/\/inscastelli-cha.infd.edu.ar\/sitio\/wp-content\/uploads\/2021\/11\/programa-algebra-y-geometria-lll-2020.pdf\">\u00c1lgebra y Geometr\u00eda III<\/a><\/li>\n<li><a href=\"https:\/\/inscastelli-cha.infd.edu.ar\/sitio\/wp-content\/uploads\/2021\/11\/PROGRAMA_-DIDACTICA-DE-LA-MATEMATICA-II_2021_-PROFESORADO-MATEMATICA.pdf\">Did\u00e1ctica de la Matem\u00e1tica II<\/a><\/li>\n<li><a href=\"https:\/\/inscastelli-cha.infd.edu.ar\/sitio\/wp-content\/uploads\/2021\/11\/La-Ensenanza-de-la-Matem.-con-TIC.pdf\">La Ense\u00f1anza de la Matem\u00e1tica con TIC<\/a><\/li>\n<\/ul>\n<p><strong>Campo de la Formaci\u00f3n en la Pr\u00e1ctica Profesional<\/strong><\/p>\n<ul>\n<li><a href=\"https:\/\/inscastelli-cha.infd.edu.ar\/sitio\/wp-content\/uploads\/2021\/11\/PROGRAMA-DE-Practica-III.-2021.pdf\">Pr\u00e1ctica Docente III<\/a><\/li>\n<\/ul>\n<h2><span style=\"color: #000080;\">Cuarto A\u00f1o<\/span><\/h2>\n<p><strong>Campo de la Formaci\u00f3n General<\/strong><\/p>\n<ul>\n<li><a href=\"https:\/\/inscastelli-cha.infd.edu.ar\/sitio\/wp-content\/uploads\/2021\/11\/PROGRAMA-de-Formacion-en-Derechos-Humanos-Etica-y-Ciudadania.ProfMatematica-.pdf\">Formaci\u00f3n en Derechos Humanos, \u00c9tica y Ciudadan\u00eda<\/a><\/li>\n<\/ul>\n<p><strong>Campo de la Formaci\u00f3n Espec\u00edfica<\/strong><\/p>\n<ul>\n<li><a href=\"https:\/\/inscastelli-cha.infd.edu.ar\/sitio\/wp-content\/uploads\/2021\/11\/PROGRAMA-MODELIZACION-MATEMATICA-2021.pdf\">Modelizaci\u00f3n Matem\u00e1tica<\/a><\/li>\n<li><a href=\"https:\/\/inscastelli-cha.infd.edu.ar\/sitio\/wp-content\/uploads\/2021\/11\/ProgramaCurricularFISICA-Gral-2021.pdf\">F\u00edsica General<\/a><\/li>\n<li><a href=\"https:\/\/inscastelli-cha.infd.edu.ar\/sitio\/wp-content\/uploads\/2021\/11\/Planificacion-Matematica-Financiera.pdf\">Matem\u00e1tica Financiera<\/a><\/li>\n<li><a href=\"https:\/\/inscastelli-cha.infd.edu.ar\/sitio\/wp-content\/uploads\/2021\/11\/Planificacion-Metodologia-de-la-Investigacion.pdf\">Metodolog\u00eda de la Investigaci\u00f3n Educativa en Matem\u00e1tica<\/a><\/li>\n<\/ul>\n<p><strong>Campo de la Formaci\u00f3n en la Pr\u00e1ctica Profesional<\/strong><\/p>\n<ul>\n<li><a href=\"https:\/\/inscastelli-cha.infd.edu.ar\/sitio\/wp-content\/uploads\/2021\/11\/PROGRAMA-Residencia-Pedagogica.pdf\">Residencia<\/a><\/li>\n<\/ul>\n","protected":false},"excerpt":{"rendered":"<p>Hacer clic en cada materia para descargar los programas Primer A\u00f1o Campo de la Formaci\u00f3n General\u00a0 \u00a0 \u00a0 \u00a0 \u00a0 \u00a0 \u00a0 \u00a0 \u00a0 \u00a0 \u00a0 \u00a0 \u00a0 \u00a0 \u00a0 \u00a0 \u00a0 Pedagog\u00eda Alfabetizaci\u00f3n Acad\u00e9mica Did\u00e1ctica General Campo de la Formaci\u00f3n Espec\u00edfica \u00c1lgebra I Geometr\u00eda I Historia de la Matem\u00e1tica Sujetos de la Educaci\u00f3n Secundaria &#8230; <a title=\"Programa de Estudio del Profesorado para la Educaci\u00f3n Secundaria en Matem\u00e1tica\" class=\"read-more\" href=\"https:\/\/inscastelli-cha.infd.edu.ar\/sitio\/programa-de-estudio-del-profesorado-de-educacion-superior-en-matematica\/\" aria-label=\"More on Programa de Estudio del Profesorado para la Educaci\u00f3n Secundaria en Matem\u00e1tica\">[+]<\/a><\/p>\n","protected":false},"author":480,"featured_media":0,"parent":0,"menu_order":0,"comment_status":"closed","ping_status":"closed","template":"","meta":[],"acf":[],"_links":{"self":[{"href":"https:\/\/inscastelli-cha.infd.edu.ar\/sitio\/wp-json\/wp\/v2\/pages\/1923"}],"collection":[{"href":"https:\/\/inscastelli-cha.infd.edu.ar\/sitio\/wp-json\/wp\/v2\/pages"}],"about":[{"href":"https:\/\/inscastelli-cha.infd.edu.ar\/sitio\/wp-json\/wp\/v2\/types\/page"}],"author":[{"embeddable":true,"href":"https:\/\/inscastelli-cha.infd.edu.ar\/sitio\/wp-json\/wp\/v2\/users\/480"}],"replies":[{"embeddable":true,"href":"https:\/\/inscastelli-cha.infd.edu.ar\/sitio\/wp-json\/wp\/v2\/comments?post=1923"}],"version-history":[{"count":7,"href":"https:\/\/inscastelli-cha.infd.edu.ar\/sitio\/wp-json\/wp\/v2\/pages\/1923\/revisions"}],"predecessor-version":[{"id":3000,"href":"https:\/\/inscastelli-cha.infd.edu.ar\/sitio\/wp-json\/wp\/v2\/pages\/1923\/revisions\/3000"}],"wp:attachment":[{"href":"https:\/\/inscastelli-cha.infd.edu.ar\/sitio\/wp-json\/wp\/v2\/media?parent=1923"}],"curies":[{"name":"wp","href":"https:\/\/api.w.org\/{rel}","templated":true}]}}