{"id":1939,"date":"2020-02-28T10:18:37","date_gmt":"2020-02-28T13:18:37","guid":{"rendered":"https:\/\/inscastelli-cha.infd.edu.ar\/sitio\/?page_id=1939"},"modified":"2020-02-28T10:18:37","modified_gmt":"2020-02-28T13:18:37","slug":"programa-de-estudio-del-profesorado-para-la-educacion-primaria","status":"publish","type":"page","link":"https:\/\/inscastelli-cha.infd.edu.ar\/sitio\/programa-de-estudio-del-profesorado-para-la-educacion-primaria\/","title":{"rendered":"Programa de Estudio del Profesorado para la Educaci\u00f3n Primaria"},"content":{"rendered":"<h2><span style=\"color: #000080;\">Primer A\u00f1o<\/span><\/h2>\n<p>DE LA FORMACI\u00d3N GENERAL<\/p>\n<ul>\n<li>Pedagog\u00eda<\/li>\n<li>Alfabetizaci\u00f3n Acad\u00e9mica<\/li>\n<li>Did\u00e1ctica General<\/li>\n<li>Psicolog\u00eda Educacional<\/li>\n<\/ul>\n<p>DE LA FORMACI\u00d3N ESPEC\u00cdFICA<\/p>\n<ul>\n<li>Matem\u00e1tica<\/li>\n<li>Lengua<\/li>\n<li>Literatura<\/li>\n<li>Sujetos de la Educaci\u00f3n Primaria<\/li>\n<\/ul>\n<p>DE LA FORMACI\u00d3N EN LA PR\u00c1CTICA PROFESIONAL<\/p>\n<ul>\n<li>Pr\u00e1ctica Docente I<\/li>\n<\/ul>\n<h2><span style=\"color: #000080;\">Segundo A\u00f1o<\/span><\/h2>\n<p>DE LA FORMACI\u00d3N GENERAL<\/p>\n<ul>\n<li>Sociolog\u00eda de la Educaci\u00f3n<\/li>\n<li>Educaci\u00f3n Tecnol\u00f3gica y TIC<\/li>\n<li>Historia Argentina Lationamericana y Chaque\u00f1a<\/li>\n<\/ul>\n<p>DE LA FORMACI\u00d3N ESPEC\u00cdFICA<\/p>\n<ul>\n<li>Ciencias Sociales<\/li>\n<li>Ciencias Naturales<\/li>\n<li>Alfabetizaci\u00f3n Inicial<\/li>\n<li>Lengua y Literatura y su Did\u00e1ctica<\/li>\n<li>Matem\u00e1tica y su Did\u00e1ctica<\/li>\n<\/ul>\n<p>DE LA FORMACI\u00d3N EN LA PR\u00c1CTICA PROFESIONAL<\/p>\n<ul>\n<li>Pr\u00e1ctica Docente<\/li>\n<\/ul>\n<h2><span style=\"color: #000080;\">Tercer A\u00f1o<\/span><\/h2>\n<p>DE LA FORMACI\u00d3N GENERAL<\/p>\n<ul>\n<li>Filosof\u00eda<\/li>\n<li>Historia y Pol\u00edtica de la Educaci\u00f3n Latinoamericana, Argentina y Chaque\u00f1a<\/li>\n<\/ul>\n<p>DE LA FORMACI\u00d3N ESPEC\u00cdFICA<\/p>\n<ul>\n<li>Literatura Infantil y Juvenil<\/li>\n<li>Proyecto Pedag\u00f3gico con TIC<\/li>\n<li>Problem\u00e1tica Contempor\u00e1nea de la Educaci\u00f3n Primaria<\/li>\n<li>Ciencias Naturales y su Did\u00e1ctica<\/li>\n<li>Ciencias Sociales y su Did\u00e1ctica<\/li>\n<li>Educaci\u00f3n Rural<\/li>\n<li>Educaci\u00f3n Intercultural<\/li>\n<li>Lenguajes Expresivos y Juegos<\/li>\n<\/ul>\n<p>DE LA FORMACI\u00d3N EN LA PR\u00c1CTICA PROFESIONAL<\/p>\n<ul>\n<li>Pr\u00e1ctica Docente III<\/li>\n<\/ul>\n<h2><span style=\"color: #000080;\">Cuarto A\u00f1o<\/span><\/h2>\n<p>DE LA FORMACI\u00d3N GENERAL<\/p>\n<ul>\n<li>Cultura y Lenguas Originarias<\/li>\n<li>Formaci\u00f3n en Derechos Humanos \u00c9tica y Ciudadan\u00eda<\/li>\n<li>Lengua Extranjera<\/li>\n<\/ul>\n<p>DE LA FORMACI\u00d3N ESPEC\u00cdFICA<\/p>\n<ul>\n<li>Educaci\u00f3n Inclusiva<\/li>\n<li>Taller Integrador Interdisplinario \u2013 Cs. ESPEC\u00cdFICA Sociales \u2013 Cs. Naturales \u2013 Matem\u00e1tica \u2013Lengua y Literatura.<\/li>\n<li>Educaci\u00f3n Sexual Integral<\/li>\n<\/ul>\n<p>DE LA FORMACI\u00d3N EN LA PR\u00c1CTICA PROFESIONAL<\/p>\n<ul>\n<li>Residencia Pedag\u00f3gica<\/li>\n<\/ul>\n<p>&nbsp;<\/p>\n<p>&nbsp;<\/p>\n","protected":false},"excerpt":{"rendered":"<p>Primer A\u00f1o DE LA FORMACI\u00d3N GENERAL Pedagog\u00eda Alfabetizaci\u00f3n Acad\u00e9mica Did\u00e1ctica General Psicolog\u00eda Educacional DE LA FORMACI\u00d3N ESPEC\u00cdFICA Matem\u00e1tica Lengua Literatura Sujetos de la Educaci\u00f3n Primaria DE LA FORMACI\u00d3N EN LA PR\u00c1CTICA PROFESIONAL Pr\u00e1ctica Docente I Segundo A\u00f1o DE LA FORMACI\u00d3N GENERAL Sociolog\u00eda de la Educaci\u00f3n Educaci\u00f3n Tecnol\u00f3gica y TIC Historia Argentina Lationamericana y Chaque\u00f1a DE &#8230; <a title=\"Programa de Estudio del Profesorado para la Educaci\u00f3n Primaria\" class=\"read-more\" href=\"https:\/\/inscastelli-cha.infd.edu.ar\/sitio\/programa-de-estudio-del-profesorado-para-la-educacion-primaria\/\" aria-label=\"More on Programa de Estudio del Profesorado para la Educaci\u00f3n Primaria\">[+]<\/a><\/p>\n","protected":false},"author":480,"featured_media":0,"parent":0,"menu_order":0,"comment_status":"closed","ping_status":"closed","template":"","meta":[],"acf":[],"_links":{"self":[{"href":"https:\/\/inscastelli-cha.infd.edu.ar\/sitio\/wp-json\/wp\/v2\/pages\/1939"}],"collection":[{"href":"https:\/\/inscastelli-cha.infd.edu.ar\/sitio\/wp-json\/wp\/v2\/pages"}],"about":[{"href":"https:\/\/inscastelli-cha.infd.edu.ar\/sitio\/wp-json\/wp\/v2\/types\/page"}],"author":[{"embeddable":true,"href":"https:\/\/inscastelli-cha.infd.edu.ar\/sitio\/wp-json\/wp\/v2\/users\/480"}],"replies":[{"embeddable":true,"href":"https:\/\/inscastelli-cha.infd.edu.ar\/sitio\/wp-json\/wp\/v2\/comments?post=1939"}],"version-history":[{"count":1,"href":"https:\/\/inscastelli-cha.infd.edu.ar\/sitio\/wp-json\/wp\/v2\/pages\/1939\/revisions"}],"predecessor-version":[{"id":1941,"href":"https:\/\/inscastelli-cha.infd.edu.ar\/sitio\/wp-json\/wp\/v2\/pages\/1939\/revisions\/1941"}],"wp:attachment":[{"href":"https:\/\/inscastelli-cha.infd.edu.ar\/sitio\/wp-json\/wp\/v2\/media?parent=1939"}],"curies":[{"name":"wp","href":"https:\/\/api.w.org\/{rel}","templated":true}]}}