{"id":1942,"date":"2020-02-28T11:10:39","date_gmt":"2020-02-28T14:10:39","guid":{"rendered":"https:\/\/inscastelli-cha.infd.edu.ar\/sitio\/?page_id=1942"},"modified":"2020-02-28T11:10:39","modified_gmt":"2020-02-28T14:10:39","slug":"programa-de-estudio-del-profesorado-para-la-educacion-inicial","status":"publish","type":"page","link":"https:\/\/inscastelli-cha.infd.edu.ar\/sitio\/programa-de-estudio-del-profesorado-para-la-educacion-inicial\/","title":{"rendered":"Programa de Estudio del Profesorado para la Educaci\u00f3n Inicial"},"content":{"rendered":"<h2><span style=\"color: #000080;\">Primero A\u00f1o<\/span><\/h2>\n<p>DE LA FORMACI\u00d3N GENERAL<\/p>\n<ul>\n<li>Pedagog\u00eda<\/li>\n<li>Alfabetizaci\u00f3n Acad\u00e9mica<\/li>\n<li>Did\u00e1ctica General<\/li>\n<li>Psicolog\u00eda de la Educaci\u00f3n<\/li>\n<\/ul>\n<p>DE LA FORMACI\u00d3N ESPEC\u00cdFICA<\/p>\n<ul>\n<li>Taller de Juegos y Actividades L\u00fadicas<\/li>\n<li>Literatura Infantil<\/li>\n<li>Sujetos de la Educaci\u00f3n Inicial<\/li>\n<li>Educaci\u00f3n Intercultural<\/li>\n<\/ul>\n<p>DE LA FORMACI\u00d3N EN LA PR\u00c1CTICA PROFESIONAL<\/p>\n<ul>\n<li>Pr\u00e1ctica Docente I<\/li>\n<\/ul>\n<h2><span style=\"color: #000080;\">Segundo A\u00f1o<\/span><\/h2>\n<p>DE LA FORMACI\u00d3N GENERAL<\/p>\n<ul>\n<li>Sociolog\u00eda de la Educaci\u00f3n<\/li>\n<li>Educaci\u00f3n Tecnol\u00f3gica y TIC<\/li>\n<li>Historia Argentina, Latinoamericana y Chaque\u00f1a<\/li>\n<\/ul>\n<p>DE LA FORMACI\u00d3N ESPEC\u00cdFICA<\/p>\n<ul>\n<li>Alfabetizaci\u00f3n Temprana<\/li>\n<li>Did\u00e1ctica del Nivel Inicial<\/li>\n<li>Lengua y Literatura y su Did\u00e1ctica<\/li>\n<li>Matem\u00e1tica y su Did\u00e1ctica<\/li>\n<li>Dise\u00f1o y Construcci\u00f3n de Materiales y Objetos L\u00fadicos<\/li>\n<li>Lenguajes Art\u00edsticos y su Did\u00e1ctica<\/li>\n<\/ul>\n<p>DE LA FORMACI\u00d3N EN LA PR\u00c1CTICA PROFESIONAL<\/p>\n<ul>\n<li>Pr\u00e1ctica Docente II<\/li>\n<\/ul>\n<h2><span style=\"color: #000080;\">Tercer A\u00f1o<\/span><\/h2>\n<p>DE LA FORMACI\u00d3N GENERAL<\/p>\n<ul>\n<li>Filosof\u00eda<\/li>\n<li>Historia y Pol\u00edtica de la Educaci\u00f3n Latinoamericana, Argentina y Chaque\u00f1a<\/li>\n<\/ul>\n<p>DE LA FORMACI\u00d3N ESPEC\u00cdFICA<\/p>\n<ul>\n<li>Educaci\u00f3n F\u00edsica<\/li>\n<li>Proyectos Pedag\u00f3gicos con TIC<\/li>\n<li>Problem\u00e1tica Contempor\u00e1nea de la Educaci\u00f3n Primaria<\/li>\n<li>Ciencias Naturales y su Did\u00e1ctica<\/li>\n<li>Ciencias Sociales y su Did\u00e1ctica<\/li>\n<li>Lenguajes Art\u00edsticos y su Did\u00e1ctica:Teatro<\/li>\n<li>Lenguajes Art\u00edsticos y su Did\u00e1ctica: Lenguaje Musical<\/li>\n<li>Lenguajes Art\u00edsticos y su Did\u00e1ctica: Lenguaje Corporal<\/li>\n<\/ul>\n<p>DE LA FORMACI\u00d3N EN LA PR\u00c1CTICA PROFESIONAL<\/p>\n<ul>\n<li>Pr\u00e1ctica Docente III<\/li>\n<\/ul>\n<h2><span style=\"color: #000080;\">Cuarto A\u00f1o<\/span><\/h2>\n<p>DE LA FORMACI\u00d3N GENERAL<\/p>\n<ul>\n<li>Cultura y Lenguas Originarias<\/li>\n<li>Formaci\u00f3n en Derechos Humanos, \u00c9tica y Ciudadan\u00eda<\/li>\n<li>Lengua Extranjera<\/li>\n<\/ul>\n<p>DE LA FORMACI\u00d3N ESPEC\u00cdFICA<\/p>\n<ul>\n<li>Inclusi\u00f3n Educativa<\/li>\n<li>Educaci\u00f3n Sexual Integral<\/li>\n<li>Educaci\u00f3n Rural<\/li>\n<\/ul>\n<p>DE LA FORMACI\u00d3N EN LA PR\u00c1CTICA PROFESIONAL<\/p>\n<ul>\n<li>Residencia Pedag\u00f3gica<\/li>\n<\/ul>\n","protected":false},"excerpt":{"rendered":"<p>Primero A\u00f1o DE LA FORMACI\u00d3N GENERAL Pedagog\u00eda Alfabetizaci\u00f3n Acad\u00e9mica Did\u00e1ctica General Psicolog\u00eda de la Educaci\u00f3n DE LA FORMACI\u00d3N ESPEC\u00cdFICA Taller de Juegos y Actividades L\u00fadicas Literatura Infantil Sujetos de la Educaci\u00f3n Inicial Educaci\u00f3n Intercultural DE LA FORMACI\u00d3N EN LA PR\u00c1CTICA PROFESIONAL Pr\u00e1ctica Docente I Segundo A\u00f1o DE LA FORMACI\u00d3N GENERAL Sociolog\u00eda de la Educaci\u00f3n Educaci\u00f3n &#8230; <a title=\"Programa de Estudio del Profesorado para la Educaci\u00f3n Inicial\" class=\"read-more\" href=\"https:\/\/inscastelli-cha.infd.edu.ar\/sitio\/programa-de-estudio-del-profesorado-para-la-educacion-inicial\/\" aria-label=\"More on Programa de Estudio del Profesorado para la Educaci\u00f3n Inicial\">[+]<\/a><\/p>\n","protected":false},"author":480,"featured_media":0,"parent":0,"menu_order":0,"comment_status":"closed","ping_status":"closed","template":"","meta":[],"acf":[],"_links":{"self":[{"href":"https:\/\/inscastelli-cha.infd.edu.ar\/sitio\/wp-json\/wp\/v2\/pages\/1942"}],"collection":[{"href":"https:\/\/inscastelli-cha.infd.edu.ar\/sitio\/wp-json\/wp\/v2\/pages"}],"about":[{"href":"https:\/\/inscastelli-cha.infd.edu.ar\/sitio\/wp-json\/wp\/v2\/types\/page"}],"author":[{"embeddable":true,"href":"https:\/\/inscastelli-cha.infd.edu.ar\/sitio\/wp-json\/wp\/v2\/users\/480"}],"replies":[{"embeddable":true,"href":"https:\/\/inscastelli-cha.infd.edu.ar\/sitio\/wp-json\/wp\/v2\/comments?post=1942"}],"version-history":[{"count":1,"href":"https:\/\/inscastelli-cha.infd.edu.ar\/sitio\/wp-json\/wp\/v2\/pages\/1942\/revisions"}],"predecessor-version":[{"id":1944,"href":"https:\/\/inscastelli-cha.infd.edu.ar\/sitio\/wp-json\/wp\/v2\/pages\/1942\/revisions\/1944"}],"wp:attachment":[{"href":"https:\/\/inscastelli-cha.infd.edu.ar\/sitio\/wp-json\/wp\/v2\/media?parent=1942"}],"curies":[{"name":"wp","href":"https:\/\/api.w.org\/{rel}","templated":true}]}}