{"id":1945,"date":"2020-02-28T11:52:28","date_gmt":"2020-02-28T14:52:28","guid":{"rendered":"https:\/\/inscastelli-cha.infd.edu.ar\/sitio\/?page_id=1945"},"modified":"2020-02-28T11:57:40","modified_gmt":"2020-02-28T14:57:40","slug":"programa-de-estudio-para-la-educacion-secundaria-en-quimica","status":"publish","type":"page","link":"https:\/\/inscastelli-cha.infd.edu.ar\/sitio\/programa-de-estudio-para-la-educacion-secundaria-en-quimica\/","title":{"rendered":"Programa de Estudio del Profesorado de Educaci\u00f3n Secundaria en Qu\u00edmica"},"content":{"rendered":"<h2><span style=\"color: #000080;\">Primer A\u00f1o<\/span><\/h2>\n<p>DE LA FORMACI\u00d3N GENERAL<\/p>\n<ul>\n<li>Pedagog\u00eda<\/li>\n<li>Alfabetizaci\u00f3n acad\u00e9mica<\/li>\n<li>Did\u00e1ctica General<\/li>\n<\/ul>\n<p>DE LA FORMACI\u00d3N ESPEC\u00cdFICA<\/p>\n<ul>\n<li>Fundamentos de Qu\u00edmica<\/li>\n<li>F\u00edsica I<\/li>\n<li>Matem\u00e1tica y Estad\u00edstica<\/li>\n<li>Sujeto de la Educaci\u00f3n Secundaria<\/li>\n<\/ul>\n<p>DE LA FORMACI\u00d3N EN LA PR\u00c1CTICA PROFESIONAL<\/p>\n<ul>\n<li>Pr\u00e1ctica Docente I<\/li>\n<\/ul>\n<h2><span style=\"color: #000080;\">Segundo A\u00f1o<\/span><\/h2>\n<p>DE LA FORMACI\u00d3N GENERAL<\/p>\n<ul>\n<li>Psicolog\u00eda Educacional<\/li>\n<li>Filosof\u00eda<\/li>\n<li>Tecnolog\u00eda de la Informaci\u00f3n y de la Comunicaci\u00f3n en educaci\u00f3n<\/li>\n<li>Cultura y Lengua Originarias<\/li>\n<\/ul>\n<p>DE LA FORMACI\u00d3N ESPEC\u00cdFICA<\/p>\n<ul>\n<li>Did\u00e1ctica de la Qu\u00edmica<\/li>\n<li>Investigaci\u00f3n del mundo qu\u00edmico<\/li>\n<li>F\u00edsica II<\/li>\n<li>Qu\u00edmica de los Compuestos del Carbono I<\/li>\n<li>Qu\u00edmica Inorg\u00e1nica<\/li>\n<\/ul>\n<p>DE LA FORMACI\u00d3N EN LA PR\u00c1CTICA PROFESIONAL<\/p>\n<ul>\n<li>Pr\u00e1ctica Docente II<\/li>\n<\/ul>\n<h2><span style=\"color: #000080;\">Tercer A\u00f1o<\/span><\/h2>\n<p>DE LA FORMACI\u00d3N GENERAL<\/p>\n<ul>\n<li>Historia y Pol\u00edtica de la Educaci\u00f3n Latinoamericana, Argentina y Chaque\u00f1a<\/li>\n<li>Sociolog\u00eda Educacional<\/li>\n<\/ul>\n<p>DE LA FORMACI\u00d3N ESPEC\u00cdFICA<\/p>\n<ul>\n<li>Qu\u00edmica de los Compuestos del Carbono II<\/li>\n<li>Reacciones Qu\u00edmicas y su Equilibrio<\/li>\n<li>Biolog\u00eda<\/li>\n<li>Laboratorio de Qu\u00edmica<\/li>\n<li>Did\u00e1ctica de la Qu\u00edmica II<\/li>\n<li>La Ense\u00f1anza de la Qu\u00edmica con TIC<\/li>\n<\/ul>\n<p>DE LA FORMACI\u00d3N EN LA PR\u00c1CTICA PROFESIONAL<\/p>\n<ul>\n<li>Pr\u00e1ctica Docente III<\/li>\n<\/ul>\n<h2><span style=\"color: #000080;\">Cuarto A\u00f1o<\/span><\/h2>\n<p>DE LA FORMACI\u00d3N GENERAL<\/p>\n<ul>\n<li>Formaci\u00f3n en Derechos Humanos, \u00c9tica y Ciudadan\u00eda<\/li>\n<\/ul>\n<p>DE LA FORMACI\u00d3N ESPEC\u00cdFICA<\/p>\n<ul>\n<li>El An\u00e1lisis y la S\u00edntesis Qu\u00edmica<\/li>\n<li>Qu\u00edmica Biol\u00f3gica<\/li>\n<li>Qu\u00edmica Ambiental<\/li>\n<li>Did\u00e1ctica de la Qu\u00edmica III<\/li>\n<li>Geoqu\u00edmica<\/li>\n<\/ul>\n<p>DE LA FORMACI\u00d3N EN LA PR\u00c1CTICA PROFESIONAL<\/p>\n<ul>\n<li>Residencia Pedag\u00f3gica<\/li>\n<\/ul>\n","protected":false},"excerpt":{"rendered":"<p>Primer A\u00f1o DE LA FORMACI\u00d3N GENERAL Pedagog\u00eda Alfabetizaci\u00f3n acad\u00e9mica Did\u00e1ctica General DE LA FORMACI\u00d3N ESPEC\u00cdFICA Fundamentos de Qu\u00edmica F\u00edsica I Matem\u00e1tica y Estad\u00edstica Sujeto de la Educaci\u00f3n Secundaria DE LA FORMACI\u00d3N EN LA PR\u00c1CTICA PROFESIONAL Pr\u00e1ctica Docente I Segundo A\u00f1o DE LA FORMACI\u00d3N GENERAL Psicolog\u00eda Educacional Filosof\u00eda Tecnolog\u00eda de la Informaci\u00f3n y de la Comunicaci\u00f3n &#8230; <a title=\"Programa de Estudio del Profesorado de Educaci\u00f3n Secundaria en Qu\u00edmica\" class=\"read-more\" href=\"https:\/\/inscastelli-cha.infd.edu.ar\/sitio\/programa-de-estudio-para-la-educacion-secundaria-en-quimica\/\" aria-label=\"More on Programa de Estudio del Profesorado de Educaci\u00f3n Secundaria en Qu\u00edmica\">[+]<\/a><\/p>\n","protected":false},"author":480,"featured_media":0,"parent":0,"menu_order":0,"comment_status":"closed","ping_status":"closed","template":"","meta":[],"acf":[],"_links":{"self":[{"href":"https:\/\/inscastelli-cha.infd.edu.ar\/sitio\/wp-json\/wp\/v2\/pages\/1945"}],"collection":[{"href":"https:\/\/inscastelli-cha.infd.edu.ar\/sitio\/wp-json\/wp\/v2\/pages"}],"about":[{"href":"https:\/\/inscastelli-cha.infd.edu.ar\/sitio\/wp-json\/wp\/v2\/types\/page"}],"author":[{"embeddable":true,"href":"https:\/\/inscastelli-cha.infd.edu.ar\/sitio\/wp-json\/wp\/v2\/users\/480"}],"replies":[{"embeddable":true,"href":"https:\/\/inscastelli-cha.infd.edu.ar\/sitio\/wp-json\/wp\/v2\/comments?post=1945"}],"version-history":[{"count":3,"href":"https:\/\/inscastelli-cha.infd.edu.ar\/sitio\/wp-json\/wp\/v2\/pages\/1945\/revisions"}],"predecessor-version":[{"id":1949,"href":"https:\/\/inscastelli-cha.infd.edu.ar\/sitio\/wp-json\/wp\/v2\/pages\/1945\/revisions\/1949"}],"wp:attachment":[{"href":"https:\/\/inscastelli-cha.infd.edu.ar\/sitio\/wp-json\/wp\/v2\/media?parent=1945"}],"curies":[{"name":"wp","href":"https:\/\/api.w.org\/{rel}","templated":true}]}}