{"id":1974,"date":"2020-03-02T09:30:55","date_gmt":"2020-03-02T12:30:55","guid":{"rendered":"https:\/\/inscastelli-cha.infd.edu.ar\/sitio\/?page_id=1974"},"modified":"2020-03-02T09:30:55","modified_gmt":"2020-03-02T12:30:55","slug":"programa-de-estudio-del-profesorado-para-la-educacion-superior-en-educacion-fisica","status":"publish","type":"page","link":"https:\/\/inscastelli-cha.infd.edu.ar\/sitio\/programa-de-estudio-del-profesorado-para-la-educacion-superior-en-educacion-fisica\/","title":{"rendered":"Programa de Estudio del Profesorado para la Educaci\u00f3n Superior en Educaci\u00f3n F\u00edsica"},"content":{"rendered":"<h2><span style=\"color: #000080;\">Primer A\u00f1o<\/span><\/h2>\n<p>DE LA FORMACI\u00d3N GENERAL<\/p>\n<ul>\n<li>Pedagog\u00eda<\/li>\n<li>Alfabetizaci\u00f3n Acad\u00e9mica<\/li>\n<li>Did\u00e1ctica General<\/li>\n<\/ul>\n<p>DE LA FORMACI\u00d3N ESPEC\u00cdFICA<\/p>\n<ul>\n<li>La Gimnasia y su Ense\u00f1anza<\/li>\n<li>Los Juegos y su Ense\u00f1anza I<\/li>\n<li>Los Deportes y su Ense\u00f1anza<\/li>\n<li>Anatom\u00eda Funcional<\/li>\n<\/ul>\n<p>DE LA FORMACI\u00d3N EN LA PR\u00c1CTICA PROFESIONAL<\/p>\n<ul>\n<li>Pr\u00e1ctica Docente I<\/li>\n<\/ul>\n<h2><span style=\"color: #000080;\">Segundo A\u00f1o<\/span><\/h2>\n<p>DE LA FORMACI\u00d3N GENERAL<\/p>\n<ul>\n<li>Psicolog\u00eda Educacional<\/li>\n<li>Filosof\u00eda<\/li>\n<li>Pedagog\u00eda de la Informaci\u00f3n y de la Comunicaci\u00f3n en Educaci\u00f3n<\/li>\n<\/ul>\n<p>DE LA FORMACI\u00d3N ESPEC\u00cdFICA<\/p>\n<ul>\n<li>Teor\u00eda y Epistemolog\u00eda de la Educaci\u00f3n F\u00edsica<\/li>\n<li>Psicomotricidad y Fisiolog\u00eda del Ejercicio<\/li>\n<li>Los Deportes y su Did\u00e1ctica I<\/li>\n<li>Pr\u00e1cticas G\u00edmnicas y su Did\u00e1ctica I<\/li>\n<li>Did\u00e1ctica de la Educaci\u00f3n F\u00edsica &#8211; Nivel Inicial y Primario<\/li>\n<\/ul>\n<p>DE LA FORMACI\u00d3N EN LA PR\u00c1CTICA PROFESIONAL<\/p>\n<ul>\n<li>Pr\u00e1ctica Docente II<\/li>\n<\/ul>\n<h2><span style=\"color: #000080;\">Tercer A\u00f1o<\/span><\/h2>\n<p>DE LA FORMACI\u00d3N GENERAL<\/p>\n<ul>\n<li>Psicolog\u00eda de la Educaci\u00f3n<\/li>\n<li>Historia y Pol\u00edtica de la Educaci\u00f3n Latinoamericana, Argentina y Chaque\u00f1a<\/li>\n<\/ul>\n<p>DE LA FORMACI\u00d3N ESPEC\u00cdFICA<\/p>\n<ul>\n<li>Pr\u00e1ctica G\u00edmnica y su Did\u00e1ctica II<\/li>\n<li>Los Deportes y su Did\u00e1ctica II<\/li>\n<li>Pr\u00e1cticas Corporales en el Medio Ambiente<\/li>\n<li>Pr\u00e1cticas Corporales en el Medio Acu\u00e1tico<\/li>\n<li>Los Juegos y su Ense\u00f1anza II<\/li>\n<li>Did\u00e1ctica de la Educaci\u00f3n F\u00edsica &#8211; Nivel Secundario<\/li>\n<\/ul>\n<p>DE LA FORMACI\u00d3N EN LA PR\u00c1CTICA PROFESIONAL<\/p>\n<ul>\n<li>Pr\u00e1ctica Docente III<\/li>\n<\/ul>\n<h2><span style=\"color: #000080;\">Cuarto A\u00f1o<\/span><\/h2>\n<p>DE LA FORMACI\u00d3N GENERAL<\/p>\n<ul>\n<li>Cultura y Lengua Originaria<\/li>\n<li>Formaci\u00f3n en Derechos Humanos, \u00c9tica y Ciudadan\u00eda<\/li>\n<\/ul>\n<p>DE LA FORMACI\u00d3N ESPEC\u00cdFICA<\/p>\n<ul>\n<li>Los Deportes y su Did\u00e1ctica III<\/li>\n<li>Pr\u00e1cticas Corporales en el Medio Ambiente<\/li>\n<li>Educaci\u00f3n F\u00edsica y\u00a0 Diversidad<\/li>\n<li>Los Fundamentos del Entrenamiento<\/li>\n<\/ul>\n<p>DE LA FORMACI\u00d3N EN LA PR\u00c1CTICA PROFESIONAL<\/p>\n<ul>\n<li>Residencia Pedag\u00f3gica I<\/li>\n<\/ul>\n<h2><span style=\"color: #000080;\">Quinto A\u00f1o<\/span><\/h2>\n<p>DE LA FORMACI\u00d3N GENERAL<\/p>\n<ul>\n<li>Psicolog\u00eda de la Formaci\u00f3n<\/li>\n<\/ul>\n<p>DE LA FORMACI\u00d3N ESPEC\u00cdFICA<\/p>\n<ul>\n<li>Did\u00e1ctica de la Educaci\u00f3n F\u00edsica &#8211; Nivel Superior<\/li>\n<li>Gesti\u00f3n y Legislaci\u00f3n en el Campo de la Educaci\u00f3n F\u00edsica<\/li>\n<li>Investigaci\u00f3n\u00a0 en Educaci\u00f3n F\u00edsica<\/li>\n<\/ul>\n<p>DE LA FORMACI\u00d3N EN LA PR\u00c1CTICA PROFESIONAL<\/p>\n<ul>\n<li>Residencia Pedag\u00f3gica II<\/li>\n<\/ul>\n<p>&nbsp;<\/p>\n","protected":false},"excerpt":{"rendered":"<p>Primer A\u00f1o DE LA FORMACI\u00d3N GENERAL Pedagog\u00eda Alfabetizaci\u00f3n Acad\u00e9mica Did\u00e1ctica General DE LA FORMACI\u00d3N ESPEC\u00cdFICA La Gimnasia y su Ense\u00f1anza Los Juegos y su Ense\u00f1anza I Los Deportes y su Ense\u00f1anza Anatom\u00eda Funcional DE LA FORMACI\u00d3N EN LA PR\u00c1CTICA PROFESIONAL Pr\u00e1ctica Docente I Segundo A\u00f1o DE LA FORMACI\u00d3N GENERAL Psicolog\u00eda Educacional Filosof\u00eda Pedagog\u00eda de la &#8230; <a title=\"Programa de Estudio del Profesorado para la Educaci\u00f3n Superior en Educaci\u00f3n F\u00edsica\" class=\"read-more\" href=\"https:\/\/inscastelli-cha.infd.edu.ar\/sitio\/programa-de-estudio-del-profesorado-para-la-educacion-superior-en-educacion-fisica\/\" aria-label=\"More on Programa de Estudio del Profesorado para la Educaci\u00f3n Superior en Educaci\u00f3n F\u00edsica\">[+]<\/a><\/p>\n","protected":false},"author":480,"featured_media":0,"parent":0,"menu_order":0,"comment_status":"closed","ping_status":"closed","template":"","meta":[],"acf":[],"_links":{"self":[{"href":"https:\/\/inscastelli-cha.infd.edu.ar\/sitio\/wp-json\/wp\/v2\/pages\/1974"}],"collection":[{"href":"https:\/\/inscastelli-cha.infd.edu.ar\/sitio\/wp-json\/wp\/v2\/pages"}],"about":[{"href":"https:\/\/inscastelli-cha.infd.edu.ar\/sitio\/wp-json\/wp\/v2\/types\/page"}],"author":[{"embeddable":true,"href":"https:\/\/inscastelli-cha.infd.edu.ar\/sitio\/wp-json\/wp\/v2\/users\/480"}],"replies":[{"embeddable":true,"href":"https:\/\/inscastelli-cha.infd.edu.ar\/sitio\/wp-json\/wp\/v2\/comments?post=1974"}],"version-history":[{"count":1,"href":"https:\/\/inscastelli-cha.infd.edu.ar\/sitio\/wp-json\/wp\/v2\/pages\/1974\/revisions"}],"predecessor-version":[{"id":1976,"href":"https:\/\/inscastelli-cha.infd.edu.ar\/sitio\/wp-json\/wp\/v2\/pages\/1974\/revisions\/1976"}],"wp:attachment":[{"href":"https:\/\/inscastelli-cha.infd.edu.ar\/sitio\/wp-json\/wp\/v2\/media?parent=1974"}],"curies":[{"name":"wp","href":"https:\/\/api.w.org\/{rel}","templated":true}]}}