{"id":1977,"date":"2020-03-02T09:59:13","date_gmt":"2020-03-02T12:59:13","guid":{"rendered":"https:\/\/inscastelli-cha.infd.edu.ar\/sitio\/?page_id=1977"},"modified":"2021-11-11T09:37:50","modified_gmt":"2021-11-11T12:37:50","slug":"programa-de-estudio-del-profesora-de-educacion-especial","status":"publish","type":"page","link":"https:\/\/inscastelli-cha.infd.edu.ar\/sitio\/programa-de-estudio-del-profesora-de-educacion-especial\/","title":{"rendered":"Programa de Estudio del Profesorado de Educaci\u00f3n Especial"},"content":{"rendered":"<h2><span style=\"color: #000080;\">Primero A\u00f1o<\/span><\/h2>\n<p>DE LA FORMACI\u00d3N GENERAL<\/p>\n<ul>\n<li><a href=\"https:\/\/inscastelli-cha.infd.edu.ar\/sitio\/wp-content\/uploads\/2021\/11\/PEDAGOGIA2021.pdf\">Pedagog\u00eda<\/a><\/li>\n<li><a href=\"https:\/\/inscastelli-cha.infd.edu.ar\/sitio\/wp-content\/uploads\/2021\/11\/plan-de-especial-alf.-academica-2021-LISTO-1.pdf\">Alfabetizaci\u00f3n Acad\u00e9mica<\/a><\/li>\n<li><a href=\"https:\/\/inscastelli-cha.infd.edu.ar\/sitio\/wp-content\/uploads\/2021\/11\/PROGRAMA-DE-DIDACTICA-GENERAL-EDUCACION-ESPECIAL-2021-1.pdf\">Did\u00e1ctica General<\/a><\/li>\n<\/ul>\n<p>DE LA FORMACI\u00d3N ESPEC\u00cdFICA<\/p>\n<ul>\n<li><a href=\"https:\/\/inscastelli-cha.infd.edu.ar\/sitio\/wp-content\/uploads\/2021\/11\/PLANIFIC.-DE-NEUROCIENCIA-2021-1.pdf\">Neurociencia y Aprendizaje<\/a><\/li>\n<li><a href=\"https:\/\/inscastelli-cha.infd.edu.ar\/sitio\/wp-content\/uploads\/2021\/11\/Sujeto-de-la-Educacion-Especial.-Prof.-Educacion-Especial-programa.pdf\">Sujetos de la Educaci\u00f3n Especial<\/a><\/li>\n<li><a href=\"https:\/\/inscastelli-cha.infd.edu.ar\/sitio\/wp-content\/uploads\/2021\/11\/CRISTIAN-SILVA-PROBLEMATICA-Y-PRACTICA-2-1.pdf\">Problem\u00e1tica Contempor\u00e1nea de la Educaci\u00f3n Especial<\/a><\/li>\n<li><a href=\"https:\/\/inscastelli-cha.infd.edu.ar\/sitio\/wp-content\/uploads\/2021\/11\/Lengua-y-literaturaESPECIAL.doc-2021-LISTO-1.pdf\">Lengua y Literatura<\/a><\/li>\n<li><a href=\"https:\/\/inscastelli-cha.infd.edu.ar\/sitio\/wp-content\/uploads\/2021\/11\/Programa-de-Matematica-de-Educacion-Especial.pdf\">Matem\u00e1tica<\/a><\/li>\n<\/ul>\n<p>DE LA FORMACI\u00d3N EN LA PR\u00c1CTICA PROFESIONAL<\/p>\n<ul>\n<li><a href=\"https:\/\/inscastelli-cha.infd.edu.ar\/sitio\/wp-content\/uploads\/2021\/11\/PROGRAMA-PRACTICA-I-EDUC.-ESPECIAL-VILLAR-.F-B.pdf\">Pr\u00e1ctica Docente I<\/a><\/li>\n<\/ul>\n<h2><span style=\"color: #000080;\">Segundo A\u00f1o<\/span><\/h2>\n<p>DE LA FORMACI\u00d3N GENERAL<\/p>\n<ul>\n<li><a href=\"https:\/\/inscastelli-cha.infd.edu.ar\/sitio\/wp-content\/uploads\/2021\/11\/ED.-ESPECIAL-PROGRAMA-PSI-ED-2021-DIEWALD.pdf\">Psicolog\u00eda Educacional<\/a><\/li>\n<li><a href=\"https:\/\/inscastelli-cha.infd.edu.ar\/sitio\/wp-content\/uploads\/2021\/11\/PROGRAMA-DE-FILOSOFIA-PROFESORADO-DE-EDUCACION-ESP.docx\">Filosof\u00eda<\/a><\/li>\n<li><a href=\"https:\/\/inscastelli-cha.infd.edu.ar\/sitio\/wp-content\/uploads\/2021\/11\/3-PROG-1\u00b0-Cuatrimestral-2\u00b0-ano-Educ-ESPECIAL-I.E.S.-2021-Prof-CASTILLO.pdf\">Tecnolog\u00eda de la Informaci\u00f3n y de la Comunicaci\u00f3n en Educaci\u00f3n<\/a><\/li>\n<li>Cultura y Lengua Originaria<\/li>\n<\/ul>\n<p>DE LA FORMACI\u00d3N ESPEC\u00cdFICA<\/p>\n<ul>\n<li><a href=\"https:\/\/inscastelli-cha.infd.edu.ar\/sitio\/wp-content\/uploads\/2021\/11\/Matematica-y-su-didactica.pdf\">Matem\u00e1tica y su Did\u00e1ctica<\/a><\/li>\n<li><a href=\"https:\/\/inscastelli-cha.infd.edu.ar\/sitio\/wp-content\/uploads\/2021\/11\/Programa-ED-PSICOMOTRIZ-2021-1.pdf\">Educaci\u00f3n Psicomotriz<\/a><\/li>\n<li><a href=\"https:\/\/inscastelli-cha.infd.edu.ar\/sitio\/wp-content\/uploads\/2021\/11\/PROGRAMA_ALF-INICIAL_HRUZA2021-1-2.pdf\">Alfabetizaci\u00f3n Inicial<\/a><\/li>\n<li><a href=\"https:\/\/inscastelli-cha.infd.edu.ar\/sitio\/wp-content\/uploads\/2021\/11\/Deniz-Noelia-DESARROLLO-DEL-LENGUAJE-2021-1.pdf\">Desarrollo del Lenguaje<\/a><\/li>\n<li>Diversidad Funcional<\/li>\n<\/ul>\n<p>DE LA FORMACI\u00d3N EN LA PR\u00c1CTICA PROFESIONAL<\/p>\n<ul>\n<li>Pr\u00e1ctica Docente II<\/li>\n<\/ul>\n<h2><span style=\"color: #000080;\">Tercer A\u00f1o<\/span><\/h2>\n<p>DE LA FORMACI\u00d3N GENERAL<\/p>\n<ul>\n<li>Sociolog\u00eda de la Educaci\u00f3n<\/li>\n<li>Historia y Pol\u00edtica de la Educaci\u00f3n Latinoamericana, Argentina y Chaque\u00f1a<\/li>\n<\/ul>\n<p>DE LA FORMACI\u00d3N ESPEC\u00cdFICA<\/p>\n<ul>\n<li><a href=\"https:\/\/inscastelli-cha.infd.edu.ar\/sitio\/wp-content\/uploads\/2021\/11\/Prorama-de-Ciencias-Socy-su-Didactica-2021.pdf\">Ciencias Sociales y su Did\u00e1ctica<\/a><\/li>\n<li><a href=\"https:\/\/inscastelli-cha.infd.edu.ar\/sitio\/wp-content\/uploads\/2021\/11\/PROGRAMA-CS-NS-Y-SU-DIDACTICA-3o-1.pdf\">Ciencias Naturales y su Did\u00e1ctica<\/a><\/li>\n<li><a href=\"https:\/\/inscastelli-cha.infd.edu.ar\/sitio\/wp-content\/uploads\/2021\/11\/ABORDAJE-PEDAG-PROGRAMA-2021.docx\">Abordaje Pedag\u00f3gico I<\/a><\/li>\n<li>TIC en Educaci\u00f3n Especial<\/li>\n<li><a href=\"https:\/\/inscastelli-cha.infd.edu.ar\/sitio\/wp-content\/uploads\/2021\/11\/ESI-RUIZ-DIAZ-ROSANA.pdf\">Educaci\u00f3n Sexual Integral<\/a><\/li>\n<\/ul>\n<p>DE LA FORMACI\u00d3N EN LA PR\u00c1CTICA PROFESIONAL<\/p>\n<ul>\n<li><a href=\"https:\/\/inscastelli-cha.infd.edu.ar\/sitio\/wp-content\/uploads\/2021\/11\/DISENO-CURRICULAR-AULICO-PRACTICA-DOCENTE-III-2021.pdf\">Pr\u00e1ctica Docente III<\/a><\/li>\n<\/ul>\n<h2><span style=\"color: #000080;\">Cuarto A\u00f1o<\/span><\/h2>\n<p>DE LA FORMACI\u00d3N GENERAL<\/p>\n<ul>\n<li>Formaci\u00f3n en Derechos Humanos, \u00c9tica y Ciudadan\u00eda<\/li>\n<li>Educaci\u00f3n Rural<\/li>\n<\/ul>\n<p>DE LA FORMACI\u00d3N ESPEC\u00cdFICA<\/p>\n<ul>\n<li>Arte en Educaci\u00f3n Especial I :Artes Visuales<\/li>\n<li>Arte en Educaci\u00f3n Especial II: Expresi\u00f3n Corporal y Musical<\/li>\n<li><a href=\"https:\/\/inscastelli-cha.infd.edu.ar\/sitio\/wp-content\/uploads\/2021\/11\/PROGRAMA-DETECCION-DE-BARRERAS.pdf\">Detecci\u00f3n de Barreras al Aprendizaje y la Participaci\u00f3n<\/a><\/li>\n<li><a href=\"https:\/\/inscastelli-cha.infd.edu.ar\/sitio\/wp-content\/uploads\/2021\/11\/PROGRAMA-Subjetividad-y-Discapacidad.pdf\">Subjetividad y Discapacidad<\/a><\/li>\n<li>Abordaje Pedag\u00f3gico II<\/li>\n<li>Formaci\u00f3n pre profesional y Ocupacional<\/li>\n<\/ul>\n<p>DE LA FORMACI\u00d3N EN LA PR\u00c1CTICA PROFESIONAL<\/p>\n<ul>\n<li><a href=\"https:\/\/inscastelli-cha.infd.edu.ar\/sitio\/wp-content\/uploads\/2021\/11\/RESIDENCIA-PROGRAMA-2021-1.docx\">Residencia<\/a><\/li>\n<\/ul>\n","protected":false},"excerpt":{"rendered":"<p>Primero A\u00f1o DE LA FORMACI\u00d3N GENERAL Pedagog\u00eda Alfabetizaci\u00f3n Acad\u00e9mica Did\u00e1ctica General DE LA FORMACI\u00d3N ESPEC\u00cdFICA Neurociencia y Aprendizaje Sujetos de la Educaci\u00f3n Especial Problem\u00e1tica Contempor\u00e1nea de la Educaci\u00f3n Especial Lengua y Literatura Matem\u00e1tica DE LA FORMACI\u00d3N EN LA PR\u00c1CTICA PROFESIONAL Pr\u00e1ctica Docente I Segundo A\u00f1o DE LA FORMACI\u00d3N GENERAL Psicolog\u00eda Educacional Filosof\u00eda Tecnolog\u00eda de la &#8230; <a title=\"Programa de Estudio del Profesorado de Educaci\u00f3n Especial\" class=\"read-more\" href=\"https:\/\/inscastelli-cha.infd.edu.ar\/sitio\/programa-de-estudio-del-profesora-de-educacion-especial\/\" aria-label=\"More on Programa de Estudio del Profesorado de Educaci\u00f3n Especial\">[+]<\/a><\/p>\n","protected":false},"author":480,"featured_media":0,"parent":0,"menu_order":0,"comment_status":"closed","ping_status":"closed","template":"","meta":[],"acf":[],"_links":{"self":[{"href":"https:\/\/inscastelli-cha.infd.edu.ar\/sitio\/wp-json\/wp\/v2\/pages\/1977"}],"collection":[{"href":"https:\/\/inscastelli-cha.infd.edu.ar\/sitio\/wp-json\/wp\/v2\/pages"}],"about":[{"href":"https:\/\/inscastelli-cha.infd.edu.ar\/sitio\/wp-json\/wp\/v2\/types\/page"}],"author":[{"embeddable":true,"href":"https:\/\/inscastelli-cha.infd.edu.ar\/sitio\/wp-json\/wp\/v2\/users\/480"}],"replies":[{"embeddable":true,"href":"https:\/\/inscastelli-cha.infd.edu.ar\/sitio\/wp-json\/wp\/v2\/comments?post=1977"}],"version-history":[{"count":4,"href":"https:\/\/inscastelli-cha.infd.edu.ar\/sitio\/wp-json\/wp\/v2\/pages\/1977\/revisions"}],"predecessor-version":[{"id":3147,"href":"https:\/\/inscastelli-cha.infd.edu.ar\/sitio\/wp-json\/wp\/v2\/pages\/1977\/revisions\/3147"}],"wp:attachment":[{"href":"https:\/\/inscastelli-cha.infd.edu.ar\/sitio\/wp-json\/wp\/v2\/media?parent=1977"}],"curies":[{"name":"wp","href":"https:\/\/api.w.org\/{rel}","templated":true}]}}