{"id":1994,"date":"2020-03-02T11:51:59","date_gmt":"2020-03-02T14:51:59","guid":{"rendered":"https:\/\/inscastelli-cha.infd.edu.ar\/sitio\/?page_id=1994"},"modified":"2020-03-02T11:51:59","modified_gmt":"2020-03-02T14:51:59","slug":"programa-de-estudio-del-profesorado-de-educacion-superior-en-musica","status":"publish","type":"page","link":"https:\/\/inscastelli-cha.infd.edu.ar\/sitio\/programa-de-estudio-del-profesorado-de-educacion-superior-en-musica\/","title":{"rendered":"Programa de Estudio del Profesorado de Educaci\u00f3n Superior en M\u00fasica"},"content":{"rendered":"<h2><span style=\"color: #000080;\">Primer A\u00f1o<\/span><\/h2>\n<p>DE LA FORMACI\u00d3N GENERAL<\/p>\n<ul>\n<li>Pedagog\u00eda<\/li>\n<li>Alfabetizaci\u00f3n Acad\u00e9mica<\/li>\n<li>Foniatr\u00eda<\/li>\n<\/ul>\n<p>DE LA FORMACI\u00d3N ESPEC\u00cdFICA<\/p>\n<ul>\n<li>Instrumento Arm\u00f3nico I (Guitarra)<\/li>\n<li>Lenguaje Musical I<\/li>\n<li>Historia de la M\u00fasica<\/li>\n<li>Pr\u00e1ctica Coral y T\u00e9cnica Vocal I<\/li>\n<\/ul>\n<p>DE LA FORMACI\u00d3N EN LA PR\u00c1CTICA PROFESIONAL<\/p>\n<ul>\n<li>Pr\u00e1ctica Profesional I<\/li>\n<\/ul>\n<h2><span style=\"color: #000080;\">Segundo A\u00f1o<\/span><\/h2>\n<p>DE LA FORMACI\u00d3N GENERAL<\/p>\n<ul>\n<li>Did\u00e1ctica General<\/li>\n<li>Psicolog\u00eda Educacional<\/li>\n<li>Ingles Aplicado<\/li>\n<li>Tecnolog\u00eda de la Informaci\u00f3n y la Comunicaci\u00f3n<\/li>\n<\/ul>\n<p>DE LA FORMACI\u00d3N ESPEC\u00cdFICA<\/p>\n<ul>\n<li>Instrumento Arm\u00f3nico (Guitarra El\u00e9ctrica)<\/li>\n<li>Lenguaje Musical II<\/li>\n<li>Historia de la M\u00fasica II<\/li>\n<li>Pr\u00e1ctica Coral y T\u00e9cnica\u00a0 Vocal II<\/li>\n<li>Sujeto de la Educaci\u00f3n<\/li>\n<\/ul>\n<p>DE LA FORMACI\u00d3N EN LA PR\u00c1CTICA PROFESIONAL<\/p>\n<ul>\n<li>Pr\u00e1ctica Profesional II<\/li>\n<\/ul>\n<h2><span style=\"color: #000080;\">Tercer A\u00f1o<\/span><\/h2>\n<p>DE LA FORMACI\u00d3N GENERAL<\/p>\n<ul>\n<li>Sociolog\u00eda de la Educaci\u00f3n<\/li>\n<li>Historia y Pol\u00edtica de la Educaci\u00f3n Latinoamericana, Argentina y Chaque\u00f1a<\/li>\n<\/ul>\n<p>DE LA FORMACI\u00d3N ESPEC\u00cdFICA<\/p>\n<ul>\n<li>Flauta Dulce<\/li>\n<li>Instrumento Arm\u00f3nico III (Piano y teclado)<\/li>\n<li>Armon\u00eda Aplicada<\/li>\n<li>Historia de la M\u00fasica Latinoamericana, Argentina y Regional<\/li>\n<li>Did\u00e1ctica Especializada en M\u00fasica I<\/li>\n<li>Pr\u00e1ctica Coral y Did\u00e1ctica Especializada<\/li>\n<\/ul>\n<p>DE LA FORMACI\u00d3N\u00a0 EN LA PR\u00c1CTICA PROFESIONAL<\/p>\n<ul>\n<li>Pr\u00e1ctica Docente III<\/li>\n<\/ul>\n<h2><span style=\"color: #000080;\">Cuarto A\u00f1o<\/span><\/h2>\n<p>DE LA FORMACI\u00d3N GENERAL<\/p>\n<ul>\n<li>Filosof\u00eda y Est\u00e9tica<\/li>\n<li>Atenci\u00f3n a la Diversidad Necesidades Educativas Especiales<\/li>\n<\/ul>\n<p>DE LA FORMACI\u00d3N ESPEC\u00cdFICA<\/p>\n<ul>\n<li>instrumentos Arm\u00f3nicos IV ( Piano\/Teclado)<\/li>\n<li>Percusi\u00f3n<\/li>\n<li>Direcci\u00f3n Coral<\/li>\n<li>Did\u00e1ctica Especializada en Educaci\u00f3n Musical II<\/li>\n<li>R\u00edtmica, Movimiento y M\u00fasica<\/li>\n<\/ul>\n<p>DE LA FORMACI\u00d3N EN LA PR\u00c1CTICA PROFESIONAL<\/p>\n<ul>\n<li>Pr\u00e1ctica Profesional IV<\/li>\n<\/ul>\n<h2><span style=\"color: #000080;\">Quinto A\u00f1o<\/span><\/h2>\n<p>DE LA FORMACI\u00d3N GENERAL<\/p>\n<ul>\n<li>Gesti\u00f3n Cultural<\/li>\n<li>Formaci\u00f3n en Derechos Humanos, \u00c9tica y Ciudadan\u00eda<\/li>\n<\/ul>\n<p>DE LA FORMACI\u00d3N\u00a0 ESPEC\u00cdFICA<\/p>\n<ul>\n<li>Etnom\u00fasica y Folclore musical<\/li>\n<li>Experimentaci\u00f3n Sonora y medios<\/li>\n<li>Investigaci\u00f3n en Educaci\u00f3n Musical<\/li>\n<li>Proyecto Did\u00e1ctico Musical<\/li>\n<\/ul>\n<p>DE LA FORMACI\u00d3N EN LA PR\u00c1CTICA PROFESIONAL<\/p>\n<ul>\n<li>Residencia y Memoria Profesional<\/li>\n<\/ul>\n<p>&nbsp;<\/p>\n<p>&nbsp;<\/p>\n<p>&nbsp;<\/p>\n","protected":false},"excerpt":{"rendered":"<p>Primer A\u00f1o DE LA FORMACI\u00d3N GENERAL Pedagog\u00eda Alfabetizaci\u00f3n Acad\u00e9mica Foniatr\u00eda DE LA FORMACI\u00d3N ESPEC\u00cdFICA Instrumento Arm\u00f3nico I (Guitarra) Lenguaje Musical I Historia de la M\u00fasica Pr\u00e1ctica Coral y T\u00e9cnica Vocal I DE LA FORMACI\u00d3N EN LA PR\u00c1CTICA PROFESIONAL Pr\u00e1ctica Profesional I Segundo A\u00f1o DE LA FORMACI\u00d3N GENERAL Did\u00e1ctica General Psicolog\u00eda Educacional Ingles Aplicado Tecnolog\u00eda de &#8230; <a title=\"Programa de Estudio del Profesorado de Educaci\u00f3n Superior en M\u00fasica\" class=\"read-more\" href=\"https:\/\/inscastelli-cha.infd.edu.ar\/sitio\/programa-de-estudio-del-profesorado-de-educacion-superior-en-musica\/\" aria-label=\"More on Programa de Estudio del Profesorado de Educaci\u00f3n Superior en M\u00fasica\">[+]<\/a><\/p>\n","protected":false},"author":480,"featured_media":0,"parent":0,"menu_order":0,"comment_status":"closed","ping_status":"closed","template":"","meta":[],"acf":[],"_links":{"self":[{"href":"https:\/\/inscastelli-cha.infd.edu.ar\/sitio\/wp-json\/wp\/v2\/pages\/1994"}],"collection":[{"href":"https:\/\/inscastelli-cha.infd.edu.ar\/sitio\/wp-json\/wp\/v2\/pages"}],"about":[{"href":"https:\/\/inscastelli-cha.infd.edu.ar\/sitio\/wp-json\/wp\/v2\/types\/page"}],"author":[{"embeddable":true,"href":"https:\/\/inscastelli-cha.infd.edu.ar\/sitio\/wp-json\/wp\/v2\/users\/480"}],"replies":[{"embeddable":true,"href":"https:\/\/inscastelli-cha.infd.edu.ar\/sitio\/wp-json\/wp\/v2\/comments?post=1994"}],"version-history":[{"count":2,"href":"https:\/\/inscastelli-cha.infd.edu.ar\/sitio\/wp-json\/wp\/v2\/pages\/1994\/revisions"}],"predecessor-version":[{"id":1997,"href":"https:\/\/inscastelli-cha.infd.edu.ar\/sitio\/wp-json\/wp\/v2\/pages\/1994\/revisions\/1997"}],"wp:attachment":[{"href":"https:\/\/inscastelli-cha.infd.edu.ar\/sitio\/wp-json\/wp\/v2\/media?parent=1994"}],"curies":[{"name":"wp","href":"https:\/\/api.w.org\/{rel}","templated":true}]}}