{"id":2621,"date":"2021-10-18T20:30:48","date_gmt":"2021-10-18T23:30:48","guid":{"rendered":"https:\/\/inscastelli-cha.infd.edu.ar\/sitio\/?page_id=2621"},"modified":"2025-12-11T14:29:58","modified_gmt":"2025-12-11T17:29:58","slug":"carreras","status":"publish","type":"page","link":"https:\/\/inscastelli-cha.infd.edu.ar\/sitio\/carreras\/","title":{"rendered":"CARRERAS"},"content":{"rendered":"<p style=\"text-align: center;\"><strong>CARRERAS &#8211; CICLO LECTIVO 2026<img decoding=\"async\" loading=\"lazy\" class=\"size-full wp-image-4952 alignright\" src=\"https:\/\/inscastelli-cha.infd.edu.ar\/sitio\/wp-content\/uploads\/2025\/04\/logo-225-px-e1744427056959.png\" alt=\"\" width=\"171\" height=\"156\" \/> <\/strong><\/p>\n<p><strong>INSTITUTO DE EDUCACI\u00d3N SUPERIOR \u201cREN\u00c9 FAVALORO\u201d<\/strong><\/p>\n<p><strong>PRE-INSCRIPCIONES A PRIMER A\u00d1O:<\/strong> DESDE<strong> 15 DE DICIEMBRE 2025<\/strong> HASTA EL <strong>20 DE MARZO DEL 2026- (<\/strong>Para realizar la preinscripci\u00f3n no es necesario presentar documentaci\u00f3n alguna. La entrega de los documentos requeridos se solicitar\u00e1 una vez que haya finalizado el cursado del proped\u00e9utico.)<\/p>\n<p><a href=\"https:\/\/insup.com.ar\/Favaloro\/Ingresos\/inscripcion.php\">Formulario de Pre-inscripci\u00f3n<\/a><br \/><b>(Tenga presente que al momento de completar el formulario usted puede elegir m\u00e1s de una carrera).<\/b><\/p>\n<p>Cuestiones para tener en cuenta al momento de completar el Formulario de Preinscripci\u00f3n:<\/p>\n<ul>\n<li>Completar todos los campos que se requiere.<\/li>\n<li>Revisar sus datos personales N\u00ba de DNI, Correo electr\u00f3nico, n\u00famero de Celular, ya que antes de iniciar el curso proped\u00e9utico se confeccionar\u00e1n grupos para compartir informaci\u00f3n sobre el inicio del cursado.<\/li>\n<\/ul>\n<p>CARRERAS 2026 <a href=\"https:\/\/www.instagram.com\/reel\/DOwcb5aAZaU\/?igsh=bWNnNXA1cXp4a29q\" target=\"_blank\" rel=\"noopener\">(Nuestras carreras en las voces de nuestros estudiantes)<\/a><\/p>\n<table>\n<tbody>\n<tr>\n<td width=\"373\">\n<p><strong>CARRERAS<\/strong><\/p>\n<\/td>\n<td width=\"88\">\n<p><strong>DURACI\u00d3N<\/strong><\/p>\n<\/td>\n<td width=\"79\">\n<p><strong>TURNO<\/strong><\/p>\n<\/td>\n<td width=\"193\">\n<p><strong>INSCRIPCI\u00d3N<\/strong><\/p>\n<\/td>\n<\/tr>\n<tr>\n<td width=\"373\">\n<p><a href=\"https:\/\/inscastelli-cha.infd.edu.ar\/sitio\/profesorado-para-la-educacion-inicial\/\" target=\"_blank\" rel=\"noopener\">PROFESORADO PARA LA EDUC. INICIAL<\/a><\/p>\n<\/td>\n<td width=\"88\">\n<p>4 a\u00f1os<\/p>\n<\/td>\n<td width=\"79\">\n<p>MA\u00d1ANA<\/p>\n<\/td>\n<td rowspan=\"11\" width=\"193\">\n<p>&nbsp;<\/p>\n<p>&nbsp;<\/p>\n<p>&nbsp;<\/p>\n<p>&nbsp;<\/p>\n<p>&nbsp;<\/p>\n<p>&nbsp;<\/p>\n<p><a href=\"http:\/\/www.elfavaloro.com.ar\/\" target=\"_blank\" rel=\"noopener\">www.elfavaloro.com.ar<\/a><\/p>\n<p>o este enlace que es la misma plataforma<\/p>\n<p><a href=\"https:\/\/insup.com.ar\/Favaloro\/\" target=\"_blank\" rel=\"noopener\">https:\/\/insup.com.ar\/Favaloro\/<\/a> \u00a0<\/p>\n<\/td>\n<\/tr>\n<tr>\n<td width=\"373\">\n<p><a href=\"https:\/\/inscastelli-cha.infd.edu.ar\/sitio\/profesorado-para-la-educacion-secundaria-en-quimica\/\" target=\"_blank\" rel=\"noopener\">PROFESORADO DE EDUC. SECUNDARIA EN QU\u00cdMICA<\/a><\/p>\n<\/td>\n<td width=\"88\">\n<p>4 a\u00f1os<\/p>\n<\/td>\n<td width=\"79\">\n<p>MA\u00d1ANA<\/p>\n<\/td>\n<\/tr>\n<tr>\n<td width=\"373\">\n<p><a href=\"https:\/\/inscastelli-cha.infd.edu.ar\/sitio\/profesorado-de-educacion-secundaria-en-economia\/\" target=\"_blank\" rel=\"noopener\">PROFESORADO DE EDUC. SECUNDARIA EN ECONOM\u00cdA<\/a><\/p>\n<\/td>\n<td width=\"88\">\n<p>4 a\u00f1os<\/p>\n<\/td>\n<td width=\"79\">\n<p>MA\u00d1ANA<\/p>\n<\/td>\n<\/tr>\n<tr>\n<td width=\"373\">\n<p><a href=\"https:\/\/inscastelli-cha.infd.edu.ar\/sitio\/profesorado-para-la-educacion-superior-en-educacion-fisica\/\" target=\"_blank\" rel=\"noopener\">PROFESORADO DE EDUC. SUPERIOR EN EDUCACI\u00d3N F\u00cdSICA<\/a><\/p>\n<p>(Requisito Obligatorio completar los estudios m\u00e9dicos)<\/p>\n<\/td>\n<td width=\"88\">\n<p>5 a\u00f1os<\/p>\n<\/td>\n<td width=\"79\">\n<p>MA\u00d1ANA<\/p>\n<\/td>\n<\/tr>\n<tr>\n<td width=\"373\">\n<p><a href=\"https:\/\/inscastelli-cha.infd.edu.ar\/sitio\/profesorado-para-la-educacion-primaria\/\" target=\"_blank\" rel=\"noopener\">PROFESORADO PARA LA EDUC. PRIMARIA<\/a><\/p>\n<\/td>\n<td width=\"88\">\n<p>4 a\u00f1os<\/p>\n<\/td>\n<td width=\"79\">\n<p>TARDE<\/p>\n<\/td>\n<\/tr>\n<tr>\n<td width=\"373\">\n<p><a href=\"https:\/\/inscastelli-cha.infd.edu.ar\/sitio\/profesorado-para-la-educacion-especial\/\" target=\"_blank\" rel=\"noopener\">PROFESORADO PARA LA EDUC. ESPECIAL CON ORIENTACI\u00d3N EN DISCAPACIDAD INTELECTUAL<\/a><\/p>\n<\/td>\n<td width=\"88\">\n<p>4 a\u00f1os<\/p>\n<\/td>\n<td width=\"79\">\n<p>TARDE<\/p>\n<\/td>\n<\/tr>\n<tr>\n<td width=\"373\">\n<p><a href=\"https:\/\/inscastelli-cha.infd.edu.ar\/sitio\/profesorado-para-la-educacion-secundaria-en-lengua-y-literatura\/\" target=\"_blank\" rel=\"noopener\">PROFESORADO DE EDUC. SECUNDARIA EN LENGUA Y<\/a><\/p>\n<p><a href=\"https:\/\/inscastelli-cha.infd.edu.ar\/sitio\/profesorado-para-la-educacion-secundaria-en-lengua-y-literatura\/\">LITERATURA<\/a><\/p>\n<\/td>\n<td width=\"88\">\n<p>4 a\u00f1os<\/p>\n<\/td>\n<td width=\"79\">\n<p>TARDE<\/p>\n<\/td>\n<\/tr>\n<tr>\n<td width=\"373\">\n<p><a href=\"https:\/\/inscastelli-cha.infd.edu.ar\/sitio\/profesorado-de-educacion-superior-en-musica\/\" target=\"_blank\" rel=\"noopener\">PROFESORADO DE EDUC. SUPERIOR EN M\u00daSICA<\/a><\/p>\n<\/td>\n<td width=\"88\">\n<p>5 a\u00f1os<\/p>\n<\/td>\n<td width=\"79\">\n<p>TARDE<\/p>\n<\/td>\n<\/tr>\n<tr>\n<td width=\"373\">\n<p><a href=\"https:\/\/inscastelli-cha.infd.edu.ar\/sitio\/profesorado-para-la-educacion-secundaria-en-matematica\/\" target=\"_blank\" rel=\"noopener\">PROFESORADO DE EDUC. SECUNDARIA EN MATEM\u00c1TICA<\/a><\/p>\n<\/td>\n<td width=\"88\">\n<p>4 a\u00f1os<\/p>\n<\/td>\n<td width=\"79\">\n<p>NOCHE<\/p>\n<\/td>\n<\/tr>\n<tr>\n<td width=\"373\">\n<p><a href=\"https:\/\/inscastelli-cha.infd.edu.ar\/sitio\/profesorado-para-la-educacion-secundaria-en-biologia\/\" target=\"_blank\" rel=\"noopener\">PROFESORADO DE EDUC. SECUNDARIA EN BIOLOG\u00cdA<\/a><\/p>\n<\/td>\n<td width=\"88\">\n<p>4 a\u00f1os<\/p>\n<\/td>\n<td width=\"79\">\n<p>NOCHE<\/p>\n<\/td>\n<\/tr>\n<tr>\n<td width=\"373\">\n<p><a href=\"https:\/\/inscastelli-cha.infd.edu.ar\/sitio\/profesorado-para-la-educacion-tecnologica\/\" target=\"_blank\" rel=\"noopener\">PROFESORADO PARA LA EDUCACI\u00d3N TECNOL\u00d3GICA <\/a>\u00a0<\/p>\n<\/td>\n<td width=\"88\">\n<p>4 a\u00f1os<\/p>\n<\/td>\n<td width=\"79\">\n<p>NOCHE<\/p>\n<\/td>\n<\/tr>\n<\/tbody>\n<\/table>\n<p>&nbsp;<\/p>\n<hr \/>\n<h4>ANEXOS:<br \/><a href=\"https:\/\/inscastelli-cha.infd.edu.ar\/sitio\/u-e-s-miraflores\/\" target=\"_blank\" rel=\"noopener\">UES MIRAFLORES<\/a><\/h4>\n<table>\n<tbody>\n<tr>\n<td width=\"330\">\n<p><strong>CARRERAS<\/strong><\/p>\n<\/td>\n<td width=\"88\">\n<p><strong>DURACI\u00d3N<\/strong><\/p>\n<\/td>\n<td width=\"123\">\n<p><strong>TURNO<\/strong><\/p>\n<\/td>\n<td width=\"193\">\n<p><strong>INSCRIPCI\u00d3N<\/strong><\/p>\n<\/td>\n<\/tr>\n<tr>\n<td width=\"330\">\n<p>&nbsp;<\/p>\n<p>\u00a0PROFESORADO PARA LA EDUCACI\u00d3N ESPECIAL CON ORIENTACI\u00d3N EN DISCAPACIDAD INTELECTUAL<\/p>\n<\/td>\n<td width=\"88\">\n<p>&nbsp;<\/p>\n<p>4 a\u00f1os<\/p>\n<\/td>\n<td width=\"123\">\n<p><strong>TARDE<\/strong><\/p>\n<p>12:30 \u2013 18:05<\/p>\n<\/td>\n<td rowspan=\"2\" width=\"193\">\n<p>&nbsp;<\/p>\n<p><a href=\"http:\/\/www.elfavaloro.com.ar\/\" target=\"_blank\" rel=\"noopener\">www.elfavaloro.com.ar<\/a><\/p>\n<p>o este enlace que es la misma plataforma<\/p>\n<p><a href=\"https:\/\/insup.com.ar\/Favaloro\/\" target=\"_blank\" rel=\"noopener\">https:\/\/insup.com.ar\/Favaloro\/<\/a><\/p>\n<\/td>\n<\/tr>\n<tr>\n<td width=\"330\">\n<p><strong>\u00a0<\/strong><\/p>\n<p>PROFESORADO PARA LA EDUCACI\u00d3N SECUNDARIA EN TECNOLOG\u00cdA DE LA INFORMACI\u00d3N Y LA COMUNICACI\u00d3N<\/p>\n<\/td>\n<td width=\"88\">\n<p><strong>\u00a0<\/strong><\/p>\n<p>4 a\u00f1os<\/p>\n<\/td>\n<td width=\"123\">\n<p><strong>NOCHE<\/strong><\/p>\n<p>18:05 \u2013 23:40<\/p>\n<\/td>\n<\/tr>\n<\/tbody>\n<\/table>\n<p><a href=\"https:\/\/inscastelli-cha.infd.edu.ar\/sitio\/u-e-s-villa-rio-bermejito\/\" target=\"_blank\" rel=\"noopener\">UES VILLA R\u00cdO BERMEJITO<\/a><\/p>\n<table>\n<tbody>\n<tr>\n<td width=\"330\">\n<p><strong>CARRERAS<\/strong><\/p>\n<\/td>\n<td width=\"88\">\n<p><strong>DURACI\u00d3N<\/strong><\/p>\n<\/td>\n<td width=\"123\">\n<p><strong>TURNO<\/strong><\/p>\n<\/td>\n<td width=\"193\">\n<p><strong>INSCRIPCI\u00d3N<\/strong><\/p>\n<\/td>\n<\/tr>\n<tr>\n<td width=\"330\">\n<p><strong>\u00a0<\/strong><\/p>\n<p>PROFESORADO DE EDUCACI\u00d3N \u00a0SECUNDARIA EN HISTORIA<\/p>\n<\/td>\n<td width=\"88\">\n<p><strong>\u00a0<\/strong><\/p>\n<p>4 a\u00f1os<\/p>\n<\/td>\n<td width=\"123\">\n<p><strong>\u00a0<\/strong><\/p>\n<p>18:30 \u2013 23:55<\/p>\n<\/td>\n<td rowspan=\"2\" width=\"193\">\n<p>&nbsp;<\/p>\n<p><a href=\"http:\/\/www.elfavaloro.com.ar\" target=\"_blank\" rel=\"noopener\">www.elfavaloro.com.ar<\/a><\/p>\n<p>o este enlace que es la misma plataforma<\/p>\n<p><a href=\"http:\/\/insup.com.ar\/favaloro\/\" target=\"_blank\" rel=\"noopener\">http:\/\/insup.com.ar\/favaloro\/<\/a><\/p>\n<\/td>\n<\/tr>\n<tr>\n<td width=\"330\">\n<p>&nbsp;<\/p>\n<p>PROFESORADO PARA LA EDUCACI\u00d3N TECNOL\u00d3GICA\u00a0<\/p>\n<\/td>\n<td width=\"88\">\n<p>&nbsp;<\/p>\n<p>4 a\u00f1os<\/p>\n<\/td>\n<td width=\"123\">\n<p>&nbsp;<\/p>\n<p>18:30 \u2013 23:55<\/p>\n<\/td>\n<\/tr>\n<\/tbody>\n<\/table>\n<p><a href=\"https:\/\/inscastelli-cha.infd.edu.ar\/sitio\/u-e-s-el-sauzalito\/\" target=\"_blank\" rel=\"noopener\">UES EL SAUZALITO<\/a><\/p>\n<table>\n<tbody>\n<tr>\n<td width=\"330\">\n<p>&nbsp;<\/p>\n<p>PROFESORADO DE EDUCUNDARIA \u00a0SECUNDARIA EN AGRONOM\u00cdA<\/p>\n<\/td>\n<td width=\"88\">\n<p>&nbsp;<\/p>\n<p>4 a\u00f1os<\/p>\n<\/td>\n<td width=\"123\">\n<p>&nbsp;<\/p>\n<p>18:30 \u2013 23:55<\/p>\n<\/td>\n<td width=\"193\">\n<p><a href=\"http:\/\/www.elfavaloro.com.ar\/\" target=\"_blank\" rel=\"noopener\">www.elfavaloro.com.ar<\/a><\/p>\n<p>o este enlace que es la misma plataforma<\/p>\n<p><a href=\"http:\/\/insup.com.ar\/favaloro\/\" target=\"_blank\" rel=\"noopener\">http:\/\/insup.com.ar\/favaloro\/<\/a><\/p>\n<\/td>\n<\/tr>\n<\/tbody>\n<\/table>\n<p>&nbsp;<\/p>\n<p><a href=\"https:\/\/inscastelli-cha.infd.edu.ar\/sitio\/u-e-s-fuerte-esperanza\/\" target=\"_blank\" rel=\"noopener\">UES FUERTE ESPERANZA<\/a><\/p>\n<table>\n<tbody>\n<tr>\n<td width=\"330\">\n<p>&nbsp;<\/p>\n<p>PROFESORADO PARA LA EDUCACI\u00d3N TECNOL\u00d3GICA\u00a0<\/p>\n<\/td>\n<td width=\"88\">\n<p>&nbsp;<\/p>\n<p>4 a\u00f1os<\/p>\n<\/td>\n<td width=\"123\">\n<p>&nbsp;<\/p>\n<p>18:30 \u2013 23:55<\/p>\n<\/td>\n<td width=\"193\">\n<p><a href=\"http:\/\/www.elfavaloro.com.ar\/\" target=\"_blank\" rel=\"noopener\">www.elfavaloro.com.ar<\/a><\/p>\n<p>o este enlace que es la misma plataforma<\/p>\n<p><a href=\"http:\/\/insup.com.ar\/favaloro\/\" target=\"_blank\" rel=\"noopener\">http:\/\/insup.com.ar\/favaloro\/<\/a><\/p>\n<\/td>\n<\/tr>\n<\/tbody>\n<\/table>\n<p>&nbsp;<\/p>\n<p><a href=\"https:\/\/inscastelli-cha.infd.edu.ar\/sitio\/u-e-s-mision-nueva-pompeya\/\" target=\"_blank\" rel=\"noopener\">UES MISI\u00d3N NUEVA POMPEYA<\/a><\/p>\n<table>\n<tbody>\n<tr>\n<td width=\"330\">\n<p><strong>\u00a0<\/strong><\/p>\n<p>PROFESORADO PARA LA EDUCACI\u00d3N SECUNDARIA EN TECNOLOG\u00cdA DE LA INFORMACI\u00d3N Y LA COMUNICACI\u00d3N<\/p>\n<\/td>\n<td width=\"88\">\n<p><strong>\u00a0<\/strong><\/p>\n<p>4 a\u00f1os<\/p>\n<\/td>\n<td width=\"123\">\n<p>&nbsp;<\/p>\n<p>18:30 \u2013 23:55<\/p>\n<\/td>\n<td rowspan=\"2\" width=\"193\">\n<p>&nbsp;<\/p>\n<p>&nbsp;<\/p>\n<p><a href=\"http:\/\/www.elfavaloro.com.ar\" target=\"_blank\" rel=\"noopener\">www.elfavaloro.com.ar<\/a><\/p>\n<p>o este enlace que es la misma plataforma<\/p>\n<p><a href=\"https:\/\/insup.com.ar\/Favaloro\/\" target=\"_blank\" rel=\"noopener\">https:\/\/insup.com.ar\/Favaloro\/<\/a><\/p>\n<\/td>\n<\/tr>\n<tr>\n<td width=\"330\">\n<p><strong>\u00a0<\/strong><\/p>\n<p>TECNICATURA SUPERIOR EN TECNOLOG\u00cdA DE LOS ALIMENTOS<\/p>\n<\/td>\n<td width=\"88\">\n<p><strong>\u00a0<\/strong><\/p>\n<p>3 a\u00f1os<\/p>\n<\/td>\n<td width=\"123\">\n<p>&nbsp;<\/p>\n<p>18:30 \u2013 23:55<\/p>\n<\/td>\n<\/tr>\n<\/tbody>\n<\/table>\n<p>&nbsp;<\/p>\n<p>&nbsp;<\/p>\n<p>&nbsp;<\/p>\n<p>&nbsp;<\/p>\n<p>&nbsp;<\/p>\n<p>&nbsp;<\/p>\n<p>&nbsp;<\/p>\n<p>&nbsp;<\/p>\n<p><strong>\u00a0<\/strong><\/p>\n<p>&nbsp;<\/p>\n<p>&nbsp;<\/p>\n<p><strong>SEDE: IES REN\u00c9 FAVALORO \u2013 JUAN JOS\u00c9 CASTELLI CICLO LECTIVO 2025 \u2013 CARRERAS EN CURSADA 2025<\/strong><\/p>\n<p>CARRERAS TURNO MA\u00d1ANA <strong>06:45 \u2013 12:30<\/strong><\/p>\n<p><a href=\"https:\/\/inscastelli-cha.infd.edu.ar\/sitio\/profesorado-para-la-educacion-inicial\/\" target=\"_blank\" rel=\"noopener\">PROFESORADO DE EDUCACI\u00d3N INICIAL<\/a>\u00a0 4 a\u00f1os<\/p>\n<p><a href=\"https:\/\/inscastelli-cha.infd.edu.ar\/sitio\/profesorado-para-la-educacion-secundaria-en-quimica\/\" target=\"_blank\" rel=\"noopener\">PROFESORADO DE EDUC. SECUNDARIA EN QU\u00cdMICA<\/a>\u00a0 4 a\u00f1os<\/p>\n<p><a href=\"https:\/\/inscastelli-cha.infd.edu.ar\/sitio\/profesorado-de-educacion-secundaria-en-economia\/\" target=\"_blank\" rel=\"noopener\">PROFESORADO DE EDUC. SECUNDARIA EN ECONOM\u00cdA<\/a> 4 a\u00f1os<\/p>\n<p><a href=\"https:\/\/inscastelli-cha.infd.edu.ar\/sitio\/profesorado-para-la-educacion-superior-en-educacion-fisica\/\" target=\"_blank\" rel=\"noopener\">PROFESORADO DE EDUC. SUPERIOR EN EDUCACI\u00d3N F\u00cdSICA<\/a> 5 a\u00f1os<\/p>\n<p><a href=\"https:\/\/inscastelli-cha.infd.edu.ar\/sitio\/wp-content\/uploads\/2024\/12\/Requisitos-medicos-Profesorado-de-Educacion-Sup.-en-Educacion-Fisica-2025.pdf\" target=\"_blank\" rel=\"noopener\"><strong>(Requisito Obligatorio completar los estudios m\u00e9dicos)<\/strong><\/a><\/p>\n<hr \/>\n<p>&nbsp;<\/p>\n<p>CARRERAS TURNO TARDE <strong>12:45 \u2013 18:25<\/strong><\/p>\n<p><a href=\"https:\/\/inscastelli-cha.infd.edu.ar\/sitio\/profesorado-para-la-educacion-primaria\/\" target=\"_blank\" rel=\"noopener\">PROFESORADO DE EDUCACI\u00d3N PRIMARIA<\/a>\u00a0 4 a\u00f1os<\/p>\n<p><a href=\"https:\/\/inscastelli-cha.infd.edu.ar\/sitio\/profesorado-para-la-educacion-especial\/\" target=\"_blank\" rel=\"noopener\">PROFESORADO DE EDUCACI\u00d3N ESPECIAL<\/a> 4 a\u00f1os<\/p>\n<p><a href=\"https:\/\/inscastelli-cha.infd.edu.ar\/sitio\/profesorado-para-la-educacion-secundaria-en-lengua-y-literatura\/\" target=\"_blank\" rel=\"noopener\">PROFESORADO DE EDUC. SECUNDARIA EN LENGUA Y LITERATURA<\/a> 4 a\u00f1os\u00a0<\/p>\n<p><a href=\"https:\/\/inscastelli-cha.infd.edu.ar\/sitio\/profesorado-de-educacion-superior-en-musica\/\" target=\"_blank\" rel=\"noopener\">PROFESORADO DE EDUC. SUPERIOR EN M\u00daSICA<\/a> \u00a05 a\u00f1os\u00a0<\/p>\n<p><a href=\"https:\/\/inscastelli-cha.infd.edu.ar\/sitio\/tecnicatura-superior-en-desarrollo-de-software\/\" target=\"_blank\" rel=\"noopener\">TECNICATURA SUP. EN DESARROLLO DE SOFTWARE.<\/a>( Sin nueva inscripci\u00f3n)<\/p>\n<hr \/>\n<p>&nbsp;<\/p>\n<p>CARRERAS TURNO NOCHE <strong>18:25 a 23:50\u00a0<\/strong><\/p>\n<p><a href=\"https:\/\/inscastelli-cha.infd.edu.ar\/sitio\/profesorado-para-la-educacion-secundaria-en-matematica\/\" target=\"_blank\" rel=\"noopener\">PROFESORADO DE EDUC. SECUNDARIA EN MATEM\u00c1TICAS<\/a>\u00a0 4 a\u00f1os<\/p>\n<p><a href=\"https:\/\/inscastelli-cha.infd.edu.ar\/sitio\/profesorado-para-la-educacion-secundaria-en-biologia\/\" target=\"_blank\" rel=\"noopener\">PROFESORADO DE EDUC. SECUNDARIA EN BIOLOG\u00cdA<\/a>\u00a0 4 a\u00f1os<\/p>\n<p><a href=\"https:\/\/inscastelli-cha.infd.edu.ar\/sitio\/profesorado-para-la-educacion-tecnologica\/\" target=\"_blank\" rel=\"noopener\">PROFESORADO DE EDUCACI\u00d3N TECNOL\u00d3GICA\u00a0<\/a>\u00a0 4 a\u00f1os<\/p>\n<p><a href=\"https:\/\/inscastelli-cha.infd.edu.ar\/sitio\/tecnicatura-superior-en-produccion-frutihorticola\/\" target=\"_blank\" rel=\"noopener\">TECNICATURA SUPERIOR EN PRODUCCI\u00d3N FRUTIHORT\u00cdCOLA\u00a0<\/a> 3 a\u00f1os<\/p>\n<p><a href=\"https:\/\/inscastelli-cha.infd.edu.ar\/sitio\/tecnicatura-superior-en-diseno-grafico-y-digital\/\" target=\"_blank\" rel=\"noopener\">TECNICATURA SUPERIOR EN DISE\u00d1O GR\u00c1FICO Y DIGITAL<\/a>\u00a0 3 a\u00f1os<\/p>\n<p>&nbsp;<\/p>\n","protected":false},"excerpt":{"rendered":"<p>CARRERAS &#8211; CICLO LECTIVO 2026 INSTITUTO DE EDUCACI\u00d3N SUPERIOR \u201cREN\u00c9 FAVALORO\u201d PRE-INSCRIPCIONES A PRIMER A\u00d1O: DESDE 15 DE DICIEMBRE 2025 HASTA EL 20 DE MARZO DEL 2026- (Para realizar la preinscripci\u00f3n no es necesario presentar documentaci\u00f3n alguna. La entrega de los documentos requeridos se solicitar\u00e1 una vez que haya finalizado el cursado del proped\u00e9utico.) Formulario &#8230; <a title=\"CARRERAS\" class=\"read-more\" href=\"https:\/\/inscastelli-cha.infd.edu.ar\/sitio\/carreras\/\" aria-label=\"More on CARRERAS\">[+]<\/a><\/p>\n","protected":false},"author":480,"featured_media":0,"parent":0,"menu_order":0,"comment_status":"closed","ping_status":"closed","template":"","meta":[],"acf":[],"_links":{"self":[{"href":"https:\/\/inscastelli-cha.infd.edu.ar\/sitio\/wp-json\/wp\/v2\/pages\/2621"}],"collection":[{"href":"https:\/\/inscastelli-cha.infd.edu.ar\/sitio\/wp-json\/wp\/v2\/pages"}],"about":[{"href":"https:\/\/inscastelli-cha.infd.edu.ar\/sitio\/wp-json\/wp\/v2\/types\/page"}],"author":[{"embeddable":true,"href":"https:\/\/inscastelli-cha.infd.edu.ar\/sitio\/wp-json\/wp\/v2\/users\/480"}],"replies":[{"embeddable":true,"href":"https:\/\/inscastelli-cha.infd.edu.ar\/sitio\/wp-json\/wp\/v2\/comments?post=2621"}],"version-history":[{"count":107,"href":"https:\/\/inscastelli-cha.infd.edu.ar\/sitio\/wp-json\/wp\/v2\/pages\/2621\/revisions"}],"predecessor-version":[{"id":5182,"href":"https:\/\/inscastelli-cha.infd.edu.ar\/sitio\/wp-json\/wp\/v2\/pages\/2621\/revisions\/5182"}],"wp:attachment":[{"href":"https:\/\/inscastelli-cha.infd.edu.ar\/sitio\/wp-json\/wp\/v2\/media?parent=2621"}],"curies":[{"name":"wp","href":"https:\/\/api.w.org\/{rel}","templated":true}]}}