{"id":2658,"date":"2021-10-19T10:37:52","date_gmt":"2021-10-19T13:37:52","guid":{"rendered":"https:\/\/inscastelli-cha.infd.edu.ar\/sitio\/?page_id=2658"},"modified":"2026-03-31T17:19:36","modified_gmt":"2026-03-31T20:19:36","slug":"docentes","status":"publish","type":"page","link":"https:\/\/inscastelli-cha.infd.edu.ar\/sitio\/docentes\/","title":{"rendered":"DOCENTES"},"content":{"rendered":"<h5><a href=\"https:\/\/drive.google.com\/drive\/folders\/1Co6ZCWjS2amQYVrZo9u4Ve_J4WxEbwBM?usp=sharing\" target=\"_blank\" rel=\"noopener\">INSCRIPCI\u00d3N INTERINATOS Y SUPLENCIAS PERIODO B 2026<\/a><\/h5>\n<h5><a href=\"https:\/\/drive.google.com\/drive\/folders\/1eIiV48caY5FzR28wjjDVNM8qXBSwmXFt?usp=sharing\" target=\"_blank\" rel=\"noopener\">Atenci\u00f3n! Documentos administrativos importantes INSTITUTO DE EDUCACI\u00d3N SUPERIOR REN\u00c9 FAVALORO. 2026 (Licencias; etc)<\/a><\/h5>\n<h5><a href=\"https:\/\/docs.google.com\/forms\/d\/e\/1FAIpQLSenXKqXr1QhGQ8Z0s1WV0Df47OfZTY-JP11pJVJKz88ZgX09Q\/viewform\" target=\"_blank\" rel=\"noopener\">ENLACE FORMULARIO SOLICITUD LICENCIA.<\/a><\/h5>\n<p><strong><a href=\"https:\/\/drive.google.com\/drive\/folders\/1O-5-LCc94Vmr0BFodteKlGjqO12ersqi?usp=sharing\" target=\"_blank\" rel=\"noopener\">CIRCULARES 2026<\/a>\u00a0<\/strong> \u00a0 \u00a0 \u00a0 \u00a0 \u00a0 \u00a0<a href=\"https:\/\/drive.google.com\/drive\/folders\/1h9F1VBuMYi5A4GSDnkksEQGklUfGB37V?usp=sharing\" target=\"_blank\" rel=\"noopener\"><strong>CIRCULARES 2025<\/strong><\/a><\/p>\n<h5><a href=\"https:\/\/inscastelli-cha.infd.edu.ar\/sitio\/documentos-pedagogicos-y-administrativos\/\">Documentos Pedag\u00f3gicos y Administrativos \u2013 INSTITUTO DE EDUCACI\u00d3N SUPERIOR \u00abREN\u00c9 FAVALORO\u00bb<\/a><\/h5>\n<p><strong><a href=\"https:\/\/inscastelli-cha.infd.edu.ar\/sitio\/tutoriales\/\" target=\"_blank\" rel=\"noopener\">TUTORIALES\/INFOD<\/a>-CAMPUS.<\/strong><\/p>\n<p style=\"text-align: center;\"><div  class=\"lgc-column lgc-grid-parent lgc-grid-33 lgc-tablet-grid-50 lgc-mobile-grid-100 lgc-equal-heights \"><div  class=\"inside-grid-column\"><a href=\"https:\/\/insup.com.ar\/Favaloro\/docentes\/\" target=\"_blank\" rel=\"noopener\"><img decoding=\"async\" loading=\"lazy\" class=\"aligncenter wp-image-4615\" src=\"https:\/\/inscastelli-cha.infd.edu.ar\/sitio\/wp-content\/uploads\/2024\/11\/docentes1.jpg\" alt=\"\" width=\"156\" height=\"134\" \/><\/a>\n<p style=\"text-align: center;\">\u00a0 \u00a0 \u00a0 \u00a0 \u00a0 \u00a0 \u00a0 \u00a0 \u00a0 \u00a0 \u00a0 \u00a0 \u00a0 \u00a0 \u00a0 \u00a0 \u00a0 \u00a0 \u00a0 \u00a0 \u00a0 \u00a0 \u00a0 \u00a0 \u00a0 \u00a0 \u00a0 \u00a0 \u00a0 \u00a0 \u00a0 \u00a0 \u00a0 \u00a0 \u00a0 \u00a0 \u00a0 \u00a0 \u00a0 \u00a0 \u00a0 DOCENTES\/CARGAS\/INSUP<\/p><\/div><\/div><div  class=\"lgc-column lgc-grid-parent lgc-grid-33 lgc-tablet-grid-50 lgc-mobile-grid-100 lgc-equal-heights \"><div  class=\"inside-grid-column\"><a href=\"https:\/\/insup.com.ar\/Favaloro\/324587j4f86340986046\/\" target=\"_blank\" rel=\"noopener\"><img decoding=\"async\" loading=\"lazy\" class=\"aligncenter wp-image-4618\" src=\"https:\/\/inscastelli-cha.infd.edu.ar\/sitio\/wp-content\/uploads\/2024\/11\/bedelia.png\" alt=\"\" width=\"157\" height=\"141\" \/><\/a>\n<p style=\"text-align: center;\">\u00a0 \u00a0 \u00a0 \u00a0 \u00a0 \u00a0 \u00a0 \u00a0 \u00a0 \u00a0 \u00a0 \u00a0 \u00a0 \u00a0 \u00a0 \u00a0 \u00a0 \u00a0 \u00a0 \u00a0 \u00a0 \u00a0 \u00a0 \u00a0 \u00a0 \u00a0 \u00a0 \u00a0 \u00a0 \u00a0 \u00a0 \u00a0 \u00a0 \u00a0 \u00a0 \u00a0 \u00a0 \u00a0 \u00a0 \u00a0 \u00a0 \u00a0 BEDEL\u00cdA\/INSUP<\/p><\/div><\/div><div  class=\"lgc-column lgc-grid-parent lgc-grid-33 lgc-tablet-grid-50 lgc-mobile-grid-100 lgc-equal-heights \"><div  class=\"inside-grid-column\"><a href=\"https:\/\/red.infd.edu.ar\/\" target=\"_blank\" rel=\"noopener\"><img decoding=\"async\" loading=\"lazy\" class=\"aligncenter wp-image-4621\" src=\"https:\/\/inscastelli-cha.infd.edu.ar\/sitio\/wp-content\/uploads\/2024\/11\/infod.jpg\" alt=\"\" width=\"193\" height=\"134\" \/><\/a><\/div><\/div>\n<p style=\"text-align: center;\">\u00a0<\/p>\n","protected":false},"excerpt":{"rendered":"<p>INSCRIPCI\u00d3N INTERINATOS Y SUPLENCIAS PERIODO B 2026 Atenci\u00f3n! Documentos administrativos importantes INSTITUTO DE EDUCACI\u00d3N SUPERIOR REN\u00c9 FAVALORO. 2026 (Licencias; etc) ENLACE FORMULARIO SOLICITUD LICENCIA. CIRCULARES 2026\u00a0 \u00a0 \u00a0 \u00a0 \u00a0 \u00a0 \u00a0CIRCULARES 2025 Documentos Pedag\u00f3gicos y Administrativos \u2013 INSTITUTO DE EDUCACI\u00d3N SUPERIOR \u00abREN\u00c9 FAVALORO\u00bb TUTORIALES\/INFOD-CAMPUS. \u00a0<\/p>\n","protected":false},"author":480,"featured_media":0,"parent":0,"menu_order":0,"comment_status":"closed","ping_status":"closed","template":"","meta":[],"acf":[],"_links":{"self":[{"href":"https:\/\/inscastelli-cha.infd.edu.ar\/sitio\/wp-json\/wp\/v2\/pages\/2658"}],"collection":[{"href":"https:\/\/inscastelli-cha.infd.edu.ar\/sitio\/wp-json\/wp\/v2\/pages"}],"about":[{"href":"https:\/\/inscastelli-cha.infd.edu.ar\/sitio\/wp-json\/wp\/v2\/types\/page"}],"author":[{"embeddable":true,"href":"https:\/\/inscastelli-cha.infd.edu.ar\/sitio\/wp-json\/wp\/v2\/users\/480"}],"replies":[{"embeddable":true,"href":"https:\/\/inscastelli-cha.infd.edu.ar\/sitio\/wp-json\/wp\/v2\/comments?post=2658"}],"version-history":[{"count":44,"href":"https:\/\/inscastelli-cha.infd.edu.ar\/sitio\/wp-json\/wp\/v2\/pages\/2658\/revisions"}],"predecessor-version":[{"id":5243,"href":"https:\/\/inscastelli-cha.infd.edu.ar\/sitio\/wp-json\/wp\/v2\/pages\/2658\/revisions\/5243"}],"wp:attachment":[{"href":"https:\/\/inscastelli-cha.infd.edu.ar\/sitio\/wp-json\/wp\/v2\/media?parent=2658"}],"curies":[{"name":"wp","href":"https:\/\/api.w.org\/{rel}","templated":true}]}}