{"id":2718,"date":"2021-10-20T10:13:30","date_gmt":"2021-10-20T13:13:30","guid":{"rendered":"https:\/\/inscastelli-cha.infd.edu.ar\/sitio\/?page_id=2718"},"modified":"2026-02-26T19:22:08","modified_gmt":"2026-02-26T22:22:08","slug":"mesas-de-examenes-agosto","status":"publish","type":"page","link":"https:\/\/inscastelli-cha.infd.edu.ar\/sitio\/mesas-de-examenes-agosto\/","title":{"rendered":"Mesas de Ex\u00e1menes Finales"},"content":{"rendered":"<p>MESAS MARZO 2026-1\u00b0 TURNO<\/p>\n<ul>\n<li>\n<h5><a href=\"https:\/\/drive.google.com\/file\/d\/11GYFtSge3ebUaB5PYCGwFkhP2KCqVFeE\/view?usp=sharing\" target=\"_blank\" rel=\"noopener\">Profesorado de Educaci\u00f3n Superior en Artes Visuales<\/a><\/h5>\n<\/li>\n<li>\n<h5><a href=\"https:\/\/drive.google.com\/file\/d\/1K82UzeCTK3KegjGRjy5Qmx0jhYtGgSgg\/view?usp=sharing\" target=\"_blank\" rel=\"noopener\">Profesorado para la Educaci\u00f3n Secundaria en Matem\u00e1tica<\/a><\/h5>\n<\/li>\n<li>\n<h5><a href=\"https:\/\/drive.google.com\/file\/d\/1_riX2nCqPip1IrpTiaRtvtBMzhEu_B7X\/view?usp=sharing\" target=\"_blank\" rel=\"noopener\">Profesorado para la Educaci\u00f3n Primaria &#8211; Comisi\u00f3n A<\/a><\/h5>\n<\/li>\n<li>\n<h5><a href=\"https:\/\/drive.google.com\/file\/d\/14tFUMo7Kpev22dbbXzZRBY73Mb1Q3k-T\/view?usp=sharing\" target=\"_blank\" rel=\"noopener\">Profesorado para la Educaci\u00f3n Primaria &#8211; Comisi\u00f3n B<\/a><\/h5>\n<\/li>\n<li>\n<h5><a href=\"https:\/\/drive.google.com\/file\/d\/1SWz3zE7rrjBhOaGF2PIyHtOJpKDuL4Tu\/view?usp=sharing\" target=\"_blank\" rel=\"noopener\">Profesorado de Educaci\u00f3n Superior en M\u00fasica<\/a><\/h5>\n<\/li>\n<li>\n<h5><a href=\"https:\/\/drive.google.com\/file\/d\/1nZIiZnxlbUqOZcthlESSbcEOxA3_3a-_\/view?usp=sharing\" target=\"_blank\" rel=\"noopener\">Profesorado de Educaci\u00f3n Superior en Educaci\u00f3n F\u00edsica<\/a><\/h5>\n<\/li>\n<li>\n<h5><a href=\"https:\/\/drive.google.com\/file\/d\/1d65IoLvsS7bURjXBxKg8UzV5aHoQW-z4\/view?usp=sharing\" target=\"_blank\" rel=\"noopener\">Profesorado para la Educaci\u00f3n Secundaria en F\u00edsica<\/a><\/h5>\n<\/li>\n<li>\n<h5><a href=\"https:\/\/drive.google.com\/file\/d\/185a-0qpA-i30mByNiLCqbA0UE66Fr_Hz\/view?usp=sharing\" target=\"_blank\" rel=\"noopener\">Profesorado para la Educaci\u00f3n Secundaria en Lengua y Literatura<\/a><\/h5>\n<\/li>\n<li>\n<h5><a href=\"https:\/\/drive.google.com\/file\/d\/1QsdknHZ_EajMyJTCT7_YQv5l120fHtj7\/view?usp=sharing\" target=\"_blank\" rel=\"noopener\">Profesorado para la Educaci\u00f3n Secundaria en Qu\u00edmica<\/a><\/h5>\n<\/li>\n<li>\n<h5><a href=\"https:\/\/drive.google.com\/file\/d\/1brE7MPEx7mPBvOi85DIh77w1EjWe2srY\/view?usp=sharing\" target=\"_blank\" rel=\"noopener\">Profesorado Qu\u00edmica Plan Viejo<\/a><\/h5>\n<\/li>\n<li>\n<h5><a href=\"https:\/\/drive.google.com\/file\/d\/1ebl7GwBgjRoP9A3WqRjvP3KhE7zvtE6z\/view?usp=sharing\" target=\"_blank\" rel=\"noopener\">Profesorado para la Educaci\u00f3n Inicial<\/a><\/h5>\n<\/li>\n<li>\n<h5><a href=\"https:\/\/drive.google.com\/file\/d\/1MKACc118Tj60GMAzUIIvdkuiIIpfvV0g\/view?usp=sharing\" target=\"_blank\" rel=\"noopener\">Profesorado para la Educaci\u00f3n Secundaria en Lengua y Literatura &#8211; PLAN VIEJO.<\/a><\/h5>\n<\/li>\n<li>\n<h5><a href=\"https:\/\/drive.google.com\/file\/d\/1D-WKh3OT51RlthnqdjfcpF914abu1SPo\/view?usp=sharing\" target=\"_blank\" rel=\"noopener\">Profesorado para la Educaci\u00f3n Especial<\/a><\/h5>\n<\/li>\n<li>\n<h5><a href=\"https:\/\/drive.google.com\/file\/d\/1GSjsn00DlWRRE6oTx_BevY8KZwuoHnxE\/view?usp=sharing\" target=\"_blank\" rel=\"noopener\">Profesorado de Educaci\u00f3n Secundaria en Econom\u00eda<\/a><\/h5>\n<\/li>\n<li>\n<h5><a href=\"https:\/\/drive.google.com\/file\/d\/1aI8izL3DIIyAJ44ULkvVYe1MFsp63PYp\/view?usp=sharing\" target=\"_blank\" rel=\"noopener\">Profesorado para la Educaci\u00f3n Tecnol\u00f3gica<\/a><\/h5>\n<\/li>\n<li>\n<h5><a href=\"https:\/\/drive.google.com\/file\/d\/1qSQpm9zE2G9wDfcZdbesy_JCe76yB_Mi\/view?usp=sharing\" target=\"_blank\" rel=\"noopener\">Profesorado Ed. Sec en Biolog\u00eda<\/a><\/h5>\n<\/li>\n<li>\n<h5><a href=\"https:\/\/drive.google.com\/file\/d\/1GJI9NUgjhKEGWNHYLmI-I3NwnhCJAyi-\/view?usp=sharing\" target=\"_blank\" rel=\"noopener\">Profesores Suplentes &#8211; Turno Ma\u00f1ana<\/a><\/h5>\n<\/li>\n<li>\n<h5><a href=\"https:\/\/drive.google.com\/file\/d\/1lCW6jPMiyI9v5issMqhO1KcbEdwOuCPn\/view?usp=sharing\" target=\"_blank\" rel=\"noopener\">Tecnicatura Superior en Software<\/a><\/h5>\n<\/li>\n<li>\n<h5><a href=\"https:\/\/drive.google.com\/file\/d\/1zs6iRrM-xWoY-CSF7z9-Vhp4sg1GXOc6\/view?usp=sharing\" target=\"_blank\" rel=\"noopener\">Tecnicatura Sup. en Alimentos<\/a><\/h5>\n<\/li>\n<li>\n<h5><a href=\"https:\/\/drive.google.com\/file\/d\/1VifB-0EYFxI7IBFWG3-h6dLRDUol7Ynx\/view?usp=sharing\" target=\"_blank\" rel=\"noopener\">Tecnicatura Sup. en Dise\u00f1o Gr\u00e1fico y Digital<\/a><\/h5>\n<\/li>\n<li>\n<h5><a href=\"https:\/\/drive.google.com\/file\/d\/18CIuz6bb1RR4cIFNhmIvfzZ9yT4RrTW1\/view?usp=sharing\" target=\"_blank\" rel=\"noopener\">Tecnicatura Superior en Turismo sobre espacios rurales<\/a><\/h5>\n<\/li>\n<li>\n<h5><a href=\"https:\/\/drive.google.com\/file\/d\/1Q1ihgCkez9BGGMBqdTr1Xj7UHpwOOBlW\/view?usp=sharing\" target=\"_blank\" rel=\"noopener\">Tecnicatura en Producci\u00f3n Frutihort\u00edcola<\/a><\/h5>\n<\/li>\n<\/ul>\n<p>MESAS DICIEMBRE 2025.<\/p>\n<ul>\n<li>\n<h5>Profesorado de Educaci\u00f3n Superior en Teatro<\/h5>\n<\/li>\n<li>\n<h5>Profesorado de Educaci\u00f3n Superior en Artes Visuales<\/h5>\n<\/li>\n<li>\n<h5>Profesorado para la Educaci\u00f3n Secundaria en Matem\u00e1tica<\/h5>\n<\/li>\n<li>\n<h5>Profesorado para la Educaci\u00f3n Primaria &#8211; Comisi\u00f3n A<\/h5>\n<\/li>\n<li>\n<h5>Profesorado para la Educaci\u00f3n Primaria &#8211; Comisi\u00f3n B<\/h5>\n<\/li>\n<li>\n<h5>Profesorado de Educaci\u00f3n Superior en M\u00fasica<\/h5>\n<\/li>\n<li>\n<h5>Profesorado de Educaci\u00f3n Superior en Educaci\u00f3n F\u00edsica<\/h5>\n<\/li>\n<li>\n<h5>Profesorado para la Educaci\u00f3n Secundaria en F\u00edsica<\/h5>\n<\/li>\n<li>\n<h5>Profesorado para la Educaci\u00f3n Secundaria en Lengua y Literatura<\/h5>\n<\/li>\n<li>\n<h5>Profesorado para la Educaci\u00f3n Secundaria en Qu\u00edmica<\/h5>\n<\/li>\n<li>\n<h5>Profesorado para la Educaci\u00f3n Inicial<\/h5>\n<\/li>\n<li>\n<h5>Profesorado para la Educaci\u00f3n Secundaria en Lengua y Literatura &#8211; PLAN VIEJO.<\/h5>\n<\/li>\n<li>\n<h5>Profesorado para la Educaci\u00f3n Especial<\/h5>\n<\/li>\n<li>\n<h5>Profesorado de Educaci\u00f3n Secundaria en Econom\u00eda<\/h5>\n<\/li>\n<li>\n<h5><a href=\"https:\/\/drive.google.com\/file\/d\/1QXFL8ZZCYdtp9OdvjQyzFwT1YPw_k2IK\/view?usp=sharing\" target=\"_blank\" rel=\"noopener\">Profesorado para la Educaci\u00f3n Tecnol\u00f3gica<\/a><\/h5>\n<\/li>\n<li>\n<h5>Profesores Suplentes &#8211; Turno Ma\u00f1ana<\/h5>\n<\/li>\n<li>\n<h5><a href=\"https:\/\/drive.google.com\/file\/d\/16VptGNrbBRyGDofmKh-SDm_yQwcOVcnm\/view?usp=sharing\" target=\"_blank\" rel=\"noopener\">Tecnicatura Superior en Software<\/a><\/h5>\n<\/li>\n<li>\n<h5><a href=\"https:\/\/drive.google.com\/file\/d\/1Z3hZXQwNXhHCSuQYQu1k-cRHoFrcAvDq\/view?usp=sharing\" target=\"_blank\" rel=\"noopener\">Tecnicatura Sup. en Dise\u00f1o Gr\u00e1fico y Digital<\/a><\/h5>\n<\/li>\n<li>\n<h5>Tecnicatura Superior en Comunicaci\u00f3n Social con Or. Mult.<\/h5>\n<\/li>\n<li>\n<h5>Tecnicatura Superior en Turismo sobre espacios rurales<\/h5>\n<\/li>\n<li>\n<h5>Tecnicatura en Producci\u00f3n Frutihort\u00edcola<\/h5>\n<\/li>\n<li>\n<h5>Profesorado de Educaci\u00f3n Secundaria en Ciencia Pol\u00edtica<\/h5>\n<\/li>\n<\/ul>\n<p>MESAS AGOSTO\u00a0 2025<\/p>\n<ul>\n<li>\n<h5><a href=\"https:\/\/drive.google.com\/file\/d\/1clZRbeLRjwCTwTFp0ftJlKwcD0Y2LnyO\/view?usp=sharing\" target=\"_blank\" rel=\"noopener\">Profesorado de Educaci\u00f3n Superior en Artes Visuales<\/a><\/h5>\n<\/li>\n<li>\n<h5><a href=\"https:\/\/drive.google.com\/file\/d\/1qY__8kTjLQVy2YDnJ2RZM-XD4wfPVCMP\/view?usp=sharing\" target=\"_blank\" rel=\"noopener\">Profesorado para la Educaci\u00f3n Secundaria en Matem\u00e1tica<\/a><\/h5>\n<\/li>\n<li>\n<h5><a href=\"https:\/\/drive.google.com\/file\/d\/1jtltCkqNhjmJnbqVKml0K7WFJQGcE6c2\/view?usp=sharing\" target=\"_blank\" rel=\"noopener\">Profesorado para la Educaci\u00f3n Primaria &#8211; Comisi\u00f3n A<\/a><\/h5>\n<\/li>\n<li>\n<h5><a href=\"https:\/\/drive.google.com\/file\/d\/1V49wtXX4LOtNFsePymiP0P9YLHAk3HRG\/view?usp=sharing\" target=\"_blank\" rel=\"noopener\">Profesorado para la Educaci\u00f3n Primaria &#8211; Comisi\u00f3n B<\/a><\/h5>\n<\/li>\n<li>\n<h5><a href=\"https:\/\/drive.google.com\/file\/d\/12mzjQ8x_249ofZXvrt0RGM6ygDV3cX5g\/view?usp=sharing\" target=\"_blank\" rel=\"noopener\">Profesorado de Educaci\u00f3n Superior en M\u00fasica<\/a><\/h5>\n<\/li>\n<li>\n<h5>Profesorado de Educaci\u00f3n Superior en Educaci\u00f3n F\u00edsica<\/h5>\n<\/li>\n<li>\n<h5><a href=\"https:\/\/drive.google.com\/file\/d\/1_zhMZXlX4QpsvCu6nDtea0j5iRuuf_dd\/view?usp=sharing\" target=\"_blank\" rel=\"noopener\">Profesorado para la Educaci\u00f3n Secundaria en F\u00edsica<\/a><\/h5>\n<\/li>\n<li>\n<h5><a href=\"https:\/\/drive.google.com\/file\/d\/1ImeXu3sLtjsXKM0HcyO51HfVqJs8sKhH\/view?usp=sharing\" target=\"_blank\" rel=\"noopener\">Profesorado para la Educaci\u00f3n Secundaria en Lengua y Literatura<\/a><\/h5>\n<\/li>\n<li>\n<h5><a href=\"https:\/\/drive.google.com\/file\/d\/1NhsYJAakBS5BPhQLaehoM-18JCha8SuA\/view?usp=sharing\" target=\"_blank\" rel=\"noopener\">Profesorado para la Educaci\u00f3n Secundaria en Qu\u00edmica<\/a><\/h5>\n<\/li>\n<li>\n<h5><a href=\"https:\/\/drive.google.com\/file\/d\/1O7rjk5E7jh7jzS4yDbgAeFJVdawaGR0v\/view?usp=sharing\" target=\"_blank\" rel=\"noopener\">Profesorado para la Educaci\u00f3n Inicial<\/a><\/h5>\n<\/li>\n<li>\n<h5><a href=\"https:\/\/drive.google.com\/file\/d\/1usWGc7f8QUXIDWuwTXroV85m2iQV1_PL\/view?usp=sharing\" target=\"_blank\" rel=\"noopener\">Profesorado para la Educaci\u00f3n Secundaria en Lengua y Literatura &#8211; PLAN VIEJO.<\/a><\/h5>\n<\/li>\n<li>\n<h5><a href=\"https:\/\/drive.google.com\/file\/d\/1FceLLlqbwsYSIcZPS9OpgV2bo8SskaFZ\/view?usp=sharing\" target=\"_blank\" rel=\"noopener\">Profesorado para la Educaci\u00f3n Especial<\/a><\/h5>\n<\/li>\n<li>\n<h5><a href=\"https:\/\/drive.google.com\/file\/d\/1EmFK_K4ziZvM5WAAm_CN0v-X1MXbBISE\/view?usp=sharing\" target=\"_blank\" rel=\"noopener\">Profesorado de educ. Sec\u00a0 en Cs. Pol\u00edticas<\/a><\/h5>\n<\/li>\n<li>\n<h5><a href=\"https:\/\/drive.google.com\/file\/d\/1LjurIzqnkEDc_M_XRzKkzYjTIuqPRg2Z\/view?usp=sharing\" target=\"_blank\" rel=\"noopener\">Profesorado para la Educaci\u00f3n Tecnol\u00f3gica<\/a><\/h5>\n<\/li>\n<li>\n<h5><a href=\"https:\/\/drive.google.com\/file\/d\/1r0O2uv-IeR_POTW5O_aj-4oSyJzZ6SOz\/view?usp=sharing\" target=\"_blank\" rel=\"noopener\">Profesorado Educ. Sec. en Biolog\u00eda<\/a><\/h5>\n<\/li>\n<li>\n<h5><a href=\"https:\/\/drive.google.com\/file\/d\/1XbZa0RQ_wep0n31YIIpSOZPy6KlZoTu7\/view?usp=sharing\" target=\"_blank\" rel=\"noopener\">Profesores Suplentes &#8211; Turno Ma\u00f1ana<\/a><\/h5>\n<\/li>\n<li>\n<h5><a href=\"https:\/\/drive.google.com\/file\/d\/1OkHfar0cYgSWHQdsSMKFPjvtkup-fbH2\/view?usp=sharing\" target=\"_blank\" rel=\"noopener\">Tecnicatura Superior en Tecnolog\u00eda de los Alimentos<\/a><\/h5>\n<\/li>\n<li>\n<h5><a href=\"https:\/\/drive.google.com\/file\/d\/1vu_588KFs-H20iMd9of7aUZQnCqnkUpw\/view?usp=sharing\" target=\"_blank\" rel=\"noopener\">Tecnicatura Superior en Comunicaci\u00f3n Social con Or. Mult.<\/a><\/h5>\n<\/li>\n<li>\n<h5><a href=\"https:\/\/drive.google.com\/file\/d\/1BZky4vqcYqpK6rINmB1V71J4TM8bS1Fx\/view?usp=sharing\" target=\"_blank\" rel=\"noopener\">Tecnicatura Superior en Turismo sobre espacios rurales<\/a><\/h5>\n<\/li>\n<li>\n<h5><a href=\"https:\/\/drive.google.com\/file\/d\/1fl7Dk5WTUqwZ8Lj-IggnU4gmRo3SBfv9\/view?usp=sharing\" target=\"_blank\" rel=\"noopener\">Tecnicatura en Producci\u00f3n Frutihort\u00edcola<\/a><\/h5>\n<\/li>\n<li>\n<h5><a href=\"https:\/\/drive.google.com\/file\/d\/1O3j-ueqLr3AVFYoaUN-Q5GlAXN3ZymH_\/view?usp=sharing\" target=\"_blank\" rel=\"noopener\">Tecnicatura Sup. en Des. de Software<\/a><\/h5>\n<\/li>\n<\/ul>\n","protected":false},"excerpt":{"rendered":"<p>MESAS MARZO 2026-1\u00b0 TURNO Profesorado de Educaci\u00f3n Superior en Artes Visuales Profesorado para la Educaci\u00f3n Secundaria en Matem\u00e1tica Profesorado para la Educaci\u00f3n Primaria &#8211; Comisi\u00f3n A Profesorado para la Educaci\u00f3n Primaria &#8211; Comisi\u00f3n B Profesorado de Educaci\u00f3n Superior en M\u00fasica Profesorado de Educaci\u00f3n Superior en Educaci\u00f3n F\u00edsica Profesorado para la Educaci\u00f3n Secundaria en F\u00edsica Profesorado &#8230; <a title=\"Mesas de Ex\u00e1menes Finales\" class=\"read-more\" href=\"https:\/\/inscastelli-cha.infd.edu.ar\/sitio\/mesas-de-examenes-agosto\/\" aria-label=\"More on Mesas de Ex\u00e1menes Finales\">[+]<\/a><\/p>\n","protected":false},"author":480,"featured_media":0,"parent":0,"menu_order":0,"comment_status":"closed","ping_status":"closed","template":"","meta":[],"acf":[],"_links":{"self":[{"href":"https:\/\/inscastelli-cha.infd.edu.ar\/sitio\/wp-json\/wp\/v2\/pages\/2718"}],"collection":[{"href":"https:\/\/inscastelli-cha.infd.edu.ar\/sitio\/wp-json\/wp\/v2\/pages"}],"about":[{"href":"https:\/\/inscastelli-cha.infd.edu.ar\/sitio\/wp-json\/wp\/v2\/types\/page"}],"author":[{"embeddable":true,"href":"https:\/\/inscastelli-cha.infd.edu.ar\/sitio\/wp-json\/wp\/v2\/users\/480"}],"replies":[{"embeddable":true,"href":"https:\/\/inscastelli-cha.infd.edu.ar\/sitio\/wp-json\/wp\/v2\/comments?post=2718"}],"version-history":[{"count":133,"href":"https:\/\/inscastelli-cha.infd.edu.ar\/sitio\/wp-json\/wp\/v2\/pages\/2718\/revisions"}],"predecessor-version":[{"id":5199,"href":"https:\/\/inscastelli-cha.infd.edu.ar\/sitio\/wp-json\/wp\/v2\/pages\/2718\/revisions\/5199"}],"wp:attachment":[{"href":"https:\/\/inscastelli-cha.infd.edu.ar\/sitio\/wp-json\/wp\/v2\/media?parent=2718"}],"curies":[{"name":"wp","href":"https:\/\/api.w.org\/{rel}","templated":true}]}}