{"id":2780,"date":"2021-10-21T11:37:02","date_gmt":"2021-10-21T14:37:02","guid":{"rendered":"https:\/\/inscastelli-cha.infd.edu.ar\/sitio\/?page_id=2780"},"modified":"2024-11-13T23:30:57","modified_gmt":"2024-11-14T02:30:57","slug":"documentos-pedagogicos-y-administrativos","status":"publish","type":"page","link":"https:\/\/inscastelli-cha.infd.edu.ar\/sitio\/documentos-pedagogicos-y-administrativos\/","title":{"rendered":"Documentos Pedag\u00f3gicos y Administrativos"},"content":{"rendered":"\n<p><strong>DOCUMENTOS PEDAG\u00d3GICOS <\/strong><\/p>\n\n\n\n<ul>\n<li>Documento Orientador para la elaboraci\u00f3n del Programa Curricular \u00c1ulico<\/li>\n<\/ul>\n\n\n\n<ul>\n<li><a href=\"https:\/\/inscastelli-cha.infd.edu.ar\/sitio\/wp-content\/uploads\/2021\/05\/Dise\u00f1o-Curricular-\u00c1ulico-Documento-Orientador-Para-Su-Elaboraci\u00f3n.pdf\" data-type=\"URL\" data-id=\"https:\/\/inscastelli-cha.infd.edu.ar\/sitio\/wp-content\/uploads\/2021\/05\/Dise\u00f1o-Curricular-\u00c1ulico-Documento-Orientador-Para-Su-Elaboraci\u00f3n.pdf\">Documento Orientador para la elaboraci\u00f3n del Dise\u00f1o Curricular <\/a><\/li>\n<\/ul>\n\n\n\n<ul>\n<li><a href=\"https:\/\/inscastelli-cha.infd.edu.ar\/sitio\/wp-content\/uploads\/2021\/05\/Documento-Orientador-para-el-Dise\u00f1o-de-una-Clase-Virtual.pdf\" data-type=\"URL\" data-id=\"https:\/\/inscastelli-cha.infd.edu.ar\/sitio\/wp-content\/uploads\/2021\/05\/Documento-Orientador-para-el-Dise\u00f1o-de-una-Clase-Virtual.pdf\">Documento Orientador para el desarrollo de una clase virtual<\/a><\/li>\n<\/ul>\n\n\n\n<ul>\n<li><a href=\"https:\/\/inscastelli-cha.infd.edu.ar\/sitio\/wp-content\/uploads\/2021\/05\/Marco_referencial_de_capacidades.pdf\" data-type=\"URL\" data-id=\"https:\/\/inscastelli-cha.infd.edu.ar\/sitio\/wp-content\/uploads\/2021\/05\/Marco_referencial_de_capacidades.pdf\">Marco Referencial de Capacidades Profesionales de la Formaci\u00f3n Docente Inicial<\/a><\/li>\n<\/ul>\n\n\n\n<p><strong>REGLAMENTACIONES Y PROTOCOLOS<\/strong><\/p>\n\n\n\n<ul>\n<li><a href=\"https:\/\/inscastelli-cha.infd.edu.ar\/sitio\/wp-content\/uploads\/2022\/02\/REGLAMENTACION-CORRECCION-ORTOGRAFICA.pdf\" data-type=\"URL\" data-id=\"https:\/\/inscastelli-cha.infd.edu.ar\/sitio\/wp-content\/uploads\/2022\/02\/REGLAMENTACION-CORRECCION-ORTOGRAFICA.pdf\">Reglamento Correcci\u00f3n Ortogr\u00e1fica Aprob. Consejo Directivo 03\/18 <\/a><\/li>\n<\/ul>\n\n\n\n<ul>\n<li><a href=\"https:\/\/inscastelli-cha.infd.edu.ar\/sitio\/wp-content\/uploads\/2019\/05\/EVALUACI\u00d3N-SEG\u00daN-EL-R\u00c9GIMEN-DE-CURSADO.pdf\" data-type=\"URL\" data-id=\"https:\/\/inscastelli-cha.infd.edu.ar\/sitio\/wp-content\/uploads\/2019\/05\/EVALUACI\u00d3N-SEG\u00daN-EL-R\u00c9GIMEN-DE-CURSADO.pdf\">Cuadro S\u00edntesis sobre los Tipos de Evaluaci\u00f3n  seg\u00fan el R\u00e9gimen de Cursado<\/a><\/li>\n<\/ul>\n\n\n\n<ul>\n<li><a href=\"https:\/\/inscastelli-cha.infd.edu.ar\/sitio\/wp-content\/uploads\/2020\/08\/PROTOCOLO-PARA-MESAS-DE-EX\u00c1MENES-ESPECIALES-Y-EXTRAORDINARIAS.docx\" data-type=\"URL\" data-id=\"https:\/\/inscastelli-cha.infd.edu.ar\/sitio\/wp-content\/uploads\/2020\/08\/PROTOCOLO-PARA-MESAS-DE-EX\u00c1MENES-ESPECIALES-Y-EXTRAORDINARIAS.docx\">Protocolo y Evaluci\u00f3n de mesas especiales y extraordinarias 2020<\/a><\/li>\n<\/ul>\n\n\n\n<ul>\n<li><a href=\"https:\/\/inscastelli-cha.infd.edu.ar\/sitio\/wp-content\/uploads\/2021\/05\/ANEXO-2_PROTOCOLO-PARA-EL-CURSADO-Y-EVALUACI\u00d3N-DE-LAS-U.C._CICLO-2021.pdf\" data-type=\"URL\" data-id=\"https:\/\/inscastelli-cha.infd.edu.ar\/sitio\/wp-content\/uploads\/2021\/05\/ANEXO-2_PROTOCOLO-PARA-EL-CURSADO-Y-EVALUACI\u00d3N-DE-LAS-U.C._CICLO-2021.pdf\">Protocolo para el Cursado y Evaluaci\u00f3n de Unidades Curriculares <\/a><\/li>\n<\/ul>\n\n\n\n<ul>\n<li><a href=\"https:\/\/inscastelli-cha.infd.edu.ar\/sitio\/wp-content\/uploads\/2020\/10\/PROTOCOLO-PARA-MESAS-DE-EX\u00c1MENES-VIRTUALES.pdf\" data-type=\"URL\" data-id=\"https:\/\/inscastelli-cha.infd.edu.ar\/sitio\/wp-content\/uploads\/2020\/10\/PROTOCOLO-PARA-MESAS-DE-EX\u00c1MENES-VIRTUALES.pdf\">Protocolo para la Evaluaci\u00f3n de Mesas de Ex\u00e1menes Final<\/a><\/li>\n<\/ul>\n\n\n\n<ul>\n<li><a href=\"https:\/\/inscastelli-cha.infd.edu.ar\/sitio\/wp-content\/uploads\/2021\/05\/ACTA-REGULARIZACI\u00d3N_REGISTRO-VINCULACIONES-Y-PARCIALES.pdf\" data-type=\"URL\" data-id=\"https:\/\/inscastelli-cha.infd.edu.ar\/sitio\/wp-content\/uploads\/2021\/05\/ACTA-REGULARIZACI\u00d3N_REGISTRO-VINCULACIONES-Y-PARCIALES.pdf\">Acta de regularizaci\u00f3n y seguimiento de vinculaciones<\/a><\/li>\n<\/ul>\n\n\n\n<ul>\n<li><a href=\"https:\/\/inscastelli-cha.infd.edu.ar\/sitio\/wp-content\/uploads\/2022\/02\/RES_RAM-ROM.pdf\" data-type=\"URL\" data-id=\"https:\/\/inscastelli-cha.infd.edu.ar\/sitio\/wp-content\/uploads\/2022\/02\/RES_RAM-ROM.pdf\">Resoluci\u00f3n Reglamento Org\u00e1nico Marco (ROM) y Reglamento Acad\u00e9mico Marco (RAM) <\/a><\/li>\n<\/ul>\n\n\n\n<p><\/p>\n","protected":false},"excerpt":{"rendered":"<p>DOCUMENTOS PEDAG\u00d3GICOS REGLAMENTACIONES Y PROTOCOLOS<\/p>\n","protected":false},"author":480,"featured_media":0,"parent":0,"menu_order":0,"comment_status":"closed","ping_status":"closed","template":"","meta":[],"acf":[],"_links":{"self":[{"href":"https:\/\/inscastelli-cha.infd.edu.ar\/sitio\/wp-json\/wp\/v2\/pages\/2780"}],"collection":[{"href":"https:\/\/inscastelli-cha.infd.edu.ar\/sitio\/wp-json\/wp\/v2\/pages"}],"about":[{"href":"https:\/\/inscastelli-cha.infd.edu.ar\/sitio\/wp-json\/wp\/v2\/types\/page"}],"author":[{"embeddable":true,"href":"https:\/\/inscastelli-cha.infd.edu.ar\/sitio\/wp-json\/wp\/v2\/users\/480"}],"replies":[{"embeddable":true,"href":"https:\/\/inscastelli-cha.infd.edu.ar\/sitio\/wp-json\/wp\/v2\/comments?post=2780"}],"version-history":[{"count":21,"href":"https:\/\/inscastelli-cha.infd.edu.ar\/sitio\/wp-json\/wp\/v2\/pages\/2780\/revisions"}],"predecessor-version":[{"id":4515,"href":"https:\/\/inscastelli-cha.infd.edu.ar\/sitio\/wp-json\/wp\/v2\/pages\/2780\/revisions\/4515"}],"wp:attachment":[{"href":"https:\/\/inscastelli-cha.infd.edu.ar\/sitio\/wp-json\/wp\/v2\/media?parent=2780"}],"curies":[{"name":"wp","href":"https:\/\/api.w.org\/{rel}","templated":true}]}}