{"id":3791,"date":"2022-12-06T14:44:45","date_gmt":"2022-12-06T17:44:45","guid":{"rendered":"https:\/\/inscastelli-cha.infd.edu.ar\/sitio\/?page_id=3791"},"modified":"2026-03-30T10:43:17","modified_gmt":"2026-03-30T13:43:17","slug":"profesorado-para-la-educacion-tecnologica","status":"publish","type":"page","link":"https:\/\/inscastelli-cha.infd.edu.ar\/sitio\/profesorado-para-la-educacion-tecnologica\/","title":{"rendered":"Profesorado de Educaci\u00f3n Tecnol\u00f3gica"},"content":{"rendered":"\n<figure class=\"wp-block-image size-large\"><img decoding=\"async\" loading=\"lazy\" width=\"600\" height=\"300\" src=\"https:\/\/inscastelli-cha.infd.edu.ar\/sitio\/wp-content\/uploads\/2022\/12\/Educacion-tecnologica.jpg\" alt=\"\" class=\"wp-image-3792\"\/><\/figure>\n\n\n\n<p>(Hacer clic para descargar archivo)<\/p>\n\n\n\n<p><a href=\"https:\/\/drive.google.com\/file\/d\/1Gl0O4eaUxXzq3ALMBD7VkbQbAko4wTo1\/view?usp=sharing\" data-type=\"URL\" data-id=\"https:\/\/drive.google.com\/file\/d\/1Gl0O4eaUxXzq3ALMBD7VkbQbAko4wTo1\/view?usp=sharing\" target=\"_blank\" rel=\"noreferrer noopener\">DISE\u00d1O CURRICULAR<\/a><\/p>\n\n\n\n<div class=\"wp-block-file\"><a id=\"wp-block-file--media-293105e7-0f35-40e5-b1b8-df4595f301b0\" href=\"https:\/\/inscastelli-cha.infd.edu.ar\/sitio\/wp-content\/uploads\/2022\/12\/RESOLUCION-07619-14-PLAN-DE-ESTUDIO-EDUCACION-TECNOLOGICA-1-1.pdf\"><strong>PLAN DE ESTUDIO<\/strong><\/a><a href=\"https:\/\/inscastelli-cha.infd.edu.ar\/sitio\/wp-content\/uploads\/2022\/12\/RESOLUCION-07619-14-PLAN-DE-ESTUDIO-EDUCACION-TECNOLOGICA-1-1.pdf\" class=\"wp-block-file__button wp-element-button\" download aria-describedby=\"wp-block-file--media-293105e7-0f35-40e5-b1b8-df4595f301b0\"><\/a><\/div>\n\n\n\n<p><a href=\"https:\/\/drive.google.com\/file\/d\/1hpAK3CDkyW7RyYvyNT93_FzQSfeeKfs6\/view?usp=sharing\" data-type=\"URL\" data-id=\"https:\/\/drive.google.com\/file\/d\/1hpAK3CDkyW7RyYvyNT93_FzQSfeeKfs6\/view?usp=sharing\" target=\"_blank\" rel=\"noreferrer noopener\">CORRELATIVIDADES<\/a><\/p>\n\n\n\n<p class=\"has-text-align-center\"><strong><mark style=\"background-color:rgba(0, 0, 0, 0)\" class=\"has-inline-color has-contrast-color\">INGRESO 202<\/mark>6<\/strong><\/p>\n\n\n\n<p><mark style=\"background-color:rgba(0, 0, 0, 0)\" class=\"has-inline-color has-accent-color\"><strong>Cursado del Taller Proped\u00e9utico: inicio 06 de Abril <\/strong><\/mark><\/p>\n\n\n\n<p><a href=\"https:\/\/drive.google.com\/file\/d\/1RkMNqYTpdhzF3VALx8YT_Pm_mjcbuwwL\/view?usp=sharing\" data-type=\"URL\" data-id=\"https:\/\/drive.google.com\/file\/d\/1RkMNqYTpdhzF3VALx8YT_Pm_mjcbuwwL\/view?usp=sharing\" target=\"_blank\" rel=\"noreferrer noopener\">MATERIAL CARTILLA PROPED\u00c9UTICO 2026<\/a><\/p>\n","protected":false},"excerpt":{"rendered":"<p>(Hacer clic para descargar archivo) DISE\u00d1O CURRICULAR CORRELATIVIDADES INGRESO 2026 Cursado del Taller Proped\u00e9utico: inicio 06 de Abril MATERIAL CARTILLA PROPED\u00c9UTICO 2026<\/p>\n","protected":false},"author":480,"featured_media":0,"parent":0,"menu_order":0,"comment_status":"closed","ping_status":"closed","template":"","meta":[],"acf":[],"_links":{"self":[{"href":"https:\/\/inscastelli-cha.infd.edu.ar\/sitio\/wp-json\/wp\/v2\/pages\/3791"}],"collection":[{"href":"https:\/\/inscastelli-cha.infd.edu.ar\/sitio\/wp-json\/wp\/v2\/pages"}],"about":[{"href":"https:\/\/inscastelli-cha.infd.edu.ar\/sitio\/wp-json\/wp\/v2\/types\/page"}],"author":[{"embeddable":true,"href":"https:\/\/inscastelli-cha.infd.edu.ar\/sitio\/wp-json\/wp\/v2\/users\/480"}],"replies":[{"embeddable":true,"href":"https:\/\/inscastelli-cha.infd.edu.ar\/sitio\/wp-json\/wp\/v2\/comments?post=3791"}],"version-history":[{"count":16,"href":"https:\/\/inscastelli-cha.infd.edu.ar\/sitio\/wp-json\/wp\/v2\/pages\/3791\/revisions"}],"predecessor-version":[{"id":5229,"href":"https:\/\/inscastelli-cha.infd.edu.ar\/sitio\/wp-json\/wp\/v2\/pages\/3791\/revisions\/5229"}],"wp:attachment":[{"href":"https:\/\/inscastelli-cha.infd.edu.ar\/sitio\/wp-json\/wp\/v2\/media?parent=3791"}],"curies":[{"name":"wp","href":"https:\/\/api.w.org\/{rel}","templated":true}]}}