{"id":3927,"date":"2022-12-12T16:19:50","date_gmt":"2022-12-12T19:19:50","guid":{"rendered":"https:\/\/inscastelli-cha.infd.edu.ar\/sitio\/?page_id=3927"},"modified":"2022-12-12T16:21:51","modified_gmt":"2022-12-12T19:21:51","slug":"programa-de-estudio-del-profesorado-para-la-educacion-tecnologica","status":"publish","type":"page","link":"https:\/\/inscastelli-cha.infd.edu.ar\/sitio\/programa-de-estudio-del-profesorado-para-la-educacion-tecnologica\/","title":{"rendered":"Programa de Estudio del Profesorado para la Educaci\u00f3n Tecnol\u00f3gica"},"content":{"rendered":"\n<p><span class=\"has-inline-color has-vivid-purple-color\"><strong>Hacer clic en cada materia para descargar los programas<\/strong><\/span><\/p>\n\n\n\n<p><strong><span class=\"has-inline-color has-vivid-green-cyan-color\">Primer A\u00f1o<\/span><\/strong><\/p>\n\n\n\n<p><strong>De la Formaci\u00f3n General<\/strong><\/p>\n\n\n\n<p>Pedagog\u00eda<\/p>\n\n\n\n<p>Alfabetizaci\u00f3n Acad\u00e9mica<\/p>\n\n\n\n<p>Did\u00e1ctica General<\/p>\n\n\n\n<p><strong>De la Formaci\u00f3n Espec\u00edfica<\/strong><\/p>\n\n\n\n<p>Matem\u00e1tica Aplicada<\/p>\n\n\n\n<p>F\u00edsica &#8211; Qu\u00edmica<\/p>\n\n\n\n<p>Educaci\u00f3n Tecnol\u00f3gica<\/p>\n\n\n\n<p>Historia de la Tecnolog\u00eda<\/p>\n\n\n\n<p><strong>De la Formaci\u00f3n en la Pr\u00e1ctica Profesional<\/strong><\/p>\n\n\n\n<p>Pr\u00e1ctica Profesional I: Instituciones y Contextos Educativos<\/p>\n\n\n\n<p><\/p>\n\n\n\n<p><strong><span class=\"has-inline-color has-vivid-green-cyan-color\">Segundo A\u00f1o<\/span><\/strong><\/p>\n\n\n\n<p><strong>De la Formaci\u00f3n General<\/strong><\/p>\n\n\n\n<p>Psicolog\u00eda Educacional <\/p>\n\n\n\n<p>Filosof\u00eda<\/p>\n\n\n\n<p>Tecnolog\u00eda de la Informaci\u00f3n y de la Comunicaci\u00f3n en Educaci\u00f3n<\/p>\n\n\n\n<p>Cultura y Lenguas originarias<\/p>\n\n\n\n<p><strong>De la Formaci\u00f3n Espec\u00edfica <\/strong><\/p>\n\n\n\n<p>Sistemas Tecnol\u00f3gicos<\/p>\n\n\n\n<p>Modelos Tecnol\u00f3gicos<\/p>\n\n\n\n<p>Desarrollo Tecnol\u00f3gico y Ambiente<\/p>\n\n\n\n<p>Did\u00e1ctica de la Educaci\u00f3n Tecnol\u00f3gica I<\/p>\n\n\n\n<p>Sujetos de la Educaci\u00f3n<\/p>\n\n\n\n<p><strong>De la Formaci\u00f3n en la Pr\u00e1ctica Profesional <\/strong><\/p>\n\n\n\n<p>Pr\u00e1ctica Profesional II: Curr\u00edculo y organizadores escolares<\/p>\n\n\n\n<p><\/p>\n\n\n\n<p><strong><span class=\"has-inline-color has-vivid-green-cyan-color\">Tercer A\u00f1o<\/span><\/strong><\/p>\n\n\n\n<p><strong>De la Formaci\u00f3n General<\/strong><\/p>\n\n\n\n<p>Sociolog\u00eda de la Educaci\u00f3n<\/p>\n\n\n\n<p>Historia y Pol\u00edtica de la Educaci\u00f3n Latinoamericana, Argentina y Chaque\u00f1a<\/p>\n\n\n\n<p><strong>De la Formaci\u00f3n Espec\u00edfica <\/strong><\/p>\n\n\n\n<p>Lenguaje Digital y Audiovisual<\/p>\n\n\n\n<p>Pol\u00edticas de Desarrollo Cient\u00edfico y Tecnol\u00f3gico<\/p>\n\n\n\n<p>Tecnolog\u00eda de los Materiales<\/p>\n\n\n\n<p>Did\u00e1ctica de la Educaci\u00f3n Tecnol\u00f3gica II<\/p>\n\n\n\n<p>Biotecnolog\u00eda<\/p>\n\n\n\n<p>Idioma Extranjero: Ingl\u00e9s<\/p>\n\n\n\n<p><strong>De la Formaci\u00f3n en la Pr\u00e1ctica Profesional<\/strong><\/p>\n\n\n\n<p>Pr\u00e1ctica Profesional III: El Aula y la Pr\u00e1ctica Docente en los distintos Contextos<\/p>\n\n\n\n<p><strong><span class=\"has-inline-color has-vivid-green-cyan-color\">Cuarto A\u00f1o<\/span><\/strong><\/p>\n\n\n\n<p><strong>De la Formaci\u00f3n General<\/strong><\/p>\n\n\n\n<p>Formaci\u00f3n en Derechos Humanos, \u00c9tica y Ciudadan\u00eda<\/p>\n\n\n\n<p><strong>De la Formaci\u00f3n Espec\u00edfica<\/strong><\/p>\n\n\n\n<p>Tecnolog\u00eda de la Producci\u00f3n Industrial y Agropecuaria<\/p>\n\n\n\n<p>Tecnolog\u00eda Educativa<\/p>\n\n\n\n<p>Procesos y Tecnolog\u00edas de las comunicaciones<\/p>\n\n\n\n<p>Tecnolog\u00eda de Gesti\u00f3n<\/p>\n\n\n\n<p>Aula Taller de Educaci\u00f3n Tecnol\u00f3gica<\/p>\n\n\n\n<p>Energ\u00edas Renovables<\/p>\n\n\n\n<p><strong>De la Formaci\u00f3n en la Pr\u00e1ctica Profesional<\/strong><\/p>\n\n\n\n<p>Pr\u00e1ctica Profesional IV: Residencia Pedag\u00f3gica<\/p>\n\n\n\n<p><\/p>\n\n\n\n<p><\/p>\n\n\n\n<p><\/p>\n","protected":false},"excerpt":{"rendered":"<p>Hacer clic en cada materia para descargar los programas Primer A\u00f1o De la Formaci\u00f3n General Pedagog\u00eda Alfabetizaci\u00f3n Acad\u00e9mica Did\u00e1ctica General De la Formaci\u00f3n Espec\u00edfica Matem\u00e1tica Aplicada F\u00edsica &#8211; Qu\u00edmica Educaci\u00f3n Tecnol\u00f3gica Historia de la Tecnolog\u00eda De la Formaci\u00f3n en la Pr\u00e1ctica Profesional Pr\u00e1ctica Profesional I: Instituciones y Contextos Educativos Segundo A\u00f1o De la Formaci\u00f3n General &#8230; <a title=\"Programa de Estudio del Profesorado para la Educaci\u00f3n Tecnol\u00f3gica\" class=\"read-more\" href=\"https:\/\/inscastelli-cha.infd.edu.ar\/sitio\/programa-de-estudio-del-profesorado-para-la-educacion-tecnologica\/\" aria-label=\"More on Programa de Estudio del Profesorado para la Educaci\u00f3n Tecnol\u00f3gica\">[+]<\/a><\/p>\n","protected":false},"author":480,"featured_media":0,"parent":0,"menu_order":0,"comment_status":"closed","ping_status":"closed","template":"","meta":[],"acf":[],"_links":{"self":[{"href":"https:\/\/inscastelli-cha.infd.edu.ar\/sitio\/wp-json\/wp\/v2\/pages\/3927"}],"collection":[{"href":"https:\/\/inscastelli-cha.infd.edu.ar\/sitio\/wp-json\/wp\/v2\/pages"}],"about":[{"href":"https:\/\/inscastelli-cha.infd.edu.ar\/sitio\/wp-json\/wp\/v2\/types\/page"}],"author":[{"embeddable":true,"href":"https:\/\/inscastelli-cha.infd.edu.ar\/sitio\/wp-json\/wp\/v2\/users\/480"}],"replies":[{"embeddable":true,"href":"https:\/\/inscastelli-cha.infd.edu.ar\/sitio\/wp-json\/wp\/v2\/comments?post=3927"}],"version-history":[{"count":1,"href":"https:\/\/inscastelli-cha.infd.edu.ar\/sitio\/wp-json\/wp\/v2\/pages\/3927\/revisions"}],"predecessor-version":[{"id":3928,"href":"https:\/\/inscastelli-cha.infd.edu.ar\/sitio\/wp-json\/wp\/v2\/pages\/3927\/revisions\/3928"}],"wp:attachment":[{"href":"https:\/\/inscastelli-cha.infd.edu.ar\/sitio\/wp-json\/wp\/v2\/media?parent=3927"}],"curies":[{"name":"wp","href":"https:\/\/api.w.org\/{rel}","templated":true}]}}