{"id":777,"date":"2018-07-03T12:43:33","date_gmt":"2018-07-03T15:43:33","guid":{"rendered":"https:\/\/inscastelli-cha.infd.edu.ar\/sitio\/profesorado-para-la-educacion-superior-en-artes-visuales\/"},"modified":"2024-03-27T16:26:56","modified_gmt":"2024-03-27T19:26:56","slug":"profesorado-para-la-educacion-superior-en-artes-visuales","status":"publish","type":"page","link":"https:\/\/inscastelli-cha.infd.edu.ar\/sitio\/profesorado-para-la-educacion-superior-en-artes-visuales\/","title":{"rendered":"Profesorado de Educaci\u00f3n Superior en Artes Visuales"},"content":{"rendered":"<p style=\"text-align: center;\"><span style=\"font-size: 12pt;\"><strong><img decoding=\"async\" src=\"https:\/\/encrypted-tbn2.gstatic.com\/images?q=tbn:ANd9GcRMIrF26iy30pxjRv81hUSZLZKrwagOmOYopkUwDpuK7r8rRNVDzw\" alt=\"Resultado de imagen para prof de educaci\u00f3n EN ARTES VISUALES\" border=\"0\"><\/strong><\/span><\/p>\n<p style=\"text-align: center;\"><span style=\"font-size: 12pt;\"><strong>PROFESORADO PARA LA EDUCACI\u00d3N SUPERIOR EN&nbsp; ARTES VISUALES<\/strong><\/span><\/p>\n<p style=\"text-align: center;\">\n<h4 style=\"text-align: center;\"><a href=\"https:\/\/inscastelli-cha.infd.edu.ar\/sitio\/wp-content\/uploads\/2021\/10\/PE-ARTES-VISUALES-RESOLUCION-7603-14-2015.pdf\">PLAN DE ESTUDIOS<\/a><\/h4>\n<p style=\"text-align: center;\">(hacer clic para descargarlo &#x2b06;&#xfe0f;)<\/p>\n<h3 style=\"text-align: left;\"><span style=\"font-size: 12pt;\"><strong><span style=\"text-decoration: underline;\">TALLER PROPED\u00c9UTICO<\/span><\/strong><\/span><\/h3>\n<p style=\"text-align: left;\"><span style=\"font-size: 12pt;\">CUADERNILLO PROPED\u00c9UTICO <strong>(Hacer clic en cada m\u00f3dulo para descargarlo &#x2b07;&#xfe0f;)&nbsp;<\/strong><\/span><\/p>\n<p>&#x1f3a8;<a href=\"https:\/\/inscastelli-cha.infd.edu.ar\/sitio\/wp-content\/uploads\/2021\/05\/CUADERNILLO-INGRESO-Ciclo-2021-Artes-Visuales-p\u00e1ginas-1-40.pdf\">M\u00f3dulo: Competencias Disciplinares.<\/a><\/p>\n<p>&#x1f3a8;<a href=\"https:\/\/inscastelli-cha.infd.edu.ar\/sitio\/wp-content\/uploads\/2021\/05\/CUADERNILLO-INGRESO-Ciclo-2021-Artes-Visuales-p\u00e1ginas-41-49.pdf\">M\u00f3dulo: Profesi\u00f3n Docente.<\/a><\/p>\n<p>&#x1f3a8;<a href=\"https:\/\/inscastelli-cha.infd.edu.ar\/sitio\/wp-content\/uploads\/2021\/05\/CUADERNILLO-INGRESO-Ciclo-2021-Artes-Visuales-p\u00e1ginas-50-71.pdf\">M\u00f3dulo: Competencias Acad\u00e9micas.<\/a><\/p>\n<p><span style=\"font-size: 12pt;\">&nbsp;<\/span><\/p>\n<p style=\"text-align: center;\"><span style=\"font-size: 12pt;\"><strong><span style=\"text-decoration: underline;\">REQUISITOS DE APROBACI\u00d3N DEL TALLER PROP\u00c9DEUTICO<\/span><\/strong><\/span><\/p>\n<p style=\"text-align: center;\"><span style=\"font-size: 12pt;\">El cursante debe poseer el 80% de asistencia con el 100% de los trabajos presentados&nbsp;<\/span><\/p>\n","protected":false},"excerpt":{"rendered":"<p>PROFESORADO PARA LA EDUCACI\u00d3N SUPERIOR EN&nbsp; ARTES VISUALES PLAN DE ESTUDIOS (hacer clic para descargarlo &#x2b06;&#xfe0f;) TALLER PROPED\u00c9UTICO CUADERNILLO PROPED\u00c9UTICO (Hacer clic en cada m\u00f3dulo para descargarlo &#x2b07;&#xfe0f;)&nbsp; &#x1f3a8;M\u00f3dulo: Competencias Disciplinares. &#x1f3a8;M\u00f3dulo: Profesi\u00f3n Docente. &#x1f3a8;M\u00f3dulo: Competencias Acad\u00e9micas. &nbsp; REQUISITOS DE APROBACI\u00d3N DEL TALLER PROP\u00c9DEUTICO El cursante debe poseer el 80% de asistencia con el 100% &#8230; <a title=\"Profesorado de Educaci\u00f3n Superior en Artes Visuales\" class=\"read-more\" href=\"https:\/\/inscastelli-cha.infd.edu.ar\/sitio\/profesorado-para-la-educacion-superior-en-artes-visuales\/\" aria-label=\"More on Profesorado de Educaci\u00f3n Superior en Artes Visuales\">[+]<\/a><\/p>\n","protected":false},"author":283,"featured_media":0,"parent":0,"menu_order":0,"comment_status":"closed","ping_status":"closed","template":"","meta":[],"acf":[],"_links":{"self":[{"href":"https:\/\/inscastelli-cha.infd.edu.ar\/sitio\/wp-json\/wp\/v2\/pages\/777"}],"collection":[{"href":"https:\/\/inscastelli-cha.infd.edu.ar\/sitio\/wp-json\/wp\/v2\/pages"}],"about":[{"href":"https:\/\/inscastelli-cha.infd.edu.ar\/sitio\/wp-json\/wp\/v2\/types\/page"}],"author":[{"embeddable":true,"href":"https:\/\/inscastelli-cha.infd.edu.ar\/sitio\/wp-json\/wp\/v2\/users\/283"}],"replies":[{"embeddable":true,"href":"https:\/\/inscastelli-cha.infd.edu.ar\/sitio\/wp-json\/wp\/v2\/comments?post=777"}],"version-history":[{"count":15,"href":"https:\/\/inscastelli-cha.infd.edu.ar\/sitio\/wp-json\/wp\/v2\/pages\/777\/revisions"}],"predecessor-version":[{"id":4347,"href":"https:\/\/inscastelli-cha.infd.edu.ar\/sitio\/wp-json\/wp\/v2\/pages\/777\/revisions\/4347"}],"wp:attachment":[{"href":"https:\/\/inscastelli-cha.infd.edu.ar\/sitio\/wp-json\/wp\/v2\/media?parent=777"}],"curies":[{"name":"wp","href":"https:\/\/api.w.org\/{rel}","templated":true}]}}