{"id":783,"date":"2018-07-03T12:43:35","date_gmt":"2018-07-03T15:43:35","guid":{"rendered":"https:\/\/inscastelli-cha.infd.edu.ar\/sitio\/informacion-para-alumnos\/"},"modified":"2022-03-09T16:25:19","modified_gmt":"2022-03-09T19:25:19","slug":"informacion-para-alumnos","status":"publish","type":"page","link":"https:\/\/inscastelli-cha.infd.edu.ar\/sitio\/informacion-para-alumnos\/","title":{"rendered":"Informaci\u00f3n para alumnos"},"content":{"rendered":"<h3>\u00a0<\/h3>\n<h6><strong>En esta p\u00e1gina encontrar\u00e1 informaci\u00f3n con normativas de inter\u00e9s para los alumnos (actuales o futuros)<\/strong><\/h6>\n<h5>\u00a0<\/h5>\n<h5><a href=\"https:\/\/inscastelli-cha.infd.edu.ar\/sitio\/wp-content\/uploads\/2022\/03\/ROI-RAI-IES-Rene-Favaloro-RES-5736-19.pdf\">Reglamento Org\u00e1nico Institucional (ROI) y R\u00e9gimen Acad\u00e9mico Institucional (RAI)<\/a><\/h5>\n\n\n<p><\/p>\n","protected":false},"excerpt":{"rendered":"<p>\u00a0 En esta p\u00e1gina encontrar\u00e1 informaci\u00f3n con normativas de inter\u00e9s para los alumnos (actuales o futuros) \u00a0 Reglamento Org\u00e1nico Institucional (ROI) y R\u00e9gimen Acad\u00e9mico Institucional (RAI)<\/p>\n","protected":false},"author":283,"featured_media":0,"parent":0,"menu_order":0,"comment_status":"closed","ping_status":"closed","template":"","meta":[],"acf":[],"_links":{"self":[{"href":"https:\/\/inscastelli-cha.infd.edu.ar\/sitio\/wp-json\/wp\/v2\/pages\/783"}],"collection":[{"href":"https:\/\/inscastelli-cha.infd.edu.ar\/sitio\/wp-json\/wp\/v2\/pages"}],"about":[{"href":"https:\/\/inscastelli-cha.infd.edu.ar\/sitio\/wp-json\/wp\/v2\/types\/page"}],"author":[{"embeddable":true,"href":"https:\/\/inscastelli-cha.infd.edu.ar\/sitio\/wp-json\/wp\/v2\/users\/283"}],"replies":[{"embeddable":true,"href":"https:\/\/inscastelli-cha.infd.edu.ar\/sitio\/wp-json\/wp\/v2\/comments?post=783"}],"version-history":[{"count":3,"href":"https:\/\/inscastelli-cha.infd.edu.ar\/sitio\/wp-json\/wp\/v2\/pages\/783\/revisions"}],"predecessor-version":[{"id":3481,"href":"https:\/\/inscastelli-cha.infd.edu.ar\/sitio\/wp-json\/wp\/v2\/pages\/783\/revisions\/3481"}],"wp:attachment":[{"href":"https:\/\/inscastelli-cha.infd.edu.ar\/sitio\/wp-json\/wp\/v2\/media?parent=783"}],"curies":[{"name":"wp","href":"https:\/\/api.w.org\/{rel}","templated":true}]}}