{"id":785,"date":"2018-07-03T12:43:36","date_gmt":"2018-07-03T15:43:36","guid":{"rendered":"https:\/\/inscastelli-cha.infd.edu.ar\/sitio\/investigacion\/"},"modified":"2021-10-26T08:42:25","modified_gmt":"2021-10-26T11:42:25","slug":"investigacion","status":"publish","type":"page","link":"https:\/\/inscastelli-cha.infd.edu.ar\/sitio\/investigacion\/","title":{"rendered":"Investigaci\u00f3n"},"content":{"rendered":"<p class=\"MsoNormal\" style=\"text-align: center; margin: 0cm 0cm 10pt;\" align=\"center\"><strong style=\"mso-bidi-font-weight: normal;\"><span lang=\"ES-AR\" style=\"line-height: 115%; font-size: 14pt;\"><span style=\"font-family: Calibri;\"><img decoding=\"async\" src=\"https:\/\/inscastelli-cha.infd.edu.ar\/sitio\/wp-content\/uploads\/2018\/07\/Imagen005__2.jpg\" border=\"0\" \/><\/span><\/span><\/strong><\/p>\n<p class=\"MsoNormal\" style=\"text-align: center; margin: 0cm 0cm 10pt;\" align=\"center\"><strong style=\"mso-bidi-font-weight: normal;\"><span lang=\"ES-AR\" style=\"line-height: 115%; font-size: 14pt;\"><span style=\"font-family: Calibri;\">INVESTIGACI\u00d3N<\/span><\/span><\/strong><\/p>\n<p class=\"MsoNormal\" style=\"text-align: center; margin: 0cm 0cm 10pt;\" align=\"center\"><strong style=\"mso-bidi-font-weight: normal;\"><span lang=\"ES-AR\" style=\"line-height: 115%; font-size: 14pt;\"><span style=\"font-family: Calibri;\">DESERCI\u00d3N: \u00bfV\u00cdCTIMAS O RESPONSABLES?<\/span><\/span><\/strong><\/p>\n<p class=\"MsoBodyText\" style=\"margin: 0cm 0cm 0pt;\"><span style=\"text-decoration: underline;\"><strong><span style=\"font-size: 12pt;\">Director del Proyecto:<\/span><\/strong><\/span><\/p>\n<p class=\"MsoNormal\" style=\"margin: 0cm 0cm 10pt;\"><span lang=\"ES-AR\"><span style=\"font-family: Calibri; font-size: 12pt;\">Ram\u00edrez, Rub\u00e9n Oscar <\/span><\/span><\/p>\n<p class=\"MsoBodyText\" style=\"margin: 0cm 0cm 0pt;\"><span style=\"text-decoration: underline;\"><strong><span style=\"font-size: 12pt;\">Docentes Investigadores:<\/span><\/strong><\/span><\/p>\n<p class=\"MsoNormal\" style=\"line-height: 12pt; margin: 0cm 0cm 10pt;\"><span lang=\"ES-AR\"><span style=\"font-family: Calibri; font-size: 12pt;\">Guzm\u00e1n Rastelli, Mariela Carina<\/span><\/span><\/p>\n<p class=\"MsoNormal\" style=\"line-height: 12pt; margin: 0cm 0cm 10pt;\"><span lang=\"ES-AR\"><span style=\"font-family: Calibri; font-size: 12pt;\">Correa, Marisa Susana<\/span><\/span><\/p>\n<p class=\"MsoNormal\" style=\"line-height: 12pt; margin: 0cm 0cm 10pt;\"><span lang=\"ES-AR\"><span style=\"font-family: Calibri; font-size: 12pt;\">Ramos, Carlos Humberto<\/span><\/span><\/p>\n<p class=\"MsoNormal\" style=\"margin: 0cm 0cm 10pt;\"><strong style=\"mso-bidi-font-weight: normal;\"><span style=\"text-decoration: underline;\"><span lang=\"ES-AR\"><span style=\"font-size: 12pt;\"><span style=\"font-family: Calibri;\">Docente Colaborador:<\/span><\/span><\/span><\/span><\/strong><\/p>\n<p class=\"MsoNormal\" style=\"margin: 0cm 0cm 10pt;\"><span lang=\"ES-AR\"><span style=\"font-family: Calibri; font-size: 12pt;\">Medina, Edgardo J.<\/span><\/span><\/p>\n<p class=\"MsoBodyText2\" style=\"line-height: 150%; text-indent: 27pt; margin: 0cm 0cm 6pt;\"><strong style=\"mso-bidi-font-weight: normal;\"><span lang=\"ES-AR\" style=\"line-height: 150%;\">Resumen: <\/span><\/strong><\/p>\n<p class=\"MsoBodyText2\" style=\"text-align: justify; line-height: 150%; text-indent: 14.2pt; margin: 0cm 0cm 6pt;\"><em style=\"mso-bidi-font-style: normal;\"><span lang=\"ES-AR\" style=\"line-height: 150%;\">En el Instituto de Nivel Terciario de la ciudad de J.J. Castelli, provincia del Chaco, subyace una problem\u00e1tica, los elevados \u00edndices de deserci\u00f3n en el alumnado. <span style=\"mso-bidi-font-weight: bold; mso-bidi-font-style: italic;\">S<\/span>ituaci\u00f3n que se observa desde la implementaci\u00f3n de las carreras de Profesorado en Matem\u00e1tica y Biolog\u00eda para el tercer ciclo de la EGB y Polimodal.<\/span><\/em><\/p>\n<p class=\"MsoNormal\" style=\"text-align: justify; line-height: 150%; text-indent: 14.2pt; margin: 0cm 0cm 10pt; mso-layout-grid-align: none;\"><em style=\"mso-bidi-font-style: normal;\"><span lang=\"ES-AR\"><span style=\"font-family: Calibri;\"><span style=\"font-size: 12pt;\">\u00c9ste trabajo de tipo cualitativo, muestra c\u00f3mo la situaci\u00f3n por la que atraviesa nuestra instituci\u00f3n conjugada con otras de \u00edndole socioecon\u00f3mica y psicol\u00f3gica de los alumnos que concurren a ella, influye directamente sobre la decisi\u00f3n de abandonar sus estudios. \u00c9stas causas, fueron analizadas desde dos perspectivas la individual e institucional. Con base fundamentalmente en el<span style=\"mso-spacerun: yes;\">\u00a0 <\/span>estudio de casos, para los que se llevaron a cabo entrevistas y<span style=\"mso-spacerun: yes;\">\u00a0 <\/span>encuestas. Que luego son<span style=\"mso-spacerun: yes;\">\u00a0 <\/span>analizadas, combinando la percepci\u00f3n y opini\u00f3n de los propios actores involucrados con los modelos te\u00f3ricos que explican el fen\u00f3meno de \u201cdeserci\u00f3n\u201d.<\/span><\/span><\/span><\/em><\/p>\n<p class=\"MsoNormal\" style=\"text-align: justify; line-height: 150%; margin: 0cm -0.1pt 10pt 14.2pt; tab-stops: 36.0pt;\"><span lang=\"ES-AR\"><span style=\"font-family: Calibri; font-size: 12pt;\">\u00a0<\/span><\/span><\/p>\n<p class=\"MsoNormal\" style=\"text-align: justify; line-height: 150%; margin: 0cm -0.1pt 10pt 0cm; tab-stops: 36.0pt;\"><span style=\"font-family: Calibri;\"><span style=\"font-size: 12pt;\"><strong style=\"mso-bidi-font-weight: normal;\"><span lang=\"ES-AR\">Palabras clave<\/span><\/strong><span lang=\"ES-AR\">: Deserci\u00f3n &#8211; Educaci\u00f3n Superior.<\/span><\/span><\/span><\/p>\n<p class=\"MsoNormal\" style=\"margin: 0cm 0cm 10pt;\"><span lang=\"ES-AR\"><span style=\"font-family: Calibri; font-size: 12pt;\">\u00a0<\/span><\/span><\/p>\n<p class=\"MsoNormal\" style=\"margin: 0cm 0cm 10pt;\"><span lang=\"ES-AR\"><span style=\"font-family: Calibri; font-size: 12pt;\">\u00a0<\/span><\/span><\/p>\n<p class=\"MsoNormal\" style=\"margin: 0cm 0cm 10pt;\"><span lang=\"ES-AR\"><span style=\"font-family: Calibri; font-size: 12pt;\">\u00a0<\/span><\/span><\/p>\n<p class=\"MsoNoSpacing\" style=\"text-align: center; line-height: 150%; margin: 0cm 0cm 0pt;\" align=\"center\"><strong><span lang=\"ES-AR\"><span style=\"font-size: 12pt;\">INSTITUTO DE NIVEL TERCIARIO \u201cDR. REN\u00c9 FAVALORO\u201d<\/span><\/span><\/strong><\/p>\n<p class=\"MsoNoSpacing\" style=\"text-align: center; line-height: 150%; margin: 0cm 0cm 0pt;\" align=\"center\"><span style=\"font-size: 12pt;\"><span lang=\"ES-AR\">Proyecto de investigaci\u00f3n aprobado y financiado por el Instituto Nacional de Formaci\u00f3n Docente dependiente del Ministerio de Educaci\u00f3n de la Naci\u00f3n<\/span><\/span><\/p>\n<p class=\"MsoNoSpacing\" style=\"text-align: center; line-height: 150%; margin: 0cm 0cm 0pt;\" align=\"center\"><span style=\"font-size: 12pt;\">Junio de 2009<\/span><\/p>\n","protected":false},"excerpt":{"rendered":"<p>INVESTIGACI\u00d3N DESERCI\u00d3N: \u00bfV\u00cdCTIMAS O RESPONSABLES? Director del Proyecto: Ram\u00edrez, Rub\u00e9n Oscar Docentes Investigadores: Guzm\u00e1n Rastelli, Mariela Carina Correa, Marisa Susana Ramos, Carlos Humberto Docente Colaborador: Medina, Edgardo J. Resumen: En el Instituto de Nivel Terciario de la ciudad de J.J. Castelli, provincia del Chaco, subyace una problem\u00e1tica, los elevados \u00edndices de deserci\u00f3n en el alumnado. &#8230; <a title=\"Investigaci\u00f3n\" class=\"read-more\" href=\"https:\/\/inscastelli-cha.infd.edu.ar\/sitio\/investigacion\/\" aria-label=\"More on Investigaci\u00f3n\">[+]<\/a><\/p>\n","protected":false},"author":283,"featured_media":0,"parent":0,"menu_order":0,"comment_status":"closed","ping_status":"closed","template":"","meta":[],"acf":[],"_links":{"self":[{"href":"https:\/\/inscastelli-cha.infd.edu.ar\/sitio\/wp-json\/wp\/v2\/pages\/785"}],"collection":[{"href":"https:\/\/inscastelli-cha.infd.edu.ar\/sitio\/wp-json\/wp\/v2\/pages"}],"about":[{"href":"https:\/\/inscastelli-cha.infd.edu.ar\/sitio\/wp-json\/wp\/v2\/types\/page"}],"author":[{"embeddable":true,"href":"https:\/\/inscastelli-cha.infd.edu.ar\/sitio\/wp-json\/wp\/v2\/users\/283"}],"replies":[{"embeddable":true,"href":"https:\/\/inscastelli-cha.infd.edu.ar\/sitio\/wp-json\/wp\/v2\/comments?post=785"}],"version-history":[{"count":1,"href":"https:\/\/inscastelli-cha.infd.edu.ar\/sitio\/wp-json\/wp\/v2\/pages\/785\/revisions"}],"predecessor-version":[{"id":2825,"href":"https:\/\/inscastelli-cha.infd.edu.ar\/sitio\/wp-json\/wp\/v2\/pages\/785\/revisions\/2825"}],"wp:attachment":[{"href":"https:\/\/inscastelli-cha.infd.edu.ar\/sitio\/wp-json\/wp\/v2\/media?parent=785"}],"curies":[{"name":"wp","href":"https:\/\/api.w.org\/{rel}","templated":true}]}}