{"id":791,"date":"2018-07-03T12:43:37","date_gmt":"2018-07-03T15:43:37","guid":{"rendered":"https:\/\/inscastelli-cha.infd.edu.ar\/sitio\/publicaciones\/"},"modified":"2024-11-14T18:49:12","modified_gmt":"2024-11-14T21:49:12","slug":"publicaciones","status":"publish","type":"page","link":"https:\/\/inscastelli-cha.infd.edu.ar\/sitio\/publicaciones\/","title":{"rendered":"Bibliograf\u00eda"},"content":{"rendered":"<h5><\/h5>\n<h5><\/h5>\n<h5>En este link vas a encontrar materiales bibliogr\u00e1ficos de las distintas carreras<\/h5>\n<h3 class=\"title\"><a href=\"https:\/\/bibliotecaiesrenefavaloro.blogspot.com\/?m=1\">BIBLIOTECA DIGITAL &#8211; IES REN\u00c9 FAVALORO<\/a><\/h3>\n<h3><span style=\"font-family: 'arial black', 'avant garde'; font-size: 12pt;\" data-mce-mark=\"1\"><strong>PUBLICACIONES&nbsp;<\/strong><\/span><\/h3>\n<table style=\"width: 100%;\" border=\"0\" align=\"center\">\n<tbody>\n<tr>\n<td style=\"width: 70%;\"><span style=\"font-family: verdana, geneva; font-size: small;\" data-mce-mark=\"1\"><strong><img decoding=\"async\" src=\"https:\/\/inscastelli-cha.infd.edu.ar\/sitio\/wp-content\/uploads\/2018\/07\/10x10.gif\" alt=\"Transparente\" border=\"0\"><span style=\"color: #ff6600;\" data-mce-mark=\"1\">T\u00edtulo:<\/span><\/strong> LA SECUENCIA DID\u00c1CTICA EN EL NIVEL PRIMARIO<br \/>\n<strong><img decoding=\"async\" src=\"https:\/\/inscastelli-cha.infd.edu.ar\/sitio\/wp-content\/uploads\/2018\/07\/10x10.gif\" alt=\"Transparente\" border=\"0\"><span style=\"color: #ff6600;\" data-mce-mark=\"1\">Autor:<\/span> Ministerio de Educaci\u00f3n de la Naci\u00f3n<\/strong><\/span><\/p>\n<p><span style=\"font-family: verdana, geneva; font-size: small;\" data-mce-mark=\"1\"><strong>MECCyT<br \/>\n<img decoding=\"async\" src=\"https:\/\/inscastelli-cha.infd.edu.ar\/sitio\/wp-content\/uploads\/2018\/07\/10x10.gif\" alt=\"Transparente\" border=\"0\"><\/strong><\/span><\/td>\n<td>\n<div style=\"text-align: center;\"><a class=\"undefined\" href=\"upload\/Cultura_del_trabajo_con_tecnologias.pdf\"><img decoding=\"async\" src=\"https:\/\/inscastelli-cha.infd.edu.ar\/sitio\/wp-content\/uploads\/2018\/07\/icono_pdf.gif\" alt=\"Icono pdf \" border=\"0\"><\/a><\/div>\n<div style=\"text-align: center;\"><span style=\"font-family: verdana, geneva; font-size: small;\" data-mce-mark=\"1\"><span style=\"text-decoration: underline;\" data-mce-mark=\"1\"><a title=\"Secuencias Did\u00e1cticas Nivel Primario\" href=\"upload\/Seecuencias_en_Primaria_2.pdf\" target=\"_blank\" rel=\"noopener\">Archivo.pdf<\/a><\/span><\/span><\/div>\n<\/td>\n<\/tr>\n<tr>\n<td><span style=\"font-family: verdana, geneva; font-size: small;\" data-mce-mark=\"1\"><strong><img decoding=\"async\" src=\"https:\/\/inscastelli-cha.infd.edu.ar\/sitio\/wp-content\/uploads\/2018\/07\/10x10.gif\" alt=\"Transparente\" border=\"0\">T\u00edtulo: Resoluci\u00f3n RAM y ROM<br \/>\n<img decoding=\"async\" src=\"https:\/\/inscastelli-cha.infd.edu.ar\/sitio\/wp-content\/uploads\/2018\/07\/10x10.gif\" alt=\"Transparente\" border=\"0\">Autor: MECCyT<br \/>\n<img decoding=\"async\" src=\"https:\/\/inscastelli-cha.infd.edu.ar\/sitio\/wp-content\/uploads\/2018\/07\/10x10.gif\" alt=\"Transparente\" border=\"0\"><\/strong><\/span><\/td>\n<td>\n<p style=\"text-align: center;\"><img decoding=\"async\" src=\"https:\/\/inscastelli-cha.infd.edu.ar\/sitio\/wp-content\/uploads\/2018\/07\/icono_pdf.gif\" alt=\"Icono pdf \" border=\"0\"><br \/>\n<span style=\"font-family: verdana, geneva; font-size: small;\" data-mce-mark=\"1\"><span style=\"text-decoration: underline;\" data-mce-mark=\"1\"><a title=\"Resoluci\u00f3n ROM y RAM\" href=\"upload\/RES_RAM-ROM_1.doc\" target=\"_blank\" rel=\"noopener\">Archivo.pdf<\/a><\/span><\/span><\/p>\n<\/td>\n<\/tr>\n<tr>\n<td><strong><span style=\"font-family: verdana, geneva; font-size: small;\" data-mce-mark=\"1\"><img decoding=\"async\" src=\"https:\/\/inscastelli-cha.infd.edu.ar\/sitio\/wp-content\/uploads\/2018\/07\/10x10.gif\" alt=\"Transparente\" border=\"0\"><span style=\"color: #ff6600;\" data-mce-mark=\"1\">T\u00edtulo<\/span>: Biotecnolog\u00eda entre c\u00e9lulas, genes e ingenio humano<br \/>\n<img decoding=\"async\" src=\"https:\/\/inscastelli-cha.infd.edu.ar\/sitio\/wp-content\/uploads\/2018\/07\/10x10.gif\" alt=\"Transparente\" border=\"0\"><span style=\"color: #ff6600;\" data-mce-mark=\"1\">Co- autora:<\/span> Guzm\u00e1n Rastelli, Mariela Carina<br \/>\n<img decoding=\"async\" src=\"https:\/\/inscastelli-cha.infd.edu.ar\/sitio\/wp-content\/uploads\/2018\/07\/10x10.gif\" alt=\"Transparente\" border=\"0\"><\/span><\/strong><\/td>\n<td>\n<p style=\"text-align: center;\"><img decoding=\"async\" src=\"https:\/\/inscastelli-cha.infd.edu.ar\/sitio\/wp-content\/uploads\/2018\/07\/icono_pdf.gif\" alt=\"Icono pdf \" border=\"0\"><br \/>\n<a title=\"Biotecnolog\u00eda#DP# entre c\u00e9lulas, genes e ingenio humano\" href=\"upload\/Biotecnologia_entre_celulas_genes_e_ingenio_humano.pdf\" target=\"_blank\" rel=\"noopener\"><span style=\"font-family: verdana, geneva; font-size: small;\" data-mce-mark=\"1\"><span style=\"text-decoration: underline;\" data-mce-mark=\"1\">Archivo.pdf<\/span><\/span>&nbsp;<\/a><\/p>\n<\/td>\n<\/tr>\n<\/tbody>\n<\/table>\n<table style=\"width: 1020px; height: 177px;\" border=\"0\" align=\"center\">\n<tbody>\n<tr>\n<td><span style=\"font-size: 10pt;\" data-mce-mark=\"1\"><strong><span style=\"font-size: 10pt;\" data-mce-mark=\"1\"><span style=\"color: #ff6600;\" data-mce-mark=\"1\">T\u00edtulo:<\/span> Notas para la Ense\u00f1anza 1<\/span><br \/>\n<img decoding=\"async\" src=\"https:\/\/inscastelli-cha.infd.edu.ar\/sitio\/wp-content\/uploads\/2018\/07\/10x10.gif\" alt=\"Transparente\" border=\"0\"><span style=\"color: #ff6600;\" data-mce-mark=\"1\">Autor:<\/span>&nbsp;Ministerio de Educaci\u00f3n de la Naci\u00f3n<br \/>\n<img decoding=\"async\" src=\"https:\/\/inscastelli-cha.infd.edu.ar\/sitio\/wp-content\/uploads\/2018\/07\/10x10.gif\" alt=\"Transparente\" border=\"0\"><\/strong><\/span><\/td>\n<td>\n<p style=\"text-align: center;\"><img decoding=\"async\" src=\"https:\/\/inscastelli-cha.infd.edu.ar\/sitio\/wp-content\/uploads\/2018\/07\/icono_pdf.gif\" alt=\"Icono pdf \" border=\"0\"><br \/>\n<span data-mce-mark=\"1\"><span data-mce-mark=\"1\"><a title=\"Publicaci\u00f3n Secuencias\" href=\"upload\/Notas_para_la_ensenanza_1.pdf\" target=\"_blank\" rel=\"noopener\">Archivo.pdf<\/a><\/span><\/span><a title=\"Biotecnolog\u00eda#DP# entre c\u00e9lulas, genes e ingenio humano\" href=\"upload\/Biotecnologia_entre_celulas_genes_e_ingenio_humano.pdf\" target=\"_blank\" rel=\"noopener\">&nbsp;<\/a><\/p>\n<\/td>\n<\/tr>\n<\/tbody>\n<\/table>\n<table style=\"width: 1021px; height: 183px;\" border=\"0\" align=\"center\">\n<tbody>\n<tr>\n<td><strong><span style=\"font-size: 10pt;\"><span style=\"color: #ff6600;\">T\u00edtulo:<\/span>&nbsp;Notas para la Ense\u00f1anza 2<\/span><br \/>\n<span style=\"font-size: 10pt;\"><img decoding=\"async\" src=\"https:\/\/inscastelli-cha.infd.edu.ar\/sitio\/wp-content\/uploads\/2018\/07\/10x10.gif\" alt=\"Transparente\" border=\"0\"><span style=\"color: #ff6600;\">Autor:<\/span>&nbsp;Ministerio de Educaci\u00f3n de la Naci\u00f3n<\/span><br \/>\n<img decoding=\"async\" src=\"https:\/\/inscastelli-cha.infd.edu.ar\/sitio\/wp-content\/uploads\/2018\/07\/10x10.gif\" alt=\"Transparente\" border=\"0\"><\/strong><\/td>\n<td>\n<p style=\"text-align: center;\"><img decoding=\"async\" src=\"https:\/\/inscastelli-cha.infd.edu.ar\/sitio\/wp-content\/uploads\/2018\/07\/icono_pdf.gif\" alt=\"Icono pdf \" border=\"0\"><br \/>\n<a title=\"Secuencias Did\u00e1cticas \" href=\"upload\/MPT_Notas_2_1.pdf\" target=\"_blank\" rel=\"noopener\"><span data-mce-mark=\"1\">Archivo.pdf<\/span>&nbsp;<\/a><\/p>\n<\/td>\n<\/tr>\n<\/tbody>\n<\/table>\n","protected":false},"excerpt":{"rendered":"<p>En este link vas a encontrar materiales bibliogr\u00e1ficos de las distintas carreras BIBLIOTECA DIGITAL &#8211; IES REN\u00c9 FAVALORO PUBLICACIONES&nbsp; T\u00edtulo: LA SECUENCIA DID\u00c1CTICA EN EL NIVEL PRIMARIO Autor: Ministerio de Educaci\u00f3n de la Naci\u00f3n MECCyT Archivo.pdf T\u00edtulo: Resoluci\u00f3n RAM y ROM Autor: MECCyT Archivo.pdf T\u00edtulo: Biotecnolog\u00eda entre c\u00e9lulas, genes e ingenio humano Co- autora: Guzm\u00e1n &#8230; <a title=\"Bibliograf\u00eda\" class=\"read-more\" href=\"https:\/\/inscastelli-cha.infd.edu.ar\/sitio\/publicaciones\/\" aria-label=\"More on Bibliograf\u00eda\">[+]<\/a><\/p>\n","protected":false},"author":283,"featured_media":0,"parent":0,"menu_order":0,"comment_status":"closed","ping_status":"closed","template":"","meta":[],"acf":[],"_links":{"self":[{"href":"https:\/\/inscastelli-cha.infd.edu.ar\/sitio\/wp-json\/wp\/v2\/pages\/791"}],"collection":[{"href":"https:\/\/inscastelli-cha.infd.edu.ar\/sitio\/wp-json\/wp\/v2\/pages"}],"about":[{"href":"https:\/\/inscastelli-cha.infd.edu.ar\/sitio\/wp-json\/wp\/v2\/types\/page"}],"author":[{"embeddable":true,"href":"https:\/\/inscastelli-cha.infd.edu.ar\/sitio\/wp-json\/wp\/v2\/users\/283"}],"replies":[{"embeddable":true,"href":"https:\/\/inscastelli-cha.infd.edu.ar\/sitio\/wp-json\/wp\/v2\/comments?post=791"}],"version-history":[{"count":5,"href":"https:\/\/inscastelli-cha.infd.edu.ar\/sitio\/wp-json\/wp\/v2\/pages\/791\/revisions"}],"predecessor-version":[{"id":4585,"href":"https:\/\/inscastelli-cha.infd.edu.ar\/sitio\/wp-json\/wp\/v2\/pages\/791\/revisions\/4585"}],"wp:attachment":[{"href":"https:\/\/inscastelli-cha.infd.edu.ar\/sitio\/wp-json\/wp\/v2\/media?parent=791"}],"curies":[{"name":"wp","href":"https:\/\/api.w.org\/{rel}","templated":true}]}}