{"id":800,"date":"2018-07-03T12:43:41","date_gmt":"2018-07-03T15:43:41","guid":{"rendered":"https:\/\/inscastelli-cha.infd.edu.ar\/sitio\/profesorado-para-la-educacion-primaria\/"},"modified":"2026-03-30T10:44:25","modified_gmt":"2026-03-30T13:44:25","slug":"profesorado-para-la-educacion-primaria","status":"publish","type":"page","link":"https:\/\/inscastelli-cha.infd.edu.ar\/sitio\/profesorado-para-la-educacion-primaria\/","title":{"rendered":"Profesorado de Educaci\u00f3n Primaria"},"content":{"rendered":"<p style=\"text-align: center;\">\n<p style=\"text-align: center;\">\n<p style=\"text-align: center;\"><span style=\"text-decoration: underline;\"><span style=\"color: #ff0000; font-size: 12pt;\"><strong><img decoding=\"async\" loading=\"lazy\" src=\"http:\/\/1.bp.blogspot.com\/-v-VaBYSktRA\/UFHpuRzldhI\/AAAAAAAAHv0\/8Ry5bL_xpyw\/s1600\/cast2.jpg\" width=\"391\" height=\"250\" border=\"0\" \/><\/strong><\/span><\/span><\/p>\n<h2 style=\"text-align: center;\"><span style=\"font-size: 12pt;\"><strong><span style=\"color: #008000;\">CURSO PROPED\u00c9UTICO 2026:<\/span> Inicio 06 de Abril<\/strong><\/span><\/h2>\n<p style=\"text-align: center;\">Hacer clic en los enlaces para descargar archivos<\/p>\n<h3 style=\"text-align: center;\"><a href=\"https:\/\/inscastelli-cha.infd.edu.ar\/sitio\/wp-content\/uploads\/2024\/07\/RES-2025-16-Corre-Primaria.pdf\">PLAN DE ESTUDIO<\/a><\/h3>\n<p style=\"text-align: center;\"><a href=\"https:\/\/inscastelli-cha.infd.edu.ar\/sitio\/wp-content\/uploads\/2022\/04\/RESOLUCION-02025-16_correlativas_PEPrimaria.pdf\"><strong>R\u00c9GIMEN DE CORRELATIVIDADES<\/strong><\/a><\/p>\n<h4 style=\"text-align: center;\"><a href=\"https:\/\/drive.google.com\/file\/d\/1ajWbkSORCNrI2IbZcJDJ5lO5yWj14Iys\/view?usp=sharing\" target=\"_blank\" rel=\"noopener\">CUADERNILLO &#8211; CURSO PROPED\u00c9UTICO 2026<\/a><\/h4>\n<p style=\"text-align: center;\">\n<p style=\"text-align: center;\"><span style=\"color: #ff0000; font-size: 12pt;\"><strong><span style=\"text-decoration: underline;\">REQUISITOS DE APROBACI\u00d3N DEL TALLER PROP\u00c9DEUTICO<\/span><\/strong><\/span><\/p>\n<p style=\"text-align: center;\"><span style=\"font-size: 12pt;\">El cursante debe poseer el <span style=\"color: #000080;\">80%<\/span> de asistencia con el <span style=\"color: #000080;\">100%<\/span> de los trabajos presentados.<\/span><\/p>\n<p style=\"text-align: center;\"><span style=\"text-decoration: underline;\"><span style=\"font-size: 12pt; color: #ff0000;\"><strong>INFORMACI\u00d3N SOBRE EL PROFESORADO DE EDUCACI\u00d3N PRIMARIA<\/strong><\/span><\/span><\/p>\n<p><span style=\"font-size: 12pt;\"><span style=\"font-size: 10pt;\"><strong><a title=\"Dise\u00f1o Curricular Para el Prof. de Educaci\u00f3n Primaria\" href=\"upload\/DISE%D1O_Profesorado_de_Educ_Primaria.doc\" target=\"_blank\" rel=\"noopener\">DISE\u00d1O CURRICULAR PARA EL PROFESORADO DE EDUCACI\u00d3N PRIMARIA<\/a><\/strong><\/span>\u00a0<\/span>(Hacer un clic para descargar)<\/p>\n<p><strong><span style=\"font-size: 12pt;\"><span style=\"font-size: 10pt;\">\u00a0 \u00a0 \u00a0 \u00a0 \u00a0 \u00a0 \u00a0 \u00a0 \u00a0 \u00a0 \u00a0 \u00a0 \u00a0 \u00a0 \u00a0 \u00a0 \u00a0 \u00a0 \u00a0 \u00a0 \u00a0 \u00a0 \u00a0 \u00a0 \u00a0<\/span><br \/>\n<\/span><\/strong><\/p>\n","protected":false},"excerpt":{"rendered":"<p>CURSO PROPED\u00c9UTICO 2026: Inicio 06 de Abril Hacer clic en los enlaces para descargar archivos PLAN DE ESTUDIO R\u00c9GIMEN DE CORRELATIVIDADES CUADERNILLO &#8211; CURSO PROPED\u00c9UTICO 2026 REQUISITOS DE APROBACI\u00d3N DEL TALLER PROP\u00c9DEUTICO El cursante debe poseer el 80% de asistencia con el 100% de los trabajos presentados. INFORMACI\u00d3N SOBRE EL PROFESORADO DE EDUCACI\u00d3N PRIMARIA DISE\u00d1O &#8230; <a title=\"Profesorado de Educaci\u00f3n Primaria\" class=\"read-more\" href=\"https:\/\/inscastelli-cha.infd.edu.ar\/sitio\/profesorado-para-la-educacion-primaria\/\" aria-label=\"More on Profesorado de Educaci\u00f3n Primaria\">[+]<\/a><\/p>\n","protected":false},"author":283,"featured_media":0,"parent":0,"menu_order":0,"comment_status":"closed","ping_status":"closed","template":"","meta":[],"acf":[],"_links":{"self":[{"href":"https:\/\/inscastelli-cha.infd.edu.ar\/sitio\/wp-json\/wp\/v2\/pages\/800"}],"collection":[{"href":"https:\/\/inscastelli-cha.infd.edu.ar\/sitio\/wp-json\/wp\/v2\/pages"}],"about":[{"href":"https:\/\/inscastelli-cha.infd.edu.ar\/sitio\/wp-json\/wp\/v2\/types\/page"}],"author":[{"embeddable":true,"href":"https:\/\/inscastelli-cha.infd.edu.ar\/sitio\/wp-json\/wp\/v2\/users\/283"}],"replies":[{"embeddable":true,"href":"https:\/\/inscastelli-cha.infd.edu.ar\/sitio\/wp-json\/wp\/v2\/comments?post=800"}],"version-history":[{"count":25,"href":"https:\/\/inscastelli-cha.infd.edu.ar\/sitio\/wp-json\/wp\/v2\/pages\/800\/revisions"}],"predecessor-version":[{"id":5233,"href":"https:\/\/inscastelli-cha.infd.edu.ar\/sitio\/wp-json\/wp\/v2\/pages\/800\/revisions\/5233"}],"wp:attachment":[{"href":"https:\/\/inscastelli-cha.infd.edu.ar\/sitio\/wp-json\/wp\/v2\/media?parent=800"}],"curies":[{"name":"wp","href":"https:\/\/api.w.org\/{rel}","templated":true}]}}