{"id":812,"date":"2018-07-03T12:43:44","date_gmt":"2018-07-03T15:43:44","guid":{"rendered":"https:\/\/inscastelli-cha.infd.edu.ar\/sitio\/politicas-estudiantiles\/"},"modified":"2024-11-14T00:18:13","modified_gmt":"2024-11-14T03:18:13","slug":"politicas-estudiantiles","status":"publish","type":"page","link":"https:\/\/inscastelli-cha.infd.edu.ar\/sitio\/politicas-estudiantiles\/","title":{"rendered":"Pol\u00edticas Estudiantiles"},"content":{"rendered":"<p><strong>El INFD, a trav\u00e9s del Plan Nacional de Formaci\u00f3n Docente, define la puesta en marcha de <a href=\"https:\/\/cedoc.infd.edu.ar\/politicas-estudiantiles\/\" target=\"_blank\" rel=\"noopener\">Pol\u00edticas Estudiantiles<\/a>, cuyas funciones son dise\u00f1ar, promover e implementar pol\u00edticas universales centradas en los estudiantes y desarrolladas conjuntamente con ellos.<\/strong><\/p>\n<p><strong><span style=\"color: #ff0000;\">Nuestros principales desaf\u00edos son:<\/span><br \/><\/strong><br \/>&#8211; Profundizar la democratizaci\u00f3n de las din\u00e1micas institucionales.<\/p>\n<p>&#8211; Contribuir a la autonom\u00eda y a la integraci\u00f3n social cr\u00edtica de las\/los estudiantes.<\/p>\n<p>&#8211; Otorgar centralidad a las\/los estudiantes, brindando visibilidad a sus intervenciones.<\/p>\n<p><span style=\"color: #ff0000;\"><strong>A trav\u00e9s de este espacio invitamos a todos los estudiantes a:<\/strong><\/span><\/p>\n<p>&#8211; Contribuir al intercambio de experiencias y al debate de ideas.<\/p>\n<p>&#8211; Participar junto a otros siendo protagonista de tu formaci\u00f3n.<\/p>\n<p>&#8211; Generar acciones y experiencias colectivas.<\/p>\n<p>&#8211; Reflexionar sobre tu condici\u00f3n de estudiante y ciudadano.<\/p>\n<p style=\"text-align: justify;\">Esta iniciativa surge de la necesidad de favorecer la tarea que se desarrolla en los Institutos Superiores de Formaci\u00f3n Docente, brindando la posibilidad de fortalecer las trayectorias estudiantiles desde los diversos momentos formativos.<\/p>\n<p style=\"text-align: justify;\">En este sentido, queremos que conozcas el Documento marco de Pol\u00edticas Estudiantiles que se ha elaborado en el trascurso de este a\u00f1o, y que sirve como principal insumo de nuestras acciones.<\/p>\n<p style=\"text-align: justify;\"><span style=\"font-size: 10pt; color: #0000ff;\"><strong><span style=\"text-decoration: underline;\">REFERENTE:<\/span> KASPRI, MAURICIO<\/strong><\/span><\/p>\n\n\n<div class=\"wp-block-file\"><a id=\"wp-block-file--media-dfbbe962-a13a-4fb5-a8bc-efc3e169e45e\" href=\"https:\/\/inscastelli-cha.infd.edu.ar\/sitio\/wp-content\/uploads\/2021\/10\/Acta-Consejo-Directivo-01-20.docx\"><strong><span class=\"has-inline-color has-vivid-purple-color\">ACTA  DEL CONSEJO DIRECTIVO<\/span><\/strong><\/a><a href=\"https:\/\/inscastelli-cha.infd.edu.ar\/sitio\/wp-content\/uploads\/2021\/10\/Acta-Consejo-Directivo-01-20.docx\" class=\"wp-block-file__button wp-element-button\" download aria-describedby=\"wp-block-file--media-dfbbe962-a13a-4fb5-a8bc-efc3e169e45e\">Descarga<\/a><\/div>\n","protected":false},"excerpt":{"rendered":"<p>El INFD, a trav\u00e9s del Plan Nacional de Formaci\u00f3n Docente, define la puesta en marcha de Pol\u00edticas Estudiantiles, cuyas funciones son dise\u00f1ar, promover e implementar pol\u00edticas universales centradas en los estudiantes y desarrolladas conjuntamente con ellos. Nuestros principales desaf\u00edos son:&#8211; Profundizar la democratizaci\u00f3n de las din\u00e1micas institucionales. &#8211; Contribuir a la autonom\u00eda y a la &#8230; <a title=\"Pol\u00edticas Estudiantiles\" class=\"read-more\" href=\"https:\/\/inscastelli-cha.infd.edu.ar\/sitio\/politicas-estudiantiles\/\" aria-label=\"More on Pol\u00edticas Estudiantiles\">[+]<\/a><\/p>\n","protected":false},"author":283,"featured_media":0,"parent":0,"menu_order":0,"comment_status":"closed","ping_status":"closed","template":"","meta":[],"acf":[],"_links":{"self":[{"href":"https:\/\/inscastelli-cha.infd.edu.ar\/sitio\/wp-json\/wp\/v2\/pages\/812"}],"collection":[{"href":"https:\/\/inscastelli-cha.infd.edu.ar\/sitio\/wp-json\/wp\/v2\/pages"}],"about":[{"href":"https:\/\/inscastelli-cha.infd.edu.ar\/sitio\/wp-json\/wp\/v2\/types\/page"}],"author":[{"embeddable":true,"href":"https:\/\/inscastelli-cha.infd.edu.ar\/sitio\/wp-json\/wp\/v2\/users\/283"}],"replies":[{"embeddable":true,"href":"https:\/\/inscastelli-cha.infd.edu.ar\/sitio\/wp-json\/wp\/v2\/comments?post=812"}],"version-history":[{"count":3,"href":"https:\/\/inscastelli-cha.infd.edu.ar\/sitio\/wp-json\/wp\/v2\/pages\/812\/revisions"}],"predecessor-version":[{"id":4538,"href":"https:\/\/inscastelli-cha.infd.edu.ar\/sitio\/wp-json\/wp\/v2\/pages\/812\/revisions\/4538"}],"wp:attachment":[{"href":"https:\/\/inscastelli-cha.infd.edu.ar\/sitio\/wp-json\/wp\/v2\/media?parent=812"}],"curies":[{"name":"wp","href":"https:\/\/api.w.org\/{rel}","templated":true}]}}