{"id":814,"date":"2018-07-03T12:43:45","date_gmt":"2018-07-03T15:43:45","guid":{"rendered":"https:\/\/inscastelli-cha.infd.edu.ar\/sitio\/tecnicaturas\/"},"modified":"2026-02-26T17:56:45","modified_gmt":"2026-02-26T20:56:45","slug":"tecnicaturas","status":"publish","type":"page","link":"https:\/\/inscastelli-cha.infd.edu.ar\/sitio\/tecnicaturas\/","title":{"rendered":"TECNICATURAS"},"content":{"rendered":"<h2 style=\"text-align: center;\"><strong style=\"font-size: 16px;\"><span style=\"font-size: 10pt; color: #000080;\"><img decoding=\"async\" loading=\"lazy\" class=\"alignnone wp-image-1360\" src=\"https:\/\/inscastelli-cha.infd.edu.ar\/sitio\/wp-content\/uploads\/2019\/04\/comunicaci\u00f3n-1000x394.jpg\" alt=\"\" width=\"634\" height=\"250\" srcset=\"https:\/\/inscastelli-cha.infd.edu.ar\/sitio\/wp-content\/uploads\/2019\/04\/comunicaci\u00f3n-1000x394.jpg 1000w, https:\/\/inscastelli-cha.infd.edu.ar\/sitio\/wp-content\/uploads\/2019\/04\/comunicaci\u00f3n-768x302.jpg 768w, https:\/\/inscastelli-cha.infd.edu.ar\/sitio\/wp-content\/uploads\/2019\/04\/comunicaci\u00f3n.jpg 1456w\" sizes=\"(max-width: 634px) 100vw, 634px\" \/><\/span><\/strong><strong style=\"font-size: 16px;\"><span style=\"font-size: 10pt; color: #000080;\"><img decoding=\"async\" loading=\"lazy\" class=\"alignnone wp-image-1359\" src=\"https:\/\/inscastelli-cha.infd.edu.ar\/sitio\/wp-content\/uploads\/2019\/04\/Agropecuaria-1000x673.jpg\" alt=\"\" width=\"461\" height=\"310\" srcset=\"https:\/\/inscastelli-cha.infd.edu.ar\/sitio\/wp-content\/uploads\/2019\/04\/Agropecuaria-1000x673.jpg 1000w, https:\/\/inscastelli-cha.infd.edu.ar\/sitio\/wp-content\/uploads\/2019\/04\/Agropecuaria-768x517.jpg 768w, https:\/\/inscastelli-cha.infd.edu.ar\/sitio\/wp-content\/uploads\/2019\/04\/Agropecuaria.jpg 1451w\" sizes=\"(max-width: 461px) 100vw, 461px\" \/><\/span><\/strong><\/h2>\n<h2><img decoding=\"async\" loading=\"lazy\" class=\" wp-image-1787 aligncenter\" src=\"https:\/\/inscastelli-cha.infd.edu.ar\/sitio\/wp-content\/uploads\/2019\/08\/IMagen-tecnicatura-1000x707.png\" alt=\"\" width=\"477\" height=\"337\" srcset=\"https:\/\/inscastelli-cha.infd.edu.ar\/sitio\/wp-content\/uploads\/2019\/08\/IMagen-tecnicatura-1000x707.png 1000w, https:\/\/inscastelli-cha.infd.edu.ar\/sitio\/wp-content\/uploads\/2019\/08\/IMagen-tecnicatura-768x543.png 768w, https:\/\/inscastelli-cha.infd.edu.ar\/sitio\/wp-content\/uploads\/2019\/08\/IMagen-tecnicatura.png 1398w\" sizes=\"(max-width: 477px) 100vw, 477px\" \/><\/h2>\n<p style=\"text-align: center;\">TECNICATURA SUPERIOR EN DESARROLLO DE SOFTWARE<\/p>\n<pre style=\"text-align: center;\">TECNICATURA SUPERIOR EN DISE\u00d1O GR\u00c1FICO Y DIGITAL<\/pre>\n<h1 style=\"text-align: center;\"><strong><span style=\"font-size: 10pt; color: #000080;\">TECNICATURA DE EDUCACI\u00d3N SUPERIOR EN COMUNICACI\u00d3N SOCIAL<\/span><\/strong><\/h1>\n<p style=\"text-align: left;\"><span style=\"color: #ff0000;\">\u00a0<\/span>Hacer click para descargar los archivos\u00a0 <a href=\"https:\/\/inscastelli-cha.infd.edu.ar\/sitio\/wp-content\/uploads\/2019\/04\/TEC.-COMUNICACI\u00d3N-SOCIAL-1-28.pdf\"><span style=\"color: #ff0000;\">PDF -1-<\/span><\/a>\u00a0 \u00a0<a href=\"https:\/\/inscastelli-cha.infd.edu.ar\/sitio\/wp-content\/uploads\/2019\/04\/TEC.-COMUNICACI\u00d3N-SOCIAL-29-55.pdf\"><span style=\"color: #ff0000;\">PDF-2-<\/span><\/a>\u00a0 \u00a0<a href=\"https:\/\/inscastelli-cha.infd.edu.ar\/sitio\/wp-content\/uploads\/2019\/04\/TEC.-COMUNICACI\u00d3N-SOCIAL-56-92.pdf\"><span style=\"color: #ff0000;\">PDF-3-<\/span><\/a><\/p>\n<h1 style=\"text-align: center;\"><strong><span style=\"font-size: 10pt; color: #000080;\">TECNICATURA DE EDUCACI\u00d3N SUPERIOR EN GESTI\u00d3N DE LA PRODUCCI\u00d3N AGROPECUARIA<\/span><\/strong><\/h1>\n<p>Hacer click para descargar los archivos\u00a0 <a href=\"https:\/\/inscastelli-cha.infd.edu.ar\/sitio\/wp-content\/uploads\/2019\/04\/TEC.-PROD.-AGROPECUARIA-1-35.pdf\"><span style=\"color: #ff0000;\">PDF-1-<\/span><\/a>\u00a0 <a href=\"https:\/\/inscastelli-cha.infd.edu.ar\/sitio\/wp-content\/uploads\/2019\/04\/TEC.-PROD.-AGROPECUARIA-36-63.pdf\"><span style=\"color: #ff0000;\">PDF-2-<\/span><\/a>\u00a0 <a href=\"https:\/\/inscastelli-cha.infd.edu.ar\/sitio\/wp-content\/uploads\/2019\/04\/TEC.-PROD.-AGROPECUARIA-64-99.pdf\"><span style=\"color: #ff0000;\">PDF-3-<\/span><\/a><\/p>\n<h1 style=\"text-align: center;\"><strong><span style=\"font-size: 10pt; color: #000080;\">TECNICATURA DE EDUCACI\u00d3N SUPERIOR EN TURISMO SOBRE ESPACIOS RURALES<\/span><\/strong><\/h1>\n<p>Hacer click para descargar los archivos\u00a0<span style=\"color: #ff0000;\"><a style=\"color: #ff0000;\" href=\"https:\/\/inscastelli-cha.infd.edu.ar\/sitio\/wp-content\/uploads\/2019\/07\/Plan-de-estudio-Tecnicatura-en-Turismo-5319-13.pdf\">PDF -1-<\/a><\/span><\/p>\n","protected":false},"excerpt":{"rendered":"<p>TECNICATURA SUPERIOR EN DESARROLLO DE SOFTWARE TECNICATURA SUPERIOR EN DISE\u00d1O GR\u00c1FICO Y DIGITAL TECNICATURA DE EDUCACI\u00d3N SUPERIOR EN COMUNICACI\u00d3N SOCIAL \u00a0Hacer click para descargar los archivos\u00a0 PDF -1-\u00a0 \u00a0PDF-2-\u00a0 \u00a0PDF-3- TECNICATURA DE EDUCACI\u00d3N SUPERIOR EN GESTI\u00d3N DE LA PRODUCCI\u00d3N AGROPECUARIA Hacer click para descargar los archivos\u00a0 PDF-1-\u00a0 PDF-2-\u00a0 PDF-3- TECNICATURA DE EDUCACI\u00d3N SUPERIOR EN TURISMO &#8230; <a title=\"TECNICATURAS\" class=\"read-more\" href=\"https:\/\/inscastelli-cha.infd.edu.ar\/sitio\/tecnicaturas\/\" aria-label=\"More on TECNICATURAS\">[+]<\/a><\/p>\n","protected":false},"author":283,"featured_media":0,"parent":0,"menu_order":0,"comment_status":"closed","ping_status":"closed","template":"","meta":[],"acf":[],"_links":{"self":[{"href":"https:\/\/inscastelli-cha.infd.edu.ar\/sitio\/wp-json\/wp\/v2\/pages\/814"}],"collection":[{"href":"https:\/\/inscastelli-cha.infd.edu.ar\/sitio\/wp-json\/wp\/v2\/pages"}],"about":[{"href":"https:\/\/inscastelli-cha.infd.edu.ar\/sitio\/wp-json\/wp\/v2\/types\/page"}],"author":[{"embeddable":true,"href":"https:\/\/inscastelli-cha.infd.edu.ar\/sitio\/wp-json\/wp\/v2\/users\/283"}],"replies":[{"embeddable":true,"href":"https:\/\/inscastelli-cha.infd.edu.ar\/sitio\/wp-json\/wp\/v2\/comments?post=814"}],"version-history":[{"count":10,"href":"https:\/\/inscastelli-cha.infd.edu.ar\/sitio\/wp-json\/wp\/v2\/pages\/814\/revisions"}],"predecessor-version":[{"id":5195,"href":"https:\/\/inscastelli-cha.infd.edu.ar\/sitio\/wp-json\/wp\/v2\/pages\/814\/revisions\/5195"}],"wp:attachment":[{"href":"https:\/\/inscastelli-cha.infd.edu.ar\/sitio\/wp-json\/wp\/v2\/media?parent=814"}],"curies":[{"name":"wp","href":"https:\/\/api.w.org\/{rel}","templated":true}]}}