{"id":819,"date":"2018-07-03T12:43:47","date_gmt":"2018-07-03T15:43:47","guid":{"rendered":"https:\/\/inscastelli-cha.infd.edu.ar\/sitio\/personal-administrativo\/"},"modified":"2024-02-26T16:27:50","modified_gmt":"2024-02-26T19:27:50","slug":"personal-administrativo","status":"publish","type":"page","link":"https:\/\/inscastelli-cha.infd.edu.ar\/sitio\/personal-administrativo\/","title":{"rendered":"Personal Administrativo"},"content":{"rendered":"\n<div class=\"wp-block-group is-layout-flow\"><div class=\"wp-block-group__inner-container\">\n<figure class=\"wp-block-table is-style-regular\"><table><tbody><tr><td>BEDELES<\/td><td><\/td><\/tr><tr><td>Jefa de bedeles<\/td><td>Erica Maidana<\/td><\/tr><tr><td>Prof. para Nivel Secundario en Matem\u00e1tica<\/td><td>Nadia Frank<\/td><\/tr><tr><td>Prof. para Nivel Secundario en Lengua y Literatura 1\u00b0 1\u00b0<\/td><td>Lidia Qui\u00f1onez<\/td><\/tr><tr><td>Prof. de Educaci\u00f3n Superior en Teatro<\/td><td>Claudio Frank<\/td><\/tr><tr><td>Prof. para la Educaci\u00f3n primaria<\/td><td>Nadia Frank<\/td><\/tr><tr><td>Prof. para la Educaci\u00f3n Inicial<\/td><td>Rolando Kronemberger<\/td><\/tr><tr><td>Prof. para la Educaci\u00f3n Secundaria en Qu\u00edmica<\/td><td>Silvana Kronemberger<\/td><\/tr><tr><td>Prof. Para la Educaci\u00f3n Superior en Arte Visuales<\/td><td>Paola Alegre<\/td><\/tr><tr><td>Prof. De Educaci\u00f3n Superior en Educaci\u00f3n F\u00edsica<\/td><td>Gualberto Misetich<\/td><\/tr><tr><td>Prof. Para la Educaci\u00f3n Especial<\/td><td>Silvana Kronemberger<\/td><\/tr><tr><td>Prof. De Educaci\u00f3n Secundaria en Agronom\u00eda<\/td><td>Claudio Frank<\/td><\/tr><tr><td>Prof. De Educaci\u00f3n Secundaria en Ciencias Pol\u00edticas<\/td><td>Erica Maidana<\/td><\/tr><tr><td>Prof. De Educaci\u00f3n Superior en M\u00fasica<\/td><td>Silvana Chavez<\/td><\/tr><tr><td>Tecnicatura Superior en Tecnolog\u00eda de los Alimentos<\/td><td>Lidia Qui\u00f1onez<\/td><\/tr><tr><td>AYUDANTES<\/td><td>Hebe Radosevich<\/td><\/tr><\/tbody><\/table><\/figure>\n\n\n\n<p><\/p>\n<\/div><\/div>\n\n\n\n<p><\/p>\n","protected":false},"excerpt":{"rendered":"<p>BEDELES Jefa de bedeles Erica Maidana Prof. para Nivel Secundario en Matem\u00e1tica Nadia Frank Prof. para Nivel Secundario en Lengua y Literatura 1\u00b0 1\u00b0 Lidia Qui\u00f1onez Prof. de Educaci\u00f3n Superior en Teatro Claudio Frank Prof. para la Educaci\u00f3n primaria Nadia Frank Prof. para la Educaci\u00f3n Inicial Rolando Kronemberger Prof. para la Educaci\u00f3n Secundaria en Qu\u00edmica &#8230; <a title=\"Personal Administrativo\" class=\"read-more\" href=\"https:\/\/inscastelli-cha.infd.edu.ar\/sitio\/personal-administrativo\/\" aria-label=\"More on Personal Administrativo\">[+]<\/a><\/p>\n","protected":false},"author":283,"featured_media":0,"parent":0,"menu_order":0,"comment_status":"closed","ping_status":"closed","template":"","meta":[],"acf":[],"_links":{"self":[{"href":"https:\/\/inscastelli-cha.infd.edu.ar\/sitio\/wp-json\/wp\/v2\/pages\/819"}],"collection":[{"href":"https:\/\/inscastelli-cha.infd.edu.ar\/sitio\/wp-json\/wp\/v2\/pages"}],"about":[{"href":"https:\/\/inscastelli-cha.infd.edu.ar\/sitio\/wp-json\/wp\/v2\/types\/page"}],"author":[{"embeddable":true,"href":"https:\/\/inscastelli-cha.infd.edu.ar\/sitio\/wp-json\/wp\/v2\/users\/283"}],"replies":[{"embeddable":true,"href":"https:\/\/inscastelli-cha.infd.edu.ar\/sitio\/wp-json\/wp\/v2\/comments?post=819"}],"version-history":[{"count":10,"href":"https:\/\/inscastelli-cha.infd.edu.ar\/sitio\/wp-json\/wp\/v2\/pages\/819\/revisions"}],"predecessor-version":[{"id":4231,"href":"https:\/\/inscastelli-cha.infd.edu.ar\/sitio\/wp-json\/wp\/v2\/pages\/819\/revisions\/4231"}],"wp:attachment":[{"href":"https:\/\/inscastelli-cha.infd.edu.ar\/sitio\/wp-json\/wp\/v2\/media?parent=819"}],"curies":[{"name":"wp","href":"https:\/\/api.w.org\/{rel}","templated":true}]}}