{"id":829,"date":"2018-07-03T12:43:52","date_gmt":"2018-07-03T15:43:52","guid":{"rendered":"https:\/\/inscastelli-cha.infd.edu.ar\/sitio\/ubicacion\/"},"modified":"2021-10-27T09:00:49","modified_gmt":"2021-10-27T12:00:49","slug":"ubicacion","status":"publish","type":"page","link":"https:\/\/inscastelli-cha.infd.edu.ar\/sitio\/ubicacion\/","title":{"rendered":"Ubicaci\u00f3n"},"content":{"rendered":"\n<p><span style=\"color: #0000ff;\"><strong><span style=\"font-size: small;\">UBICACI\u00d3N DE LA CIUDAD DE JUAN JOS\u00c9 CASTELLI EN EL CHACO<\/span><\/strong><\/span><\/p>\n\n\n\n<figure class=\"wp-block-image\"><img decoding=\"async\" src=\"https:\/\/inscastelli-cha.infd.edu.ar\/sitio\/wp-content\/uploads\/2018\/07\/Mapa_Chaco.jpg\" alt=\"Ubicaci\u00f3n\" title=\"Ubicaci\u00f3n\"\/><\/figure>\n\n\n\n<p class=\"has-text-align-center\"><span style=\"font-size: small;\"><\/span><\/p>\n\n\n\n<p><span style=\"color: #0000ff;\"><strong><span style=\"font-size: small;\">UBICACI\u00d3N DEL I.E.S. \u00abREN\u00c9 FAVALORO\u00bb EN LA CIUDAD DE JUAN JOS\u00c9 CASTELLI<\/span><\/strong><\/span><\/p>\n\n\n\n<iframe src=\"https:\/\/www.google.com\/maps\/embed?pb=!1m18!1m12!1m3!1d2536.908616909305!2d-60.612798194786784!3d-25.944069999569358!2m3!1f0!2f0!3f0!3m2!1i1024!2i768!4f13.1!3m3!1m2!1s0x94404ce43ccae94d%3A0x56415715d6dc5808!2sAv.%20San%20Mart%C3%ADn%201146%2C%20Salta%2C%20Chaco!5e0!3m2!1ses!2sar!4v1635335338242!5m2!1ses!2sar\" width=\"600\" height=\"450\" style=\"border:0;\" allowfullscreen=\"\" loading=\"lazy\"><\/iframe>\n\n\n\n<figure class=\"wp-block-image\"><img decoding=\"async\" src=\"https:\/\/inscastelli-cha.infd.edu.ar\/sitio\/wp-content\/uploads\/2018\/07\/Mapa_Castelli.jpg\" alt=\"mapa\" title=\"mapa\"\/><\/figure>\n\n\n\n<p class=\"has-text-align-center\"><span style=\"color: #0000ff;\"><strong><span style=\"font-size: small;\"><\/span><\/strong><\/span><\/p>\n","protected":false},"excerpt":{"rendered":"<p>UBICACI\u00d3N DE LA CIUDAD DE JUAN JOS\u00c9 CASTELLI EN EL CHACO UBICACI\u00d3N DEL I.E.S. \u00abREN\u00c9 FAVALORO\u00bb EN LA CIUDAD DE JUAN JOS\u00c9 CASTELLI<\/p>\n","protected":false},"author":283,"featured_media":0,"parent":0,"menu_order":0,"comment_status":"closed","ping_status":"closed","template":"","meta":[],"acf":[],"_links":{"self":[{"href":"https:\/\/inscastelli-cha.infd.edu.ar\/sitio\/wp-json\/wp\/v2\/pages\/829"}],"collection":[{"href":"https:\/\/inscastelli-cha.infd.edu.ar\/sitio\/wp-json\/wp\/v2\/pages"}],"about":[{"href":"https:\/\/inscastelli-cha.infd.edu.ar\/sitio\/wp-json\/wp\/v2\/types\/page"}],"author":[{"embeddable":true,"href":"https:\/\/inscastelli-cha.infd.edu.ar\/sitio\/wp-json\/wp\/v2\/users\/283"}],"replies":[{"embeddable":true,"href":"https:\/\/inscastelli-cha.infd.edu.ar\/sitio\/wp-json\/wp\/v2\/comments?post=829"}],"version-history":[{"count":1,"href":"https:\/\/inscastelli-cha.infd.edu.ar\/sitio\/wp-json\/wp\/v2\/pages\/829\/revisions"}],"predecessor-version":[{"id":2855,"href":"https:\/\/inscastelli-cha.infd.edu.ar\/sitio\/wp-json\/wp\/v2\/pages\/829\/revisions\/2855"}],"wp:attachment":[{"href":"https:\/\/inscastelli-cha.infd.edu.ar\/sitio\/wp-json\/wp\/v2\/media?parent=829"}],"curies":[{"name":"wp","href":"https:\/\/api.w.org\/{rel}","templated":true}]}}