{"id":842,"date":"2018-07-10T12:50:29","date_gmt":"2018-07-10T15:50:29","guid":{"rendered":"https:\/\/inscastelli-cha.infd.edu.ar\/sitio\/?page_id=842"},"modified":"2025-10-17T16:56:24","modified_gmt":"2025-10-17T19:56:24","slug":"produccionesmultimedias","status":"publish","type":"page","link":"https:\/\/inscastelli-cha.infd.edu.ar\/sitio\/produccionesmultimedias\/","title":{"rendered":"Producciones Multimedia"},"content":{"rendered":"<p style=\"text-align: center;\"><strong>Espacio para compartir producciones de estudiantes de Instituto Ren\u00e9 Favaloro.<\/strong><\/p>\n<p>\u00a0<\/p>\n\n\n<div class=\"wp-block-media-text alignwide has-media-on-the-right is-stacked-on-mobile has-base-2-background-color has-background\" style=\"grid-template-columns:auto 31%\"><div class=\"wp-block-media-text__content\">\n<p class=\"has-base-2-background-color has-background has-medium-font-size\">Producci\u00f3n de estudiantes de 3\u00b0a\u00f1o del profesorado de Educaci\u00f3n Secundaria en Qu\u00edmica, promoviendo la concientizaci\u00f3n acerca de los cuidados que se deben tener a la hora de trabajar experimentos qu\u00edmicos. <\/p>\n<\/div><figure class=\"wp-block-media-text__media\"><video controls src=\"https:\/\/inscastelli-cha.infd.edu.ar\/sitio\/wp-content\/uploads\/2025\/10\/VIDEO-QUIMICA.mp4\"><\/video><\/figure><\/div>\n\n\n\n<hr class=\"wp-block-separator has-alpha-channel-opacity\"\/>\n\n\n\n<div class=\"wp-block-media-text alignwide is-stacked-on-mobile has-base-2-background-color has-background\" style=\"grid-template-columns:38% auto\"><figure class=\"wp-block-media-text__media\"><img decoding=\"async\" loading=\"lazy\" width=\"1080\" height=\"1350\" src=\"https:\/\/inscastelli-cha.infd.edu.ar\/sitio\/wp-content\/uploads\/2025\/10\/WhatsApp-Image-2025-10-15-at-09.54.15.jpeg\" alt=\"\" class=\"wp-image-5031 size-full\" srcset=\"https:\/\/inscastelli-cha.infd.edu.ar\/sitio\/wp-content\/uploads\/2025\/10\/WhatsApp-Image-2025-10-15-at-09.54.15.jpeg 1080w, https:\/\/inscastelli-cha.infd.edu.ar\/sitio\/wp-content\/uploads\/2025\/10\/WhatsApp-Image-2025-10-15-at-09.54.15-800x1000.jpeg 800w, https:\/\/inscastelli-cha.infd.edu.ar\/sitio\/wp-content\/uploads\/2025\/10\/WhatsApp-Image-2025-10-15-at-09.54.15-768x960.jpeg 768w\" sizes=\"(max-width: 1080px) 100vw, 1080px\" \/><\/figure><div class=\"wp-block-media-text__content\">\n<p class=\"has-medium-font-size\">Nuestra Radio 88.9, un espacio de encuentro acad\u00e9mico con la comunidad, programas y tem\u00e1ticas diversas, entre mates y  charlas, el Favaloro y sus distintas carreras en los medios!<\/p>\n\n\n\n<p class=\"has-medium-font-size\"><a href=\"https:\/\/www.instagram.com\/fm.favaloro\/profilecard\/\" data-type=\"URL\" data-id=\"https:\/\/www.instagram.com\/fm.favaloro\/profilecard\/\" target=\"_blank\" rel=\"noreferrer noopener\">FM Ren\u00e9 Favaloro<\/a><\/p>\n<\/div><\/div>\n\n\n\n<figure class=\"wp-block-embed is-type-video is-provider-youtube wp-block-embed-youtube wp-embed-aspect-16-9 wp-has-aspect-ratio\"><div class=\"wp-block-embed__wrapper\">\n<iframe loading=\"lazy\" title=\"Sonidos del Norte: Un viaje musical\" width=\"1200\" height=\"675\" src=\"https:\/\/www.youtube.com\/embed\/o7_bFKBUeRU?feature=oembed\" frameborder=\"0\" allow=\"accelerometer; autoplay; clipboard-write; encrypted-media; gyroscope; picture-in-picture; web-share\" referrerpolicy=\"strict-origin-when-cross-origin\" allowfullscreen><\/iframe>\n<\/div><\/figure>\n\n\n\n<figure class=\"wp-block-embed is-type-video is-provider-youtube wp-block-embed-youtube wp-embed-aspect-16-9 wp-has-aspect-ratio\"><div class=\"wp-block-embed__wrapper\">\n<iframe loading=\"lazy\" title=\"&quot;TODO A PULM\u00d3N&quot;, UNA VERSI\u00d3N  PRODUCIDA POR  ESTUDIANTES Y DOCENTES DEL PROFESORADO DE M\u00daSICA\" width=\"1200\" height=\"675\" src=\"https:\/\/www.youtube.com\/embed\/Cr8kruiULKI?feature=oembed\" frameborder=\"0\" allow=\"accelerometer; autoplay; clipboard-write; encrypted-media; gyroscope; picture-in-picture; web-share\" referrerpolicy=\"strict-origin-when-cross-origin\" allowfullscreen><\/iframe>\n<\/div><\/figure>\n\n\n\n<p><\/p>\n\n\n<p><strong>Producci\u00f3n en Radio Ren\u00e9 Favaloro FM 88.9<\/strong><\/p>\n\n\n<p><a href=\"https:\/\/streaminglocucionar.com\/radio\/?p=24012\" target=\"_blank\" rel=\"noreferrer noopener\">https:\/\/streaminglocucionar.com\/radio\/?p=24012<\/a><\/p>\n\n\n\n<figure class=\"wp-block-embed is-type-video is-provider-youtube wp-block-embed-youtube wp-embed-aspect-16-9 wp-has-aspect-ratio\"><div class=\"wp-block-embed__wrapper\">\n<iframe loading=\"lazy\" title=\"CASTELLI, EL SECRETO DE SU HISTORIA\" width=\"1200\" height=\"675\" src=\"https:\/\/www.youtube.com\/embed\/RVhMNqALptY?feature=oembed\" frameborder=\"0\" allow=\"accelerometer; autoplay; clipboard-write; encrypted-media; gyroscope; picture-in-picture; web-share\" referrerpolicy=\"strict-origin-when-cross-origin\" allowfullscreen><\/iframe>\n<\/div><\/figure>\n\n\n<p>Producci\u00f3n documental realizado por Estudiantes de la Tecnicatura Superior en Comunicaci\u00f3n Social con Orientaci\u00f3n Multimedial &#8211; del a\u00f1o 2018.<\/p>","protected":false},"excerpt":{"rendered":"<p>Espacio para compartir producciones de estudiantes de Instituto Ren\u00e9 Favaloro. \u00a0 Producci\u00f3n de estudiantes de 3\u00b0a\u00f1o del profesorado de Educaci\u00f3n Secundaria en Qu\u00edmica, promoviendo la concientizaci\u00f3n acerca de los cuidados que se deben tener a la hora de trabajar experimentos qu\u00edmicos. Nuestra Radio 88.9, un espacio de encuentro acad\u00e9mico con la comunidad, programas y tem\u00e1ticas &#8230; <a title=\"Producciones Multimedia\" class=\"read-more\" href=\"https:\/\/inscastelli-cha.infd.edu.ar\/sitio\/produccionesmultimedias\/\" aria-label=\"More on Producciones Multimedia\">[+]<\/a><\/p>\n","protected":false},"author":283,"featured_media":0,"parent":0,"menu_order":0,"comment_status":"closed","ping_status":"closed","template":"","meta":[],"acf":[],"_links":{"self":[{"href":"https:\/\/inscastelli-cha.infd.edu.ar\/sitio\/wp-json\/wp\/v2\/pages\/842"}],"collection":[{"href":"https:\/\/inscastelli-cha.infd.edu.ar\/sitio\/wp-json\/wp\/v2\/pages"}],"about":[{"href":"https:\/\/inscastelli-cha.infd.edu.ar\/sitio\/wp-json\/wp\/v2\/types\/page"}],"author":[{"embeddable":true,"href":"https:\/\/inscastelli-cha.infd.edu.ar\/sitio\/wp-json\/wp\/v2\/users\/283"}],"replies":[{"embeddable":true,"href":"https:\/\/inscastelli-cha.infd.edu.ar\/sitio\/wp-json\/wp\/v2\/comments?post=842"}],"version-history":[{"count":10,"href":"https:\/\/inscastelli-cha.infd.edu.ar\/sitio\/wp-json\/wp\/v2\/pages\/842\/revisions"}],"predecessor-version":[{"id":5108,"href":"https:\/\/inscastelli-cha.infd.edu.ar\/sitio\/wp-json\/wp\/v2\/pages\/842\/revisions\/5108"}],"wp:attachment":[{"href":"https:\/\/inscastelli-cha.infd.edu.ar\/sitio\/wp-json\/wp\/v2\/media?parent=842"}],"curies":[{"name":"wp","href":"https:\/\/api.w.org\/{rel}","templated":true}]}}