{"id":857,"date":"2018-07-03T12:44:06","date_gmt":"2018-07-03T15:44:06","guid":{"rendered":"https:\/\/inscastelli-cha.infd.edu.ar\/sitio\/prog-r-es-ar\/"},"modified":"2021-10-27T11:55:13","modified_gmt":"2021-10-27T14:55:13","slug":"prog-r-es-ar","status":"publish","type":"page","link":"https:\/\/inscastelli-cha.infd.edu.ar\/sitio\/prog-r-es-ar\/","title":{"rendered":"PROGRESAR"},"content":{"rendered":"\n<p>Link  : <a href=\"https:\/\/becasprogresar.educacion.gob.ar\/inicio_nivel_superior.php\" target=\"_blank\" rel=\"noreferrer noopener\">https:\/\/becasprogresar.educacion.gob.ar\/inicio_nivel_superior.php<\/a><\/p>\n\n\n\n<figure class=\"wp-block-image size-large is-resized\"><img decoding=\"async\" loading=\"lazy\" src=\"https:\/\/inscastelli-cha.infd.edu.ar\/sitio\/wp-content\/uploads\/2021\/10\/descarga-1.jpg\" alt=\"\" class=\"wp-image-2359\" width=\"513\" height=\"285\"\/><\/figure>\n\n\n\n<p>BECAS <strong>M\u00c1S CULTURA<\/strong><\/p>\n\n\n\n<h3 class=\"wp-block-heading\">\u00bfQuienes pueden inscribirse?<\/h3>\n\n\n\n<p>M\u00e1s Cultura est\u00e1 dirigida a todas y todos los titulares del Programa de Respaldo a Estudiantes de Argentina (PROGRESAR) y a todos los j\u00f3venes de entre 18 y 24 a\u00f1os titulares de la Asignaci\u00f3n Universal por Hijo, de la Asignaci\u00f3n Universal por Embarazo y de Pensiones no Contributivas por Invalidez.<\/p>\n\n\n\n<p><a href=\"https:\/\/www.anses.gob.ar\/mas-cultura\">https:\/\/www.anses.gob.ar\/mas-cultura<\/a><\/p>\n","protected":false},"excerpt":{"rendered":"<p>Link : https:\/\/becasprogresar.educacion.gob.ar\/inicio_nivel_superior.php BECAS M\u00c1S CULTURA \u00bfQuienes pueden inscribirse? M\u00e1s Cultura est\u00e1 dirigida a todas y todos los titulares del Programa de Respaldo a Estudiantes de Argentina (PROGRESAR) y a todos los j\u00f3venes de entre 18 y 24 a\u00f1os titulares de la Asignaci\u00f3n Universal por Hijo, de la Asignaci\u00f3n Universal por Embarazo y de Pensiones &#8230; <a title=\"PROGRESAR\" class=\"read-more\" href=\"https:\/\/inscastelli-cha.infd.edu.ar\/sitio\/prog-r-es-ar\/\" aria-label=\"More on PROGRESAR\">[+]<\/a><\/p>\n","protected":false},"author":283,"featured_media":0,"parent":0,"menu_order":0,"comment_status":"closed","ping_status":"closed","template":"","meta":[],"acf":[],"_links":{"self":[{"href":"https:\/\/inscastelli-cha.infd.edu.ar\/sitio\/wp-json\/wp\/v2\/pages\/857"}],"collection":[{"href":"https:\/\/inscastelli-cha.infd.edu.ar\/sitio\/wp-json\/wp\/v2\/pages"}],"about":[{"href":"https:\/\/inscastelli-cha.infd.edu.ar\/sitio\/wp-json\/wp\/v2\/types\/page"}],"author":[{"embeddable":true,"href":"https:\/\/inscastelli-cha.infd.edu.ar\/sitio\/wp-json\/wp\/v2\/users\/283"}],"replies":[{"embeddable":true,"href":"https:\/\/inscastelli-cha.infd.edu.ar\/sitio\/wp-json\/wp\/v2\/comments?post=857"}],"version-history":[{"count":4,"href":"https:\/\/inscastelli-cha.infd.edu.ar\/sitio\/wp-json\/wp\/v2\/pages\/857\/revisions"}],"predecessor-version":[{"id":2868,"href":"https:\/\/inscastelli-cha.infd.edu.ar\/sitio\/wp-json\/wp\/v2\/pages\/857\/revisions\/2868"}],"wp:attachment":[{"href":"https:\/\/inscastelli-cha.infd.edu.ar\/sitio\/wp-json\/wp\/v2\/media?parent=857"}],"curies":[{"name":"wp","href":"https:\/\/api.w.org\/{rel}","templated":true}]}}