{"id":861,"date":"2018-07-03T12:44:08","date_gmt":"2018-07-03T15:44:08","guid":{"rendered":"https:\/\/inscastelli-cha.infd.edu.ar\/sitio\/prof-edgardo-medina\/"},"modified":"2019-03-18T10:23:57","modified_gmt":"2019-03-18T13:23:57","slug":"documentos-didacticos","status":"publish","type":"page","link":"https:\/\/inscastelli-cha.infd.edu.ar\/sitio\/documentos-didacticos\/","title":{"rendered":"Documentos Did\u00e1cticos"},"content":{"rendered":"<p style=\"text-align: center;\"><strong>APUNTES<\/strong><\/p>\n<p>&nbsp;<\/p>\n<p><strong><span style=\"color: #0000ff; font-size: 12pt;\" data-mce-mark=\"1\">An\u00e1lisis Matem\u00e1tico II<\/span><\/strong><\/p>\n<p>(hacer clic en el material que quieras descargar)<\/p>\n<p>&nbsp;<\/p>\n<p><a title=\"EL CALCULO 7\u00aa EDICI\u00d3N\" href=\"upload\/EL_CALCULO_7_EDICI%D3N.pdf\" target=\"_blank\" rel=\"noopener\">EL CALCULO 7\u00ba EDICI\u00d3N<\/a><\/p>\n<p><a title=\"Manual de An\u00e1lisis Matem\u00e1tico\" href=\"upload\/Manual_de_analisis_matematico_-_Primera_Parte_-_Repetto_Celina.pdf\" target=\"_blank\" rel=\"noopener\">Manual de analisis matematico-Primera Parte-Repetto, Celina<\/a><\/p>\n<p><a title=\"Rabuffeti- Introd. al An\u00e1lisis matem. #AP#c\u00e1lculo2#CP#\" href=\"upload\/Rabuffeti-_Introd._al_An%E1lisis_matem._c%E1lculo2.pdf\" target=\"_blank\" rel=\"noopener\">Rabuffeti- Introd. al An\u00e1lisis matem. (c\u00e1lculo2)<\/a><\/p>\n<p>&nbsp;<\/p>\n<p style=\"text-align: center;\"><span style=\"text-decoration: underline; color: #ff0000; font-size: 12pt;\"><strong>MATERIAL DID\u00c1CTICA Y PR\u00c1CTICA<\/strong><\/span><\/p>\n<p style=\"text-align: left;\">\n<p><strong><span style=\"color: #00ff00;\">GENERAL:<\/span><\/strong><\/p>\n<p>&#8211;<a title=\"Aspectos metodol\u00f3gicos en la ens. del Algebra del secundario\" href=\"upload\/Aspectos_metodologicos_en_la_ens._del_Algebra_del_secundario.pdf\" target=\"_blank\" rel=\"noopener\">Aspectos metodol\u00f3gicos en la ense\u00f1anza del Algebra del secundario<\/a><\/p>\n<p>&#8211;\u00a0<a title=\"Planif Did\u00e1ctica Anual y Secuencias Did\u00e1cticas Ed 2016\" href=\"upload\/Planif_Didactica_Anual_y_Secuencias_Didacticas_Ed_2016.pdf\" target=\"_blank\" rel=\"noopener\">Planif Didactica Anual y Secuencias Didacticas Ed 2016<\/a><\/p>\n<p>&#8211;<a title=\"Teor\u00eda semi\u00f3tica de Douval\" href=\"upload\/Teoria_semiotica_de_Douval.pdf\" target=\"_blank\" rel=\"noopener\">Teor\u00eda semi\u00f3tica de Douval<\/a><\/p>\n<p>&nbsp;<\/p>\n<p><span style=\"color: #00ff00;\"><strong>EL DESARROLLO DE CAPACIDADES EN LA ESCUELA SECUNDARIA:<\/strong><\/span><\/p>\n<p><a title=\"Cuaderno 1\" href=\"upload\/Cuaderno_1.pdf\" target=\"_blank\" rel=\"noopener\">Cuaderno 1<\/a><\/p>\n<p><a title=\"Cuaderno 2\" href=\"upload\/Cuaderno_2.pdf\" target=\"_blank\" rel=\"noopener\">Cuaderno 2<\/a><\/p>\n<p><a title=\"Cuaderno 3\" href=\"upload\/Cuaderno_3.pdf\" target=\"_blank\" rel=\"noopener\">Cuaderno 3<\/a><\/p>\n<p><a title=\"Cuaderno 4\" href=\"upload\/Cuaderno_4.pdf\" target=\"_blank\" rel=\"noopener\">Cuaderno 4<\/a><\/p>\n<p><a title=\"Cuaderno 5\" href=\"upload\/Cuaderno_5.pdf\" target=\"_blank\" rel=\"noopener\">Cuaderno 5<\/a><\/p>\n<p><a title=\"Cuaderno 6\" href=\"upload\/Cuaderno_6.pdf\" target=\"_blank\" rel=\"noopener\">Cuaderno 6<\/a><\/p>\n<p><span style=\"color: #00ff00;\"><strong>SECUENCIAS DID\u00c1CTICAS: Ejemplos<\/strong><\/span><\/p>\n<p><a title=\"Angulos entre paralelas y una transversal\" href=\"upload\/Angulos_entre_paralelas_y_una_transversal.pdf\" target=\"_blank\" rel=\"noopener\">-Angulos entre paralelas y una transversal<\/a><\/p>\n<p><a title=\"Cs sociales metodos para resolver sistemas de 2 ecuaciones con 2 incognitas\" href=\"upload\/Cs_sociales_metodos_para_resolver_sistemas_de_2_ecuaciones_con_2_incognitas.pdf\" target=\"_blank\" rel=\"noopener\">-Cs sociales metodos para resolver sistemas de 2 ecuaciones con 2 incognitas<\/a><\/p>\n<p><a title=\"Funcion cuadratica y ecuacion de 2do grado\" href=\"upload\/Funcion_cuadratica_y_ecuacion_de_2do_grado.pdf\" target=\"_blank\" rel=\"noopener\">-Funcion cuadratica y ecuacion de 2do grado<\/a><\/p>\n<p><a title=\"Funcion exponencial Cs Naturales\" href=\"upload\/Funcion_exponencial_Cs_Naturales.pdf\" target=\"_blank\" rel=\"noopener\">-Funcion exponencial Cs Naturales<\/a><\/p>\n<p><a title=\"Funcion exponencial Cs Sociales\" href=\"upload\/Funcion_exponencial_Cs_Sociales.pdf\" target=\"_blank\" rel=\"noopener\">-Funcion exponencial Cs Sociales<\/a><\/p>\n<p><a title=\"Oferta y demanda Economia 2 ecuaciones con 2 incognitas\" href=\"upload\/Oferta_y_demanda_Economia_2_ecuaciones_con_2_incognitas.pdf\" target=\"_blank\" rel=\"noopener\">-Oferta y demanda Economia 2 ecuaciones con 2 incognitas<\/a><\/p>\n<p><a title=\"Razones trigonometricas\" href=\"upload\/Razones_trigonometricas.pdf\" target=\"_blank\" rel=\"noopener\">-Razones trigonometricas<\/a><\/p>\n<p><a title=\"Regularidades numericas\" href=\"upload\/Regularidades_numericas.pdf\" target=\"_blank\" rel=\"noopener\">-Regularidades num\u00e9ricas<\/a><\/p>\n<p><a title=\"secuenciasdidacticas- APRENDIZAJE Y EVALUACI\u00d3N DE COMPETENCIAS\" href=\"upload\/secuenciasdidacticas-_APRENDIZAJE_Y_EVALUACION_DE_COMPETENCIAS.pdf\" target=\"_blank\" rel=\"noopener\">-secuenciasdidacticas- APRENDIZAJE Y EVALUACI\u00d3N DE COMPETENCIAS<\/a><\/p>\n<p><strong><span style=\"color: #00ff00;\">TEOR\u00cdA ANTROPOL\u00d3GICA: CHEVALLARD<\/span><\/strong><\/p>\n<p><a title=\"Chevallard_Teoria_Antropologica - TAD\" href=\"upload\/Chevallard_Teoria_Antropologica_-_TAD.pdf\" target=\"_blank\" rel=\"noopener\">-Chevallard_Teoria_Antropologica &#8211; TAD<\/a><\/p>\n<p><a title=\"La Transposici\u00f3n Did\u00e1ctica - Yves Chevallard\" href=\"upload\/La_Transposicion_Didactica_-_Yves_Chevallard.docx\" target=\"_blank\" rel=\"noopener\">-La Transposici\u00f3n Did\u00e1ctica &#8211; Yves Chevallard<\/a><\/p>\n<p><a title=\"saberes_designados - Chevallard\" href=\"upload\/saberes_designados_-_Chevallard.doc\" target=\"_blank\" rel=\"noopener\">-saberes_designados &#8211; Chevallard<\/a><\/p>\n<p><strong><span style=\"color: #00ff00;\">TEOR\u00cdA DE LAS SITUCACIONES DID\u00c1CTICAS: BROUSSEAU<\/span><\/strong><\/p>\n<p><span style=\"color: #000000;\"><a title=\"Situaciones Did\u00e1cticas\" href=\"upload\/5_Situaciones_did..pdf\" target=\"_blank\" rel=\"noopener\">-Situaciones did\u00e1cticas<\/a><\/span><\/p>\n<p><span style=\"color: #000000;\"><a title=\"teora de las situaciones did\u00e1cticas de guy brousseau\" href=\"upload\/teoradelassituacionesdidcticasdeguybrousseau-120510115759-phpapp01.pdf\" target=\"_blank\" rel=\"noopener\">-Teora de las situaciones did\u00e1cticas de guy brousseau<\/a><\/span><\/p>\n<p>&nbsp;<\/p>\n<p>&nbsp;<\/p>\n","protected":false},"excerpt":{"rendered":"<p>APUNTES &nbsp; An\u00e1lisis Matem\u00e1tico II (hacer clic en el material que quieras descargar) &nbsp; EL CALCULO 7\u00ba EDICI\u00d3N Manual de analisis matematico-Primera Parte-Repetto, Celina Rabuffeti- Introd. al An\u00e1lisis matem. (c\u00e1lculo2) &nbsp; MATERIAL DID\u00c1CTICA Y PR\u00c1CTICA GENERAL: &#8211;Aspectos metodol\u00f3gicos en la ense\u00f1anza del Algebra del secundario &#8211;\u00a0Planif Didactica Anual y Secuencias Didacticas Ed 2016 &#8211;Teor\u00eda semi\u00f3tica &#8230; <a title=\"Documentos Did\u00e1cticos\" class=\"read-more\" href=\"https:\/\/inscastelli-cha.infd.edu.ar\/sitio\/documentos-didacticos\/\" aria-label=\"More on Documentos Did\u00e1cticos\">[+]<\/a><\/p>\n","protected":false},"author":283,"featured_media":0,"parent":0,"menu_order":0,"comment_status":"closed","ping_status":"closed","template":"","meta":[],"acf":[],"_links":{"self":[{"href":"https:\/\/inscastelli-cha.infd.edu.ar\/sitio\/wp-json\/wp\/v2\/pages\/861"}],"collection":[{"href":"https:\/\/inscastelli-cha.infd.edu.ar\/sitio\/wp-json\/wp\/v2\/pages"}],"about":[{"href":"https:\/\/inscastelli-cha.infd.edu.ar\/sitio\/wp-json\/wp\/v2\/types\/page"}],"author":[{"embeddable":true,"href":"https:\/\/inscastelli-cha.infd.edu.ar\/sitio\/wp-json\/wp\/v2\/users\/283"}],"replies":[{"embeddable":true,"href":"https:\/\/inscastelli-cha.infd.edu.ar\/sitio\/wp-json\/wp\/v2\/comments?post=861"}],"version-history":[{"count":2,"href":"https:\/\/inscastelli-cha.infd.edu.ar\/sitio\/wp-json\/wp\/v2\/pages\/861\/revisions"}],"predecessor-version":[{"id":1230,"href":"https:\/\/inscastelli-cha.infd.edu.ar\/sitio\/wp-json\/wp\/v2\/pages\/861\/revisions\/1230"}],"wp:attachment":[{"href":"https:\/\/inscastelli-cha.infd.edu.ar\/sitio\/wp-json\/wp\/v2\/media?parent=861"}],"curies":[{"name":"wp","href":"https:\/\/api.w.org\/{rel}","templated":true}]}}