{"id":864,"date":"2018-07-03T12:44:09","date_gmt":"2018-07-03T15:44:09","guid":{"rendered":"https:\/\/inscastelli-cha.infd.edu.ar\/sitio\/fechas-de-encuentros-presenciales-2015\/"},"modified":"2026-03-31T17:25:14","modified_gmt":"2026-03-31T20:25:14","slug":"novedades","status":"publish","type":"page","link":"https:\/\/inscastelli-cha.infd.edu.ar\/sitio\/novedades\/","title":{"rendered":"Novedades IES"},"content":{"rendered":"\n<p class=\"has-base-2-background-color has-background\">2026<\/p>\n\n\n\n<p>INSCRIPCI\u00d3N I<a rel=\"noreferrer noopener\" href=\"https:\/\/drive.google.com\/drive\/folders\/1Co6ZCWjS2amQYVrZo9u4Ve_J4WxEbwBM?usp=sharing\" data-type=\"URL\" data-id=\"https:\/\/drive.google.com\/drive\/folders\/1Co6ZCWjS2amQYVrZo9u4Ve_J4WxEbwBM?usp=sharing\" target=\"_blank\">NTERINATOS Y SUPLENCIAS PERIODO B 2026<\/a><\/p>\n\n\n\n<hr class=\"wp-block-separator has-alpha-channel-opacity\"\/>\n\n\n\n<p class=\"has-base-2-background-color has-background\">2025<\/p>\n\n\n\n<p class=\"has-base-background-color has-background has-medium-font-size\"><a href=\"https:\/\/inscastelli-cha.infd.edu.ar\/sitio\/festejos-bodas-de-oro\/\" data-type=\"URL\" data-id=\"https:\/\/inscastelli-cha.infd.edu.ar\/sitio\/festejos-bodas-de-oro\/\" target=\"_blank\" rel=\"noreferrer noopener\">Festejos Bodas de Oro: Medio siglo de historia, formando generaciones, cambiando futuros\u20261975\/2025<\/a>.<\/p>\n\n\n\n<hr class=\"wp-block-separator has-alpha-channel-opacity\"\/>\n\n\n\n<div class=\"wp-block-media-text alignwide is-stacked-on-mobile\" style=\"grid-template-columns:43% auto\"><figure class=\"wp-block-media-text__media\"><img decoding=\"async\" loading=\"lazy\" width=\"666\" height=\"1000\" src=\"https:\/\/inscastelli-cha.infd.edu.ar\/sitio\/wp-content\/uploads\/2025\/11\/ateneo-666x1000.jpeg\" alt=\"\" class=\"wp-image-5156 size-medium\" srcset=\"https:\/\/inscastelli-cha.infd.edu.ar\/sitio\/wp-content\/uploads\/2025\/11\/ateneo-666x1000.jpeg 666w, https:\/\/inscastelli-cha.infd.edu.ar\/sitio\/wp-content\/uploads\/2025\/11\/ateneo-768x1153.jpeg 768w, https:\/\/inscastelli-cha.infd.edu.ar\/sitio\/wp-content\/uploads\/2025\/11\/ateneo-1023x1536.jpeg 1023w, https:\/\/inscastelli-cha.infd.edu.ar\/sitio\/wp-content\/uploads\/2025\/11\/ateneo.jpeg 1066w\" sizes=\"(max-width: 666px) 100vw, 666px\" \/><\/figure><div class=\"wp-block-media-text__content\">\n<p>Nuestro primer Ateneo de Pr\u00e1cticas Docentes del Profesorado de Educaci\u00f3n Tecnol\u00f3gica <br>Un espacio sencillo y lleno de humanidad donde las im\u00e1genes nos permitieron volver a recorrer las escuelas asociadas y reconocer lo que cada estudiante vivi\u00f3, sinti\u00f3 y aprendi\u00f3 en el camino.<br>Este Ateneo se gest\u00f3 al inicio del ciclo lectivo y hoy se materializ\u00f3 gracias al compromiso y la presencia de todos.<br>Esto nos permiti\u00f3 adquirir datos valiosos que nos ayudar\u00e1n a realizar una evaluaci\u00f3n formativa integral, orientando de manera precisa y eficaz las trayectorias de nuestros estudiantes.<\/p>\n<\/div><\/div>\n\n\n\n<div class=\"wp-block-media-text alignwide has-media-on-the-right is-stacked-on-mobile\"><div class=\"wp-block-media-text__content\">\n<p class=\"has-base-2-background-color has-background\">Estudiantes del Profesorado en Educaci\u00f3n Tecnol\u00f3gica realizaron una visita a la f\u00e1brica Equipos Agro Viales TBEH, en el marco de la Unidad Curricular \u201cTecnolog\u00eda de los Materiales\u201d.(Prof. S, Grogh)<br>Durante la actividad, pudieron recorrer las instalaciones, observar de cerca los procesos de producci\u00f3n y fabricaci\u00f3n, y conectar la teor\u00eda aprendida en clase con experiencias reales del campo productivo. &#x1f4a1;&#x1f527;<\/p>\n<\/div><figure class=\"wp-block-media-text__media\"><img decoding=\"async\" loading=\"lazy\" width=\"1280\" height=\"1280\" src=\"https:\/\/inscastelli-cha.infd.edu.ar\/sitio\/wp-content\/uploads\/2025\/10\/collage-tec.jpeg\" alt=\"\" class=\"wp-image-5100 size-full\" srcset=\"https:\/\/inscastelli-cha.infd.edu.ar\/sitio\/wp-content\/uploads\/2025\/10\/collage-tec.jpeg 1280w, https:\/\/inscastelli-cha.infd.edu.ar\/sitio\/wp-content\/uploads\/2025\/10\/collage-tec-1000x1000.jpeg 1000w, https:\/\/inscastelli-cha.infd.edu.ar\/sitio\/wp-content\/uploads\/2025\/10\/collage-tec-500x500.jpeg 500w, https:\/\/inscastelli-cha.infd.edu.ar\/sitio\/wp-content\/uploads\/2025\/10\/collage-tec-768x768.jpeg 768w\" sizes=\"(max-width: 1280px) 100vw, 1280px\" \/><\/figure><\/div>\n\n\n\n<hr class=\"wp-block-separator has-alpha-channel-opacity\"\/>\n\n\n\n<div class=\"wp-block-media-text alignwide\"><figure class=\"wp-block-media-text__media\"><img decoding=\"async\" loading=\"lazy\" width=\"707\" height=\"1000\" src=\"https:\/\/inscastelli-cha.infd.edu.ar\/sitio\/wp-content\/uploads\/2025\/10\/pinceladas-707x1000.jpeg\" alt=\"\" class=\"wp-image-5050 size-medium\" srcset=\"https:\/\/inscastelli-cha.infd.edu.ar\/sitio\/wp-content\/uploads\/2025\/10\/pinceladas-707x1000.jpeg 707w, https:\/\/inscastelli-cha.infd.edu.ar\/sitio\/wp-content\/uploads\/2025\/10\/pinceladas-768x1086.jpeg 768w, https:\/\/inscastelli-cha.infd.edu.ar\/sitio\/wp-content\/uploads\/2025\/10\/pinceladas-1086x1536.jpeg 1086w, https:\/\/inscastelli-cha.infd.edu.ar\/sitio\/wp-content\/uploads\/2025\/10\/pinceladas.jpeg 1131w\" sizes=\"(max-width: 707px) 100vw, 707px\" \/><\/figure><div class=\"wp-block-media-text__content\">\n<p class=\"has-base-background-color has-background\"><a href=\"https:\/\/www.instagram.com\/p\/DPWWA8mDoN1\/?img_index=5&amp;igsh=MWtzNTZ6MXVvM3Rlbg==\" target=\"_blank\" rel=\"noreferrer noopener\">En el marco de los festejos por los 50 a\u00f1os de nuestra prestigiosa casa de estudios: Intervenciones en las columnas pintando nuestras carreras.<\/a><\/p>\n<\/div><\/div>\n\n\n\n<hr class=\"wp-block-separator has-alpha-channel-opacity\"\/>\n\n\n\n<figure class=\"wp-block-gallery has-nested-images columns-default is-cropped wp-block-gallery-1 is-layout-flex\">\n<figure class=\"wp-block-image size-large\"><img decoding=\"async\" loading=\"lazy\" width=\"1280\" height=\"720\" data-id=\"5017\"  src=\"https:\/\/inscastelli-cha.infd.edu.ar\/sitio\/wp-content\/uploads\/2025\/10\/WhatsApp-Image-2025-10-14-at-21.43.40.jpeg\" alt=\"\" class=\"wp-image-5017\" srcset=\"https:\/\/inscastelli-cha.infd.edu.ar\/sitio\/wp-content\/uploads\/2025\/10\/WhatsApp-Image-2025-10-14-at-21.43.40.jpeg 1280w, https:\/\/inscastelli-cha.infd.edu.ar\/sitio\/wp-content\/uploads\/2025\/10\/WhatsApp-Image-2025-10-14-at-21.43.40-1000x563.jpeg 1000w, https:\/\/inscastelli-cha.infd.edu.ar\/sitio\/wp-content\/uploads\/2025\/10\/WhatsApp-Image-2025-10-14-at-21.43.40-768x432.jpeg 768w\" sizes=\"(max-width: 1280px) 100vw, 1280px\" \/><\/figure>\n\n\n\n<figure class=\"wp-block-image size-large\"><img decoding=\"async\" loading=\"lazy\" width=\"1280\" height=\"720\" data-id=\"5016\"  src=\"https:\/\/inscastelli-cha.infd.edu.ar\/sitio\/wp-content\/uploads\/2025\/10\/WhatsApp-Image-2025-10-14-at-21.45.08.jpeg\" alt=\"\" class=\"wp-image-5016\" srcset=\"https:\/\/inscastelli-cha.infd.edu.ar\/sitio\/wp-content\/uploads\/2025\/10\/WhatsApp-Image-2025-10-14-at-21.45.08.jpeg 1280w, https:\/\/inscastelli-cha.infd.edu.ar\/sitio\/wp-content\/uploads\/2025\/10\/WhatsApp-Image-2025-10-14-at-21.45.08-1000x563.jpeg 1000w, https:\/\/inscastelli-cha.infd.edu.ar\/sitio\/wp-content\/uploads\/2025\/10\/WhatsApp-Image-2025-10-14-at-21.45.08-768x432.jpeg 768w\" sizes=\"(max-width: 1280px) 100vw, 1280px\" \/><\/figure>\n\n\n\n<figure class=\"wp-block-image size-large\"><img decoding=\"async\" loading=\"lazy\" width=\"1280\" height=\"720\" data-id=\"5018\"  src=\"https:\/\/inscastelli-cha.infd.edu.ar\/sitio\/wp-content\/uploads\/2025\/10\/WhatsApp-Image-2025-10-14-at-21.43.41.jpeg\" alt=\"\" class=\"wp-image-5018\" srcset=\"https:\/\/inscastelli-cha.infd.edu.ar\/sitio\/wp-content\/uploads\/2025\/10\/WhatsApp-Image-2025-10-14-at-21.43.41.jpeg 1280w, https:\/\/inscastelli-cha.infd.edu.ar\/sitio\/wp-content\/uploads\/2025\/10\/WhatsApp-Image-2025-10-14-at-21.43.41-1000x563.jpeg 1000w, https:\/\/inscastelli-cha.infd.edu.ar\/sitio\/wp-content\/uploads\/2025\/10\/WhatsApp-Image-2025-10-14-at-21.43.41-768x432.jpeg 768w\" sizes=\"(max-width: 1280px) 100vw, 1280px\" \/><\/figure>\n<\/figure>\n\n\n\n<p>En el mes de los Jardines, Nivel Inicial presente en la plaza de la ciudad!<\/p>\n\n\n\n<hr class=\"wp-block-separator has-alpha-channel-opacity\"\/>\n\n\n\n<p>2024<\/p>\n\n\n\n<div class=\"wp-block-columns is-layout-flex wp-container-6\">\n<div class=\"wp-block-column is-layout-flow\">\n<p><em>Muestra Profesorado de Qu\u00edmica suspendido&#8230;<\/em><\/p>\n\n\n\n<figure class=\"wp-block-image size-full\"><img decoding=\"async\" loading=\"lazy\" width=\"904\" height=\"1280\" src=\"https:\/\/inscastelli-cha.infd.edu.ar\/sitio\/wp-content\/uploads\/2024\/11\/WhatsApp-Image-2024-11-17-at-16.42.23-2.jpeg\" alt=\"\" class=\"wp-image-4711\" srcset=\"https:\/\/inscastelli-cha.infd.edu.ar\/sitio\/wp-content\/uploads\/2024\/11\/WhatsApp-Image-2024-11-17-at-16.42.23-2.jpeg 904w, https:\/\/inscastelli-cha.infd.edu.ar\/sitio\/wp-content\/uploads\/2024\/11\/WhatsApp-Image-2024-11-17-at-16.42.23-2-706x1000.jpeg 706w, https:\/\/inscastelli-cha.infd.edu.ar\/sitio\/wp-content\/uploads\/2024\/11\/WhatsApp-Image-2024-11-17-at-16.42.23-2-768x1087.jpeg 768w\" sizes=\"(max-width: 904px) 100vw, 904px\" \/><\/figure>\n<\/div>\n\n\n\n<div class=\"wp-block-column is-layout-flow\">\n<p><em>Estudiantes de 2\u00b0 a\u00f1o del Profesorado de Educaci\u00f3n Tecnol\u00f3gica a cargo de taller de I:A, Rob\u00f3tica y Programaci\u00f3n visitan Pio XII, nivel medio.<\/em><\/p>\n\n\n\n<figure class=\"wp-block-image size-full\"><img decoding=\"async\" loading=\"lazy\" width=\"720\" height=\"1119\" src=\"https:\/\/inscastelli-cha.infd.edu.ar\/sitio\/wp-content\/uploads\/2024\/11\/WhatsApp-Image-2024-11-19-at-12.40.39-1.jpeg\" alt=\"\" class=\"wp-image-4712\" srcset=\"https:\/\/inscastelli-cha.infd.edu.ar\/sitio\/wp-content\/uploads\/2024\/11\/WhatsApp-Image-2024-11-19-at-12.40.39-1.jpeg 720w, https:\/\/inscastelli-cha.infd.edu.ar\/sitio\/wp-content\/uploads\/2024\/11\/WhatsApp-Image-2024-11-19-at-12.40.39-1-643x1000.jpeg 643w\" sizes=\"(max-width: 720px) 100vw, 720px\" \/><\/figure>\n<\/div>\n\n\n\n<div class=\"wp-block-column is-layout-flow\">\n<p>Muestra anual Profesorado de Teatro.<\/p>\n\n\n\n<figure class=\"wp-block-image size-full\"><img decoding=\"async\" loading=\"lazy\" width=\"904\" height=\"1280\" src=\"https:\/\/inscastelli-cha.infd.edu.ar\/sitio\/wp-content\/uploads\/2024\/11\/WhatsApp-Image-2024-11-19-at-22.40.02-1.jpeg\" alt=\"\" class=\"wp-image-4713\" srcset=\"https:\/\/inscastelli-cha.infd.edu.ar\/sitio\/wp-content\/uploads\/2024\/11\/WhatsApp-Image-2024-11-19-at-22.40.02-1.jpeg 904w, https:\/\/inscastelli-cha.infd.edu.ar\/sitio\/wp-content\/uploads\/2024\/11\/WhatsApp-Image-2024-11-19-at-22.40.02-1-706x1000.jpeg 706w, https:\/\/inscastelli-cha.infd.edu.ar\/sitio\/wp-content\/uploads\/2024\/11\/WhatsApp-Image-2024-11-19-at-22.40.02-1-768x1087.jpeg 768w\" sizes=\"(max-width: 904px) 100vw, 904px\" \/><\/figure>\n<\/div>\n<\/div>\n\n\n\n<p><\/p>\n\n\n\n<div class=\"wp-block-columns is-layout-flex wp-container-10\">\n<div class=\"wp-block-column is-layout-flow\">\n<p>Consejo Directivo <br data-rich-text-line-break=\"true\">Reuni\u00f3n 26 de noviembre<\/p>\n\n\n\n<figure class=\"wp-block-image size-full\"><img decoding=\"async\" loading=\"lazy\" width=\"720\" height=\"720\" src=\"https:\/\/inscastelli-cha.infd.edu.ar\/sitio\/wp-content\/uploads\/2024\/12\/WhatsApp-Image-2024-12-12-at-07.21.38.jpeg\" alt=\"\" class=\"wp-image-4795\" srcset=\"https:\/\/inscastelli-cha.infd.edu.ar\/sitio\/wp-content\/uploads\/2024\/12\/WhatsApp-Image-2024-12-12-at-07.21.38.jpeg 720w, https:\/\/inscastelli-cha.infd.edu.ar\/sitio\/wp-content\/uploads\/2024\/12\/WhatsApp-Image-2024-12-12-at-07.21.38-500x500.jpeg 500w\" sizes=\"(max-width: 720px) 100vw, 720px\" \/><\/figure>\n<\/div>\n\n\n\n<div class=\"wp-block-column is-layout-flow\"><\/div>\n\n\n\n<div class=\"wp-block-column is-layout-flow\"><\/div>\n<\/div>\n\n\n\n<p><\/p>\n","protected":false},"excerpt":{"rendered":"<p>2026 INSCRIPCI\u00d3N INTERINATOS Y SUPLENCIAS PERIODO B 2026 2025 Festejos Bodas de Oro: Medio siglo de historia, formando generaciones, cambiando futuros\u20261975\/2025. Nuestro primer Ateneo de Pr\u00e1cticas Docentes del Profesorado de Educaci\u00f3n Tecnol\u00f3gica Un espacio sencillo y lleno de humanidad donde las im\u00e1genes nos permitieron volver a recorrer las escuelas asociadas y reconocer lo que cada &#8230; <a title=\"Novedades IES\" class=\"read-more\" href=\"https:\/\/inscastelli-cha.infd.edu.ar\/sitio\/novedades\/\" aria-label=\"More on Novedades IES\">[+]<\/a><\/p>\n","protected":false},"author":283,"featured_media":0,"parent":0,"menu_order":0,"comment_status":"closed","ping_status":"closed","template":"","meta":[],"acf":[],"_links":{"self":[{"href":"https:\/\/inscastelli-cha.infd.edu.ar\/sitio\/wp-json\/wp\/v2\/pages\/864"}],"collection":[{"href":"https:\/\/inscastelli-cha.infd.edu.ar\/sitio\/wp-json\/wp\/v2\/pages"}],"about":[{"href":"https:\/\/inscastelli-cha.infd.edu.ar\/sitio\/wp-json\/wp\/v2\/types\/page"}],"author":[{"embeddable":true,"href":"https:\/\/inscastelli-cha.infd.edu.ar\/sitio\/wp-json\/wp\/v2\/users\/283"}],"replies":[{"embeddable":true,"href":"https:\/\/inscastelli-cha.infd.edu.ar\/sitio\/wp-json\/wp\/v2\/comments?post=864"}],"version-history":[{"count":12,"href":"https:\/\/inscastelli-cha.infd.edu.ar\/sitio\/wp-json\/wp\/v2\/pages\/864\/revisions"}],"predecessor-version":[{"id":5245,"href":"https:\/\/inscastelli-cha.infd.edu.ar\/sitio\/wp-json\/wp\/v2\/pages\/864\/revisions\/5245"}],"wp:attachment":[{"href":"https:\/\/inscastelli-cha.infd.edu.ar\/sitio\/wp-json\/wp\/v2\/media?parent=864"}],"curies":[{"name":"wp","href":"https:\/\/api.w.org\/{rel}","templated":true}]}}